{"id":82,"date":"2020-05-07T10:41:23","date_gmt":"2020-05-07T10:41:23","guid":{"rendered":"https:\/\/cariera.co\/new\/?page_id=82"},"modified":"2020-05-07T10:41:23","modified_gmt":"2020-05-07T10:41:23","slug":"job-list-4","status":"publish","type":"page","link":"https:\/\/stafimy.com\/tr\/job-list-4\/","title":{"rendered":"Job List 4"},"content":{"rendered":"\t\t<div data-elementor-type=\"wp-page\" data-elementor-id=\"82\" class=\"elementor elementor-82\" data-elementor-post-type=\"page\">\n\t\t\t\t\t\t<section class=\"elementor-section elementor-top-section elementor-element elementor-element-7bf3690 elementor-section-boxed elementor-section-height-default elementor-section-height-default\" data-id=\"7bf3690\" data-element_type=\"section\">\n\t\t\t\t\t\t<div class=\"elementor-container elementor-column-gap-default\">\n\t\t\t\t\t<div class=\"elementor-column elementor-col-100 elementor-top-column elementor-element elementor-element-726aa6e\" data-id=\"726aa6e\" data-element_type=\"column\">\n\t\t\t<div class=\"elementor-widget-wrap elementor-element-populated\">\n\t\t\t\t\t\t<div class=\"elementor-element elementor-element-15eb4ef elementor-widget elementor-widget-job_board\" data-id=\"15eb4ef\" data-element_type=\"widget\" data-widget_type=\"job_board.default\">\n\t\t\t\t<div class=\"elementor-widget-container\">\n\t\t\t\t\t<div class=\"job_listings\" data-job_layout=\"_list\" data-job_version=\"4\" data-location=\"\" data-keywords=\"\" data-show_filters=\"true\" data-show_pagination=\"false\" data-per_page=\"6\" data-orderby=\"featured\" data-order=\"DESC\" data-categories=\"\" data-disable-form-state-storage=\"\" data-post_id=\"82\" >\r\n<form class=\"job_filters\">\r\n\t\r\n\t<div class=\"search_jobs\">\r\n\t\t\r\n\t\t<div class=\"search_keywords\">\r\n\t\t\t<label for=\"search_keywords\">Keywords<\/label>\r\n\t\t\t<input type=\"text\" name=\"search_keywords\" id=\"search_keywords\" placeholder=\"Keywords\" value=\"\" \/>\r\n\t\t<\/div>\r\n\r\n\t\t<div class=\"search_location\">\r\n\t\t\t<label for=\"search_location\">Location<\/label>\r\n\t\t\t<input type=\"text\" name=\"search_location\" id=\"search_location\" placeholder=\"Location\" value=\"\" \/>\r\n\t\t\t<div class=\"geolocation\"><i class=\"geolocate\"><\/i><\/div>\r\n\t\t<\/div>\r\n\r\n\t\t\r\n\t\t<!-- <div style=\"clear: both\"><\/div> -->\r\n\r\n\t\t\t\t\t<div class=\"search_categories\">\r\n\t\t\t\t<label for=\"search_categories\">Category<\/label>\r\n\t\t\t\t\t\t\t\t\t<select name='search_categories[]' id='search_categories' class='cariera-select2-search'  data-placeholder='Kategori se\u00e7&hellip;' data-no_results_text='Herhangi Bir E\u015fle\u015fme Bulunamad\u0131' data-multiple_text='Baz\u0131 Ayarlar\u0131 Se\u00e7in'>\n<option value=\"\">Any category<\/option>\t<option class=\"level-0\" value=\"170\">Administration \/ Secretarial<\/option>\n\t<option class=\"level-0\" value=\"47\">Banking<\/option>\n\t<option class=\"level-0\" value=\"171\">Customer Service<\/option>\n\t<option class=\"level-0\" value=\"56\">Design &amp; Art<\/option>\n\t<option class=\"level-0\" value=\"168\">Finance \/ Accounting<\/option>\n\t<option class=\"level-0\" value=\"70\">Health Care<\/option>\n\t<option class=\"level-0\" value=\"172\">HR \/ Recruitment<\/option>\n\t<option class=\"level-0\" value=\"75\">IT &amp; Technology<\/option>\n\t<option class=\"level-0\" value=\"80\">Management<\/option>\n\t<option class=\"level-0\" value=\"82\">Marketing<\/option>\n\t<option class=\"level-0\" value=\"167\">Project \/ Programme<\/option>\n\t<option class=\"level-0\" value=\"91\">Real Estate<\/option>\n\t<option class=\"level-0\" value=\"173\">Research \/ Academic<\/option>\n\t<option class=\"level-0\" value=\"95\">Sales<\/option>\n\t<option class=\"level-0\" value=\"169\">Supply Chain \/ Logistics<\/option>\n\t<option class=\"level-0\" value=\"102\">Teaching<\/option>\n<\/select>\n\t\t\t\t\t\t\t<\/div>\r\n\t\t\r\n\t\t<div class=\"advanced-search-btn\"><a href=\"#\" id=\"advance-search\">Advanced Search<\/a><\/div><div class=\"advanced-search-filters\">            <div class=\"search_salary_min\">\r\n                <label for=\"search_salary_min\">Minimum Salary<\/label>\r\n                <input type=\"text\" class=\"job-manager-filter\" name=\"search_salary_min\" placeholder=\"Search Salary Min\">\r\n            <\/div>\r\n\r\n            <div class=\"search_salary_max\">\r\n                <label for=\"search_salary_max\">Maximum Salary<\/label>\r\n                <input type=\"text\" class=\"job-manager-filter\" name=\"search_salary_max\" placeholder=\"Search Salary Max\">\r\n            <\/div>\r\n                    <div class=\"search_rate_min\">\r\n                <label for=\"search_rate_min\">Minimum Rate<\/label>\r\n                <input type=\"text\" class=\"job-manager-filter\" name=\"search_rate_min\" placeholder=\"Search Rate Min\">\r\n            <\/div>\r\n\r\n            <div class=\"search_rate_max\">\r\n                <label for=\"search_rate_max\">Maximum Rate<\/label>\r\n                <input type=\"text\" class=\"job-manager-filter\" name=\"search_rate_max\" placeholder=\"Search Rate Max\">\r\n            <\/div>\r\n        <\/div><div class=\"filter_wide filter_by_tag\">Etikete g\u00f6re filtrele: <span class=\"filter_by_tag_cloud\"><\/span><\/div>        \r\n        \r\n        \t<\/div>\r\n\r\n\t\r\n\t<ul class=\"job_types\">\r\n\t\t\t\t\t<li>\r\n                <div class=\"checkbox\">\r\n                    <input type=\"checkbox\" name=\"filter_job_type[]\" value=\"freelance\"  checked='checked' id=\"job_type_freelance\" \/>\r\n                    <label for=\"job_type_freelance\" class=\"job_type_label freelance\">Freelance<\/label>\r\n                <\/div>\r\n            <\/li>\r\n\t\t\t\t\t<li>\r\n                <div class=\"checkbox\">\r\n                    <input type=\"checkbox\" name=\"filter_job_type[]\" value=\"full-time\"  checked='checked' id=\"job_type_full-time\" \/>\r\n                    <label for=\"job_type_full-time\" class=\"job_type_label full-time\">Full Time<\/label>\r\n                <\/div>\r\n            <\/li>\r\n\t\t\t\t\t<li>\r\n                <div class=\"checkbox\">\r\n                    <input type=\"checkbox\" name=\"filter_job_type[]\" value=\"internship\"  checked='checked' id=\"job_type_internship\" \/>\r\n                    <label for=\"job_type_internship\" class=\"job_type_label internship\">Internship<\/label>\r\n                <\/div>\r\n            <\/li>\r\n\t\t\t\t\t<li>\r\n                <div class=\"checkbox\">\r\n                    <input type=\"checkbox\" name=\"filter_job_type[]\" value=\"part-time\"  checked='checked' id=\"job_type_part-time\" \/>\r\n                    <label for=\"job_type_part-time\" class=\"job_type_label part-time\">Part Time<\/label>\r\n                <\/div>\r\n            <\/li>\r\n\t\t\t\t\t<li>\r\n                <div class=\"checkbox\">\r\n                    <input type=\"checkbox\" name=\"filter_job_type[]\" value=\"temporary\"  checked='checked' id=\"job_type_temporary\" \/>\r\n                    <label for=\"job_type_temporary\" class=\"job_type_label temporary\">Temporary<\/label>\r\n                <\/div>\r\n            <\/li>\r\n\t\t\t<\/ul>\r\n\t<input type=\"hidden\" name=\"filter_job_type[]\" value=\"\" \/>\r\n<div class=\"showing_jobs\"><\/div><\/form>\r\n\r\n\r\n<noscript>Your browser does not support JavaScript, or it is disabled. JavaScript must be enabled in order to view listings.<\/noscript>\r\n<ul class=\"job_listings job-listings-main job_list row\"><\/ul>\r\n\r\n<!-- Listing Loader -->\r\n<div class=\"listing-loader\"><div><\/div><\/div><div class=\"col-md-12 text-center\"><a class=\"load_more_jobs btn btn-main btn-effect mt40\" href=\"#\" style=\"display:none;\">Load more listings<\/a><\/div><\/div>\t\t\t\t<\/div>\n\t\t\t\t<\/div>\n\t\t\t\t\t<\/div>\n\t\t<\/div>\n\t\t\t\t\t<\/div>\n\t\t<\/section>\n\t\t\t\t<\/div>\n\t\t","protected":false},"excerpt":{"rendered":"<p>Keywords Location Category Any categoryBankingDesign &amp; ArtHealth CareIT EngineerManagementMarketingReal EstateSalesTeaching Advanced Search Minimum Salary Maximum Salary Minimum Rate Maximum Rate Filter by tag: Freelance Full Time Internship Part Time Temporary Your browser does not support JavaScript, or it is disabled. JavaScript must be enabled in order to view listings. Load more listings<\/p>\n","protected":false},"author":1,"featured_media":0,"parent":0,"menu_order":0,"comment_status":"closed","ping_status":"closed","template":"","meta":{"_monsterinsights_skip_tracking":false,"_monsterinsights_sitenote_active":false,"_monsterinsights_sitenote_note":"","_monsterinsights_sitenote_category":0,"footnotes":""},"class_list":["post-82","page","type-page","status-publish","hentry"],"translation":{"provider":"WPGlobus","version":"3.0.0","language":"tr","enabled_languages":["en","tr","ar","ru"],"languages":{"en":{"title":true,"content":true,"excerpt":false},"tr":{"title":false,"content":false,"excerpt":false},"ar":{"title":false,"content":false,"excerpt":false},"ru":{"title":false,"content":false,"excerpt":false}}},"yoast_head":"<!-- This site is optimized with the Yoast SEO plugin v25.1 - https:\/\/yoast.com\/wordpress\/plugins\/seo\/ -->\n<title>Job List 4 - Stafimy<\/title>\n<meta name=\"robots\" content=\"index, follow, max-snippet:-1, max-image-preview:large, max-video-preview:-1\" \/>\n<link rel=\"canonical\" href=\"https:\/\/stafimy.com\/job-list-4\/\" \/>\n<meta property=\"og:locale\" content=\"tr_TR\" \/>\n<meta property=\"og:type\" content=\"article\" \/>\n<meta property=\"og:title\" content=\"Job List 4 - Stafimy\" \/>\n<meta property=\"og:url\" content=\"https:\/\/stafimy.com\/job-list-4\/\" \/>\n<meta property=\"og:site_name\" content=\"Stafimy\" \/>\n<meta name=\"twitter:card\" content=\"summary_large_image\" \/>\n<script type=\"application\/ld+json\" class=\"yoast-schema-graph\">{\"@context\":\"https:\/\/schema.org\",\"@graph\":[{\"@type\":\"WebPage\",\"@id\":\"https:\/\/stafimy.com\/job-list-4\/\",\"url\":\"https:\/\/stafimy.com\/job-list-4\/\",\"name\":\"Job List 4 - Stafimy\",\"isPartOf\":{\"@id\":\"https:\/\/stafimy.com\/#website\"},\"datePublished\":\"2020-05-07T10:41:23+00:00\",\"breadcrumb\":{\"@id\":\"https:\/\/stafimy.com\/job-list-4\/#breadcrumb\"},\"inLanguage\":\"tr\",\"potentialAction\":[{\"@type\":\"ReadAction\",\"target\":[\"https:\/\/stafimy.com\/job-list-4\/\"]}]},{\"@type\":\"BreadcrumbList\",\"@id\":\"https:\/\/stafimy.com\/job-list-4\/#breadcrumb\",\"itemListElement\":[{\"@type\":\"ListItem\",\"position\":1,\"name\":\"Home\",\"item\":\"https:\/\/stafimy.com\/\"},{\"@type\":\"ListItem\",\"position\":2,\"name\":\"Job List 4\"}]},{\"@type\":\"WebSite\",\"@id\":\"https:\/\/stafimy.com\/#website\",\"url\":\"https:\/\/stafimy.com\/\",\"name\":\"Stafimy\",\"description\":\"Stafimy\",\"publisher\":{\"@id\":\"https:\/\/stafimy.com\/#organization\"},\"potentialAction\":[{\"@type\":\"SearchAction\",\"target\":{\"@type\":\"EntryPoint\",\"urlTemplate\":\"https:\/\/stafimy.com\/?s={search_term_string}\"},\"query-input\":{\"@type\":\"PropertyValueSpecification\",\"valueRequired\":true,\"valueName\":\"search_term_string\"}}],\"inLanguage\":\"tr\"},{\"@type\":\"Organization\",\"@id\":\"https:\/\/stafimy.com\/#organization\",\"name\":\"Stafimy\",\"url\":\"https:\/\/stafimy.com\/\",\"logo\":{\"@type\":\"ImageObject\",\"inLanguage\":\"tr\",\"@id\":\"https:\/\/stafimy.com\/#\/schema\/logo\/image\/\",\"url\":\"https:\/\/stafimy.com\/wp-content\/uploads\/2021\/09\/stafimy-8.png\",\"contentUrl\":\"https:\/\/stafimy.com\/wp-content\/uploads\/2021\/09\/stafimy-8.png\",\"width\":500,\"height\":500,\"caption\":\"Stafimy\"},\"image\":{\"@id\":\"https:\/\/stafimy.com\/#\/schema\/logo\/image\/\"}}]}<\/script>\n<!-- \/ Yoast SEO plugin. -->","yoast_head_json":{"title":"Job List 4 - Stafimy","robots":{"index":"index","follow":"follow","max-snippet":"max-snippet:-1","max-image-preview":"max-image-preview:large","max-video-preview":"max-video-preview:-1"},"canonical":"https:\/\/stafimy.com\/job-list-4\/","og_locale":"tr_TR","og_type":"article","og_title":"Job List 4 - Stafimy","og_url":"https:\/\/stafimy.com\/job-list-4\/","og_site_name":"Stafimy","twitter_card":"summary_large_image","schema":{"@context":"https:\/\/schema.org","@graph":[{"@type":"WebPage","@id":"https:\/\/stafimy.com\/job-list-4\/","url":"https:\/\/stafimy.com\/job-list-4\/","name":"Job List 4 - Stafimy","isPartOf":{"@id":"https:\/\/stafimy.com\/#website"},"datePublished":"2020-05-07T10:41:23+00:00","breadcrumb":{"@id":"https:\/\/stafimy.com\/job-list-4\/#breadcrumb"},"inLanguage":"tr","potentialAction":[{"@type":"ReadAction","target":["https:\/\/stafimy.com\/job-list-4\/"]}]},{"@type":"BreadcrumbList","@id":"https:\/\/stafimy.com\/job-list-4\/#breadcrumb","itemListElement":[{"@type":"ListItem","position":1,"name":"Home","item":"https:\/\/stafimy.com\/"},{"@type":"ListItem","position":2,"name":"Job List 4"}]},{"@type":"WebSite","@id":"https:\/\/stafimy.com\/#website","url":"https:\/\/stafimy.com\/","name":"Stafimy","description":"Stafimy","publisher":{"@id":"https:\/\/stafimy.com\/#organization"},"potentialAction":[{"@type":"SearchAction","target":{"@type":"EntryPoint","urlTemplate":"https:\/\/stafimy.com\/?s={search_term_string}"},"query-input":{"@type":"PropertyValueSpecification","valueRequired":true,"valueName":"search_term_string"}}],"inLanguage":"tr"},{"@type":"Organization","@id":"https:\/\/stafimy.com\/#organization","name":"Stafimy","url":"https:\/\/stafimy.com\/","logo":{"@type":"ImageObject","inLanguage":"tr","@id":"https:\/\/stafimy.com\/#\/schema\/logo\/image\/","url":"https:\/\/stafimy.com\/wp-content\/uploads\/2021\/09\/stafimy-8.png","contentUrl":"https:\/\/stafimy.com\/wp-content\/uploads\/2021\/09\/stafimy-8.png","width":500,"height":500,"caption":"Stafimy"},"image":{"@id":"https:\/\/stafimy.com\/#\/schema\/logo\/image\/"}}]}},"_links":{"self":[{"href":"https:\/\/stafimy.com\/tr\/wp-json\/wp\/v2\/pages\/82","targetHints":{"allow":["GET"]}}],"collection":[{"href":"https:\/\/stafimy.com\/tr\/wp-json\/wp\/v2\/pages"}],"about":[{"href":"https:\/\/stafimy.com\/tr\/wp-json\/wp\/v2\/types\/page"}],"author":[{"embeddable":true,"href":"https:\/\/stafimy.com\/tr\/wp-json\/wp\/v2\/users\/1"}],"replies":[{"embeddable":true,"href":"https:\/\/stafimy.com\/tr\/wp-json\/wp\/v2\/comments?post=82"}],"version-history":[{"count":0,"href":"https:\/\/stafimy.com\/tr\/wp-json\/wp\/v2\/pages\/82\/revisions"}],"wp:attachment":[{"href":"https:\/\/stafimy.com\/tr\/wp-json\/wp\/v2\/media?parent=82"}],"curies":[{"name":"wp","href":"https:\/\/api.w.org\/{rel}","templated":true}]}}