{"id":5158,"date":"2021-09-01T12:50:09","date_gmt":"2021-09-01T09:50:09","guid":{"rendered":"https:\/\/stafimy.com\/?page_id=5158"},"modified":"2023-07-18T21:10:12","modified_gmt":"2023-07-18T18:10:12","slug":"contact","status":"publish","type":"page","link":"https:\/\/stafimy.com\/tr\/contact\/","title":{"rendered":"\u0130leti\u015fim"},"content":{"rendered":"<h4><b> \u0130LET\u0130\u015e\u0130M <\/b><\/h4>\n<p>T\u00fcm Sorular\u0131n\u0131z i\u00e7in<br style=\"font-family: 'Merriweather Sans', sans-serif;\" \/><a href=\"mailto:ask@stafimy.com\">ask@stafimy.com<\/a><\/p>\n<p>Destek i\u00e7in <br \/><a href=\"mailto:destek@stafimy.com\">destek@stafimy.com<\/a><\/p>\n<p>Ortakl\u0131k Talepleriniz i\u00e7in<br \/><a href=\"mailto:isbirligi@stafimy.com\">isbirligi@stafimy.com<\/a><\/p>\n","protected":false},"excerpt":{"rendered":"<p>\u0130LET\u0130\u015e\u0130M T\u00fcm Sorular\u0131n\u0131z i\u00e7inask@stafimy.com Destek i\u00e7in destek@stafimy.com Ortakl\u0131k Talepleriniz i\u00e7inisbirligi@stafimy.com<\/p>\n","protected":false},"author":1,"featured_media":0,"parent":0,"menu_order":0,"comment_status":"closed","ping_status":"closed","template":"elementor_header_footer","meta":{"_monsterinsights_skip_tracking":false,"_monsterinsights_sitenote_active":false,"_monsterinsights_sitenote_note":"","_monsterinsights_sitenote_category":0,"footnotes":""},"class_list":["post-5158","page","type-page","status-publish","hentry"],"translation":{"provider":"WPGlobus","version":"3.0.0","language":"tr","enabled_languages":["en","tr","ar","ru"],"languages":{"en":{"title":true,"content":true,"excerpt":false},"tr":{"title":true,"content":true,"excerpt":false},"ar":{"title":false,"content":true,"excerpt":false},"ru":{"title":false,"content":false,"excerpt":false}}},"yoast_head":"<!-- This site is optimized with the Yoast SEO plugin v25.1 - https:\/\/yoast.com\/wordpress\/plugins\/seo\/ -->\n<title>\u0130leti\u015fim - Stafimy<\/title>\n<meta name=\"robots\" content=\"index, follow, max-snippet:-1, max-image-preview:large, max-video-preview:-1\" \/>\n<link rel=\"canonical\" href=\"https:\/\/stafimy.com\/contact\/\" \/>\n<meta property=\"og:locale\" content=\"tr_TR\" \/>\n<meta property=\"og:type\" content=\"article\" \/>\n<meta property=\"og:title\" content=\"\u0130leti\u015fim - Stafimy\" \/>\n<meta property=\"og:url\" content=\"https:\/\/stafimy.com\/contact\/\" \/>\n<meta property=\"og:site_name\" content=\"Stafimy\" \/>\n<meta property=\"article:modified_time\" content=\"2023-07-18T18:10:12+00:00\" \/>\n<meta name=\"twitter:card\" content=\"summary_large_image\" \/>\n<meta name=\"twitter:label1\" content=\"Tahmini okuma s\u00fcresi\" \/>\n\t<meta name=\"twitter:data1\" content=\"1 dakika\" \/>\n<script type=\"application\/ld+json\" class=\"yoast-schema-graph\">{\"@context\":\"https:\/\/schema.org\",\"@graph\":[{\"@type\":\"WebPage\",\"@id\":\"https:\/\/stafimy.com\/contact\/\",\"url\":\"https:\/\/stafimy.com\/contact\/\",\"name\":\"\u0130leti\u015fim - Stafimy\",\"isPartOf\":{\"@id\":\"https:\/\/stafimy.com\/#website\"},\"datePublished\":\"2021-09-01T09:50:09+00:00\",\"dateModified\":\"2023-07-18T18:10:12+00:00\",\"breadcrumb\":{\"@id\":\"https:\/\/stafimy.com\/contact\/#breadcrumb\"},\"inLanguage\":\"tr\",\"potentialAction\":[{\"@type\":\"ReadAction\",\"target\":[\"https:\/\/stafimy.com\/contact\/\"]}]},{\"@type\":\"BreadcrumbList\",\"@id\":\"https:\/\/stafimy.com\/contact\/#breadcrumb\",\"itemListElement\":[{\"@type\":\"ListItem\",\"position\":1,\"name\":\"Home\",\"item\":\"https:\/\/stafimy.com\/\"},{\"@type\":\"ListItem\",\"position\":2,\"name\":\"Contact\"}]},{\"@type\":\"WebSite\",\"@id\":\"https:\/\/stafimy.com\/#website\",\"url\":\"https:\/\/stafimy.com\/\",\"name\":\"Stafimy\",\"description\":\"Stafimy\",\"publisher\":{\"@id\":\"https:\/\/stafimy.com\/#organization\"},\"potentialAction\":[{\"@type\":\"SearchAction\",\"target\":{\"@type\":\"EntryPoint\",\"urlTemplate\":\"https:\/\/stafimy.com\/?s={search_term_string}\"},\"query-input\":{\"@type\":\"PropertyValueSpecification\",\"valueRequired\":true,\"valueName\":\"search_term_string\"}}],\"inLanguage\":\"tr\"},{\"@type\":\"Organization\",\"@id\":\"https:\/\/stafimy.com\/#organization\",\"name\":\"Stafimy\",\"url\":\"https:\/\/stafimy.com\/\",\"logo\":{\"@type\":\"ImageObject\",\"inLanguage\":\"tr\",\"@id\":\"https:\/\/stafimy.com\/#\/schema\/logo\/image\/\",\"url\":\"https:\/\/stafimy.com\/wp-content\/uploads\/2021\/09\/stafimy-8.png\",\"contentUrl\":\"https:\/\/stafimy.com\/wp-content\/uploads\/2021\/09\/stafimy-8.png\",\"width\":500,\"height\":500,\"caption\":\"Stafimy\"},\"image\":{\"@id\":\"https:\/\/stafimy.com\/#\/schema\/logo\/image\/\"}}]}<\/script>\n<!-- \/ Yoast SEO plugin. -->","yoast_head_json":{"title":"\u0130leti\u015fim - Stafimy","robots":{"index":"index","follow":"follow","max-snippet":"max-snippet:-1","max-image-preview":"max-image-preview:large","max-video-preview":"max-video-preview:-1"},"canonical":"https:\/\/stafimy.com\/contact\/","og_locale":"tr_TR","og_type":"article","og_title":"\u0130leti\u015fim - Stafimy","og_url":"https:\/\/stafimy.com\/contact\/","og_site_name":"Stafimy","article_modified_time":"2023-07-18T18:10:12+00:00","twitter_card":"summary_large_image","twitter_misc":{"Tahmini okuma s\u00fcresi":"1 dakika"},"schema":{"@context":"https:\/\/schema.org","@graph":[{"@type":"WebPage","@id":"https:\/\/stafimy.com\/contact\/","url":"https:\/\/stafimy.com\/contact\/","name":"\u0130leti\u015fim - Stafimy","isPartOf":{"@id":"https:\/\/stafimy.com\/#website"},"datePublished":"2021-09-01T09:50:09+00:00","dateModified":"2023-07-18T18:10:12+00:00","breadcrumb":{"@id":"https:\/\/stafimy.com\/contact\/#breadcrumb"},"inLanguage":"tr","potentialAction":[{"@type":"ReadAction","target":["https:\/\/stafimy.com\/contact\/"]}]},{"@type":"BreadcrumbList","@id":"https:\/\/stafimy.com\/contact\/#breadcrumb","itemListElement":[{"@type":"ListItem","position":1,"name":"Home","item":"https:\/\/stafimy.com\/"},{"@type":"ListItem","position":2,"name":"Contact"}]},{"@type":"WebSite","@id":"https:\/\/stafimy.com\/#website","url":"https:\/\/stafimy.com\/","name":"Stafimy","description":"Stafimy","publisher":{"@id":"https:\/\/stafimy.com\/#organization"},"potentialAction":[{"@type":"SearchAction","target":{"@type":"EntryPoint","urlTemplate":"https:\/\/stafimy.com\/?s={search_term_string}"},"query-input":{"@type":"PropertyValueSpecification","valueRequired":true,"valueName":"search_term_string"}}],"inLanguage":"tr"},{"@type":"Organization","@id":"https:\/\/stafimy.com\/#organization","name":"Stafimy","url":"https:\/\/stafimy.com\/","logo":{"@type":"ImageObject","inLanguage":"tr","@id":"https:\/\/stafimy.com\/#\/schema\/logo\/image\/","url":"https:\/\/stafimy.com\/wp-content\/uploads\/2021\/09\/stafimy-8.png","contentUrl":"https:\/\/stafimy.com\/wp-content\/uploads\/2021\/09\/stafimy-8.png","width":500,"height":500,"caption":"Stafimy"},"image":{"@id":"https:\/\/stafimy.com\/#\/schema\/logo\/image\/"}}]}},"_links":{"self":[{"href":"https:\/\/stafimy.com\/tr\/wp-json\/wp\/v2\/pages\/5158","targetHints":{"allow":["GET"]}}],"collection":[{"href":"https:\/\/stafimy.com\/tr\/wp-json\/wp\/v2\/pages"}],"about":[{"href":"https:\/\/stafimy.com\/tr\/wp-json\/wp\/v2\/types\/page"}],"author":[{"embeddable":true,"href":"https:\/\/stafimy.com\/tr\/wp-json\/wp\/v2\/users\/1"}],"replies":[{"embeddable":true,"href":"https:\/\/stafimy.com\/tr\/wp-json\/wp\/v2\/comments?post=5158"}],"version-history":[{"count":0,"href":"https:\/\/stafimy.com\/tr\/wp-json\/wp\/v2\/pages\/5158\/revisions"}],"wp:attachment":[{"href":"https:\/\/stafimy.com\/tr\/wp-json\/wp\/v2\/media?parent=5158"}],"curies":[{"name":"wp","href":"https:\/\/api.w.org\/{rel}","templated":true}]}}