{"id":33,"date":"2020-05-07T10:24:34","date_gmt":"2020-05-07T10:24:34","guid":{"rendered":"https:\/\/cariera.co\/new\/?page_id=33"},"modified":"2023-03-25T11:53:42","modified_gmt":"2023-03-25T08:53:42","slug":"submit-company","status":"publish","type":"page","link":"https:\/\/stafimy.com\/tr\/submit-company\/","title":{"rendered":"\u0130\u015fveren Kayd\u0131"},"content":{"rendered":"\r\n\r\n<form action=\"\/tr\/wp-json\/wp\/v2\/pages\/33\" method=\"post\" id=\"submit-company-form\" class=\"job-manager-form\" enctype=\"multipart\/form-data\">\r\n    \r\n    <fieldset class=\"fieldset-login_required\">  \r\n\t\t<label class=\"account-sign-in-label\">Have an account?<\/label>\r\n        \r\n\t\t<div class=\"field account-sign-in\">\r\n            \r\n                            <p>\r\n                    If you don&#039;t have an account you can  create one below by entering your email address\/username.                <\/p>\r\n                        \r\n            <div class=\"button-wrapper\">\r\n                                    <a href=\"#login-register-popup\" class=\"popup-with-zoom-anim btn btn-main btn-effect\">\r\n                                    \r\n                Sign in<\/a>\r\n            <\/div>\r\n            \r\n\t\t<\/div>\r\n\t<\/fieldset>\r\n\r\n\r\n    \t\t\t<fieldset class=\"fieldset-create_account_username\">\r\n\t\t\t\t<label\r\n\t\t\t\t\tfor=\"create_account_username\">Username<\/label>\r\n\t\t\t\t<div class=\"field required-field\">\r\n\t\t\t\t\t<input type=\"text\" class=\"input-text\" name=\"create_account_username\" id=\"create_account_username\" placeholder=\"\" value=\"\" maxlength=\"\" required \/>\n\t\t\t\t<\/div>\r\n\t\t\t<\/fieldset>\r\n\t\t\t\t\t\t<fieldset class=\"fieldset-create_account_password\">\r\n\t\t\t\t<label\r\n\t\t\t\t\tfor=\"create_account_password\">Password<\/label>\r\n\t\t\t\t<div class=\"field required-field\">\r\n\t\t\t\t\t<input type=\"password\" class=\"input-text\" autocomplete=\"off\" name=\"create_account_password\" id=\"create_account_password\" placeholder=\"\" value=\"\" maxlength=\"\" required \/>\n<small class=\"description\">Parolalar en az 8 karakter uzunlu\u011funda olmal\u0131.<\/small>\t\t\t\t<\/div>\r\n\t\t\t<\/fieldset>\r\n\t\t\t\t\t\t<fieldset class=\"fieldset-create_account_password_verify\">\r\n\t\t\t\t<label\r\n\t\t\t\t\tfor=\"create_account_password_verify\">Verify Password<\/label>\r\n\t\t\t\t<div class=\"field required-field\">\r\n\t\t\t\t\t<input type=\"password\" class=\"input-text\" autocomplete=\"off\" name=\"create_account_password_verify\" id=\"create_account_password_verify\" placeholder=\"\" value=\"\" maxlength=\"\" required \/>\n\t\t\t\t<\/div>\r\n\t\t\t<\/fieldset>\r\n\t\t\t<div class=\"submit-job-box submit-job_company-info\"><h3 class=\"title\">Company Details<\/h3><div class=\"form-fields\">\t<fieldset class=\"fieldset-company_name fieldset-type-text cariera-company-manager-fieldset\">\r\n\t\t<label for=\"company_name\">Company Name<\/label>\r\n\t\t<div class=\"field\">\r\n\t\t\t<input type=\"text\" class=\"input-text\" name=\"company_name\" id=\"company_name\" placeholder=\"The full Company name\" value=\"\" maxlength=\"\" required \/>\n\t\t<\/div>\r\n\t<\/fieldset>\r\n\t<fieldset class=\"fieldset-company_website fieldset-type-text cariera-company-manager-fieldset\">\r\n\t\t<label for=\"company_website\">Company Website <small>(optional)<\/small><\/label>\r\n\t\t<div class=\"field\">\r\n\t\t\t<input type=\"text\" class=\"input-text\" name=\"company_website\" id=\"company_website\" placeholder=\"https:\/\/domain.com\" value=\"\" maxlength=\"\"  \/>\n\t\t<\/div>\r\n\t<\/fieldset>\r\n\t<fieldset class=\"fieldset-company_email fieldset-type-text cariera-company-manager-fieldset\">\r\n\t\t<label for=\"company_email\">Company Email<\/label>\r\n\t\t<div class=\"field\">\r\n\t\t\t<input type=\"text\" class=\"input-text\" name=\"company_email\" id=\"company_email\" placeholder=\"you@yourdomain.com\" value=\"\" maxlength=\"\" required \/>\n\t\t<\/div>\r\n\t<\/fieldset>\r\n\t<fieldset class=\"fieldset-company_phone fieldset-type-text cariera-company-manager-fieldset\">\r\n\t\t<label for=\"company_phone\">Company Contact Phone <small>(optional)<\/small><\/label>\r\n\t\t<div class=\"field\">\r\n\t\t\t<input type=\"text\" class=\"input-text\" name=\"company_phone\" id=\"company_phone\" placeholder=\"+1 (202) 555 0183\" value=\"\" maxlength=\"\"  \/>\n\t\t<\/div>\r\n\t<\/fieldset>\r\n\t<fieldset class=\"fieldset-company_location fieldset-type-text cariera-company-manager-fieldset\">\r\n\t\t<label for=\"company_location\">Location <small>(optional)<\/small><\/label>\r\n\t\t<div class=\"field\">\r\n\t\t\t<input type=\"text\" class=\"input-text\" name=\"company_location\" id=\"company_location\" placeholder=\"e.g. &quot;London, UK&quot;\" value=\"\" maxlength=\"\"  \/>\n\t\t<\/div>\r\n\t<\/fieldset>\r\n\t<fieldset class=\"fieldset-company_since fieldset-type-date cariera-company-manager-fieldset\">\r\n\t\t<label for=\"company_since\">Since <small>(optional)<\/small><\/label>\r\n\t\t<div class=\"field\">\r\n\t\t\t<input type=\"text\" class=\"input-date job-manager-datepicker\" name=\"company_since\" id=\"company_since\" placeholder=\"Established date\/year\" value=\"\"  \/>\n\t\t<\/div>\r\n\t<\/fieldset>\r\n\t<fieldset class=\"fieldset-company_category fieldset-type-term-multiselect cariera-company-manager-fieldset\">\r\n\t\t<label for=\"company_category\">Company category<\/label>\r\n\t\t<div class=\"field\">\r\n\t\t\t<select name='company_category[]' id='company_category' class='job-manager-category-dropdown ' multiple='multiple' data-placeholder='Kategori se\u00e7&hellip;' data-no_results_text='Herhangi Bir E\u015fle\u015fme Bulunamad\u0131' data-multiple_text='Baz\u0131 Ayarlar\u0131 Se\u00e7in'>\n\t<option class=\"level-0\" value=\"52\">Construction<\/option>\n\t<option class=\"level-0\" value=\"64\">Education<\/option>\n\t<option class=\"level-0\" value=\"69\">Health<\/option>\n\t<option class=\"level-0\" value=\"83\">Marketing<\/option>\n\t<option class=\"level-0\" value=\"162\">Non Profit Organization<\/option>\n\t<option class=\"level-0\" value=\"252\">Other<\/option>\n\t<option class=\"level-0\" value=\"96\">Sales<\/option>\n\t<option class=\"level-0\" value=\"98\">Software<\/option>\n\t<option class=\"level-0\" value=\"103\">Technology<\/option>\n<\/select>\n\t\t<\/div>\r\n\t<\/fieldset>\r\n\t<fieldset class=\"fieldset-company_team_size fieldset-type-term-select cariera-company-manager-fieldset\">\r\n\t\t<label for=\"company_team_size\">Company team size<\/label>\r\n\t\t<div class=\"field\">\r\n\t\t\t<select  name='company_team_size' id='company_team_size' class='cariera-select2'>\n\t<option class=\"level-0\" value=\"30\">1-10<\/option>\n\t<option class=\"level-0\" value=\"35\">101-200<\/option>\n\t<option class=\"level-0\" value=\"36\">11-50<\/option>\n\t<option class=\"level-0\" value=\"37\">200+<\/option>\n<\/select>\n\t\t<\/div>\r\n\t<\/fieldset>\r\n\t<fieldset class=\"fieldset-company_content fieldset-type-wp-editor cariera-company-manager-fieldset\">\r\n\t\t<label for=\"company_content\">Company Description<\/label>\r\n\t\t<div class=\"field\">\r\n\t\t\t<div id=\"wp-company_content-wrap\" class=\"wp-core-ui wp-editor-wrap tmce-active\"><link rel='stylesheet' id='dashicons-css' href='https:\/\/stafimy.com\/wp-includes\/css\/dashicons.min.css?ver=6.9.1' type='text\/css' media='all' \/>\n<link rel='stylesheet' id='editor-buttons-css' href='https:\/\/stafimy.com\/wp-includes\/css\/editor.min.css?ver=6.9.1' type='text\/css' media='all' \/>\n<style> .mce-top-part button { background-color: rgba(0,0,0,0.0) !important; } <\/style>\n<div id=\"wp-company_content-editor-container\" class=\"wp-editor-container\"><textarea class=\"wp-editor-area\" rows=\"8\" autocomplete=\"off\" cols=\"40\" name=\"company_content\" id=\"company_content\"><\/textarea><\/div>\n<\/div>\n\n\t\t<\/div>\r\n\t<\/fieldset>\r\n\t<fieldset class=\"fieldset-company_video fieldset-type-text cariera-company-manager-fieldset\">\r\n\t\t<label for=\"company_video\">Video <small>(optional)<\/small><\/label>\r\n\t\t<div class=\"field\">\r\n\t\t\t<input type=\"text\" class=\"input-text\" name=\"company_video\" id=\"company_video\" placeholder=\"A link to a video about the company\" value=\"\" maxlength=\"\"  \/>\n\t\t<\/div>\r\n\t<\/fieldset>\r\n\t<fieldset class=\"fieldset-company_facebook fieldset-type-text cariera-company-manager-fieldset\">\r\n\t\t<label for=\"company_facebook\">Facebook <small>(optional)<\/small><\/label>\r\n\t\t<div class=\"field\">\r\n\t\t\t<input type=\"text\" class=\"input-text\" name=\"company_facebook\" id=\"company_facebook\" placeholder=\"Facebook Page URL\" value=\"\" maxlength=\"\"  \/>\n\t\t<\/div>\r\n\t<\/fieldset>\r\n\t<fieldset class=\"fieldset-company_twitter fieldset-type-text cariera-company-manager-fieldset\">\r\n\t\t<label for=\"company_twitter\">Twitter <small>(optional)<\/small><\/label>\r\n\t\t<div class=\"field\">\r\n\t\t\t<input type=\"text\" class=\"input-text\" name=\"company_twitter\" id=\"company_twitter\" placeholder=\"Twitter URL\" value=\"\" maxlength=\"\"  \/>\n\t\t<\/div>\r\n\t<\/fieldset>\r\n\t<fieldset class=\"fieldset-company_linkedin fieldset-type-text cariera-company-manager-fieldset\">\r\n\t\t<label for=\"company_linkedin\">LinkedIn <small>(optional)<\/small><\/label>\r\n\t\t<div class=\"field\">\r\n\t\t\t<input type=\"text\" class=\"input-text\" name=\"company_linkedin\" id=\"company_linkedin\" placeholder=\"LinkedIn URL\" value=\"\" maxlength=\"\"  \/>\n\t\t<\/div>\r\n\t<\/fieldset>\r\n\t<fieldset class=\"fieldset-company_instagram fieldset-type-text cariera-company-manager-fieldset\">\r\n\t\t<label for=\"company_instagram\">Instagram <small>(optional)<\/small><\/label>\r\n\t\t<div class=\"field\">\r\n\t\t\t<input type=\"text\" class=\"input-text\" name=\"company_instagram\" id=\"company_instagram\" placeholder=\"Instagram URL\" value=\"\" maxlength=\"\"  \/>\n\t\t<\/div>\r\n\t<\/fieldset>\r\n\t<fieldset class=\"fieldset-company_logo fieldset-type-file cariera-company-manager-fieldset\">\r\n\t\t<label for=\"company_logo\">Logo <small>(optional)<\/small><\/label>\r\n\t\t<div class=\"field\">\r\n\t\t\t\r\n\r\n<div class=\"cariera-file-upload-field\">\r\n\t<input\r\n\t\ttype=\"file\"\r\n\t\tclass=\"input-text\"\r\n\t\tdata-file_types=\"jpg|jpeg|gif|png\"\r\n\t\t\t\t\t\t\t\tname=\"company_logo\"\r\n\t\tid=\"company_logo\"\r\n\t\tplaceholder=\"\"\r\n\t\/>\r\n\r\n\t<label class=\"upload-file\" for=\"company_logo\">\r\n\t\t<i class=\"fas fa-upload\"><\/i>\r\n\t\t<div class=\"upload-content\">Upload<\/div>\r\n\t<\/label>\r\n\r\n\t<div class=\"job-manager-uploaded-files\">\r\n\t\t\t<\/div>\r\n<\/div>\r\n\r\n<small class=\"description\">\r\n\t\t\tMaximum file size: 128 MB.\t<\/small>\t\t<\/div>\r\n\t<\/fieldset>\r\n\t<fieldset class=\"fieldset-company_header_image fieldset-type-file cariera-company-manager-fieldset\">\r\n\t\t<label for=\"company_header_image\">Cover Image <small>(optional)<\/small><\/label>\r\n\t\t<div class=\"field\">\r\n\t\t\t\r\n\r\n<div class=\"cariera-file-upload-field\">\r\n\t<input\r\n\t\ttype=\"file\"\r\n\t\tclass=\"input-text\"\r\n\t\tdata-file_types=\"jpg|jpeg|gif|png\"\r\n\t\t\t\t\t\t\t\tname=\"company_header_image\"\r\n\t\tid=\"company_header_image\"\r\n\t\tplaceholder=\"\"\r\n\t\/>\r\n\r\n\t<label class=\"upload-file\" for=\"company_header_image\">\r\n\t\t<i class=\"fas fa-upload\"><\/i>\r\n\t\t<div class=\"upload-content\">Upload<\/div>\r\n\t<\/label>\r\n\r\n\t<div class=\"job-manager-uploaded-files\">\r\n\t\t\t<\/div>\r\n<\/div>\r\n\r\n<small class=\"description\">\r\n\t\t\tThe cover image size should be max 1920x400px\t<\/small>\t\t<\/div>\r\n\t<\/fieldset>\r\n<\/div><\/div>\r\n        <div class=\"cariera-listing-submission\">\r\n            <div class=\"submission-progress\"><\/div>\r\n            <input type=\"hidden\" id=\"_wpnonce\" name=\"_wpnonce\" value=\"dd0ca0af8e\" \/><input type=\"hidden\" name=\"_wp_http_referer\" value=\"\/tr\/wp-json\/wp\/v2\/pages\/33\" \/>            <input type=\"hidden\" name=\"company_manager_form\" value=\"submit-company\" \/>\r\n            <input type=\"hidden\" name=\"company_id\" value=\"0\" \/>\r\n            <input type=\"hidden\" name=\"job_id\" value=\"0\" \/>\r\n            <input type=\"hidden\" name=\"step\" value=\"0\" \/>\r\n                        <input type=\"submit\" name=\"submit_company\" class=\"button\" value=\"Preview Company\" \/>\r\n        <\/div>\r\n\r\n    <\/form>\n","protected":false},"excerpt":{"rendered":"","protected":false},"author":1,"featured_media":0,"parent":0,"menu_order":0,"comment_status":"closed","ping_status":"closed","template":"templates\/user-dashboard.php","meta":{"_monsterinsights_skip_tracking":false,"_monsterinsights_sitenote_active":false,"_monsterinsights_sitenote_note":"","_monsterinsights_sitenote_category":0,"footnotes":""},"class_list":["post-33","page","type-page","status-publish","hentry"],"translation":{"provider":"WPGlobus","version":"3.0.0","language":"tr","enabled_languages":["en","tr","ar","ru"],"languages":{"en":{"title":true,"content":true,"excerpt":false},"tr":{"title":true,"content":false,"excerpt":false},"ar":{"title":false,"content":false,"excerpt":false},"ru":{"title":false,"content":false,"excerpt":false}}},"yoast_head":"<!-- This site is optimized with the Yoast SEO plugin v25.1 - https:\/\/yoast.com\/wordpress\/plugins\/seo\/ -->\n<title>\u0130\u015fveren Kayd\u0131 - Stafimy<\/title>\n<meta name=\"robots\" content=\"index, follow, max-snippet:-1, max-image-preview:large, max-video-preview:-1\" \/>\n<link rel=\"canonical\" href=\"https:\/\/stafimy.com\/submit-company\/\" \/>\n<meta property=\"og:locale\" content=\"tr_TR\" \/>\n<meta property=\"og:type\" content=\"article\" \/>\n<meta property=\"og:title\" content=\"\u0130\u015fveren Kayd\u0131 - Stafimy\" \/>\n<meta property=\"og:url\" content=\"https:\/\/stafimy.com\/submit-company\/\" \/>\n<meta property=\"og:site_name\" content=\"Stafimy\" \/>\n<meta property=\"article:modified_time\" content=\"2023-03-25T08:53:42+00:00\" \/>\n<meta name=\"twitter:card\" content=\"summary_large_image\" \/>\n<script type=\"application\/ld+json\" class=\"yoast-schema-graph\">{\"@context\":\"https:\/\/schema.org\",\"@graph\":[{\"@type\":\"WebPage\",\"@id\":\"https:\/\/stafimy.com\/submit-company\/\",\"url\":\"https:\/\/stafimy.com\/submit-company\/\",\"name\":\"\u0130\u015fveren Kayd\u0131 - Stafimy\",\"isPartOf\":{\"@id\":\"https:\/\/stafimy.com\/#website\"},\"datePublished\":\"2020-05-07T10:24:34+00:00\",\"dateModified\":\"2023-03-25T08:53:42+00:00\",\"description\":\"Bridging Professionalism | Join our happy clients and -optimize your hiring with Stafimy. Our premium recruitment marketing services targets specialized markets and expand your sourcing reach.\",\"breadcrumb\":{\"@id\":\"https:\/\/stafimy.com\/submit-company\/#breadcrumb\"},\"inLanguage\":\"tr\",\"potentialAction\":[{\"@type\":\"ReadAction\",\"target\":[\"https:\/\/stafimy.com\/submit-company\/\"]}]},{\"@type\":\"BreadcrumbList\",\"@id\":\"https:\/\/stafimy.com\/submit-company\/#breadcrumb\",\"itemListElement\":[{\"@type\":\"ListItem\",\"position\":1,\"name\":\"Home\",\"item\":\"https:\/\/stafimy.com\/\"},{\"@type\":\"ListItem\",\"position\":2,\"name\":\"Employer Registration\"}]},{\"@type\":\"WebSite\",\"@id\":\"https:\/\/stafimy.com\/#website\",\"url\":\"https:\/\/stafimy.com\/\",\"name\":\"Stafimy\",\"description\":\"Stafimy\",\"publisher\":{\"@id\":\"https:\/\/stafimy.com\/#organization\"},\"potentialAction\":[{\"@type\":\"SearchAction\",\"target\":{\"@type\":\"EntryPoint\",\"urlTemplate\":\"https:\/\/stafimy.com\/?s={search_term_string}\"},\"query-input\":{\"@type\":\"PropertyValueSpecification\",\"valueRequired\":true,\"valueName\":\"search_term_string\"}}],\"inLanguage\":\"tr\"},{\"@type\":\"Organization\",\"@id\":\"https:\/\/stafimy.com\/#organization\",\"name\":\"Stafimy\",\"url\":\"https:\/\/stafimy.com\/\",\"logo\":{\"@type\":\"ImageObject\",\"inLanguage\":\"tr\",\"@id\":\"https:\/\/stafimy.com\/#\/schema\/logo\/image\/\",\"url\":\"https:\/\/stafimy.com\/wp-content\/uploads\/2021\/09\/stafimy-8.png\",\"contentUrl\":\"https:\/\/stafimy.com\/wp-content\/uploads\/2021\/09\/stafimy-8.png\",\"width\":500,\"height\":500,\"caption\":\"Stafimy\"},\"image\":{\"@id\":\"https:\/\/stafimy.com\/#\/schema\/logo\/image\/\"}}]}<\/script>\n<!-- \/ Yoast SEO plugin. -->","yoast_head_json":{"title":"\u0130\u015fveren Kayd\u0131 - Stafimy","robots":{"index":"index","follow":"follow","max-snippet":"max-snippet:-1","max-image-preview":"max-image-preview:large","max-video-preview":"max-video-preview:-1"},"canonical":"https:\/\/stafimy.com\/submit-company\/","og_locale":"tr_TR","og_type":"article","og_title":"\u0130\u015fveren Kayd\u0131 - Stafimy","og_url":"https:\/\/stafimy.com\/submit-company\/","og_site_name":"Stafimy","article_modified_time":"2023-03-25T08:53:42+00:00","twitter_card":"summary_large_image","schema":{"@context":"https:\/\/schema.org","@graph":[{"@type":"WebPage","@id":"https:\/\/stafimy.com\/submit-company\/","url":"https:\/\/stafimy.com\/submit-company\/","name":"\u0130\u015fveren Kayd\u0131 - Stafimy","isPartOf":{"@id":"https:\/\/stafimy.com\/#website"},"datePublished":"2020-05-07T10:24:34+00:00","dateModified":"2023-03-25T08:53:42+00:00","description":"Bridging Professionalism | Join our happy clients and -optimize your hiring with Stafimy. Our premium recruitment marketing services targets specialized markets and expand your sourcing reach.","breadcrumb":{"@id":"https:\/\/stafimy.com\/submit-company\/#breadcrumb"},"inLanguage":"tr","potentialAction":[{"@type":"ReadAction","target":["https:\/\/stafimy.com\/submit-company\/"]}]},{"@type":"BreadcrumbList","@id":"https:\/\/stafimy.com\/submit-company\/#breadcrumb","itemListElement":[{"@type":"ListItem","position":1,"name":"Home","item":"https:\/\/stafimy.com\/"},{"@type":"ListItem","position":2,"name":"Employer Registration"}]},{"@type":"WebSite","@id":"https:\/\/stafimy.com\/#website","url":"https:\/\/stafimy.com\/","name":"Stafimy","description":"Stafimy","publisher":{"@id":"https:\/\/stafimy.com\/#organization"},"potentialAction":[{"@type":"SearchAction","target":{"@type":"EntryPoint","urlTemplate":"https:\/\/stafimy.com\/?s={search_term_string}"},"query-input":{"@type":"PropertyValueSpecification","valueRequired":true,"valueName":"search_term_string"}}],"inLanguage":"tr"},{"@type":"Organization","@id":"https:\/\/stafimy.com\/#organization","name":"Stafimy","url":"https:\/\/stafimy.com\/","logo":{"@type":"ImageObject","inLanguage":"tr","@id":"https:\/\/stafimy.com\/#\/schema\/logo\/image\/","url":"https:\/\/stafimy.com\/wp-content\/uploads\/2021\/09\/stafimy-8.png","contentUrl":"https:\/\/stafimy.com\/wp-content\/uploads\/2021\/09\/stafimy-8.png","width":500,"height":500,"caption":"Stafimy"},"image":{"@id":"https:\/\/stafimy.com\/#\/schema\/logo\/image\/"}}]}},"_links":{"self":[{"href":"https:\/\/stafimy.com\/tr\/wp-json\/wp\/v2\/pages\/33","targetHints":{"allow":["GET"]}}],"collection":[{"href":"https:\/\/stafimy.com\/tr\/wp-json\/wp\/v2\/pages"}],"about":[{"href":"https:\/\/stafimy.com\/tr\/wp-json\/wp\/v2\/types\/page"}],"author":[{"embeddable":true,"href":"https:\/\/stafimy.com\/tr\/wp-json\/wp\/v2\/users\/1"}],"replies":[{"embeddable":true,"href":"https:\/\/stafimy.com\/tr\/wp-json\/wp\/v2\/comments?post=33"}],"version-history":[{"count":0,"href":"https:\/\/stafimy.com\/tr\/wp-json\/wp\/v2\/pages\/33\/revisions"}],"wp:attachment":[{"href":"https:\/\/stafimy.com\/tr\/wp-json\/wp\/v2\/media?parent=33"}],"curies":[{"name":"wp","href":"https:\/\/api.w.org\/{rel}","templated":true}]}}