{"id":165,"date":"2020-05-07T11:17:49","date_gmt":"2020-05-07T11:17:49","guid":{"rendered":"https:\/\/cariera.co\/new\/?page_id=165"},"modified":"2025-01-29T20:49:12","modified_gmt":"2025-01-29T17:49:12","slug":"solutions","status":"publish","type":"page","link":"https:\/\/stafimy.com\/tr\/solutions\/","title":{"rendered":"Solutions"},"content":{"rendered":"<p><img decoding=\"async\" width=\"300\" height=\"150\" data-src=\"https:\/\/stafimy.com\/wp-content\/uploads\/2021\/10\/Untitled-1599-x-800-px-2-300x150.png\" alt=\"\" data-srcset=\"https:\/\/stafimy.com\/wp-content\/uploads\/2021\/10\/Untitled-1599-x-800-px-2-300x150.png 300w, https:\/\/stafimy.com\/wp-content\/uploads\/2021\/10\/Untitled-1599-x-800-px-2-1024x512.png 1024w, https:\/\/stafimy.com\/wp-content\/uploads\/2021\/10\/Untitled-1599-x-800-px-2-768x384.png 768w, https:\/\/stafimy.com\/wp-content\/uploads\/2021\/10\/Untitled-1599-x-800-px-2-1536x768.png 1536w, https:\/\/stafimy.com\/wp-content\/uploads\/2021\/10\/Untitled-1599-x-800-px-2-600x300.png 600w, https:\/\/stafimy.com\/wp-content\/uploads\/2021\/10\/Untitled-1599-x-800-px-2.png 1599w\" data-sizes=\"(max-width: 300px) 100vw, 300px\" src=\"data:image\/gif;base64,R0lGODlhAQABAAAAACH5BAEKAAEALAAAAAABAAEAAAICTAEAOw==\" class=\"lazyload\" style=\"--smush-placeholder-width: 300px; --smush-placeholder-aspect-ratio: 300\/150;\" \/>\t\t\t\t\t\t\t\t\t\t\t\t\t<\/p>\n<h1>S\u0130ZE \u00d6ZEL<\/h1>\n<p>\u00c7\u00d6Z\u00dcMLER\u0130M\u0130Z<\/p>\n<h3>En Yetenekli \u00c7al\u0131\u015fanlar<\/h3>\n<p style=\"text-align: left;\">Stafimy platformlar\u0131n\u0131 kullanarak i\u015fe al\u0131mlar\u0131n\u0131z\u0131 optimize edin. \u0130\u015fbirli\u011fi esas\u0131na dayanan hizmetlerimiz ve g\u00fcvenilir pazar anlay\u0131\u015f\u0131m\u0131z arac\u0131l\u0131\u011f\u0131yla do\u011fru yeteneklere ula\u015fabilmeniz ad\u0131na size \u00f6zel \u00e7\u00f6z\u00fcmler sunmaktay\u0131z. \u0130htiya\u00e7lar\u0131n\u0131za \u00f6zel olu\u015fturdu\u011fumuz i\u015fe al\u0131m pazarlama hizmetlerimiz, uzmanla\u015fm\u0131\u015f pazarlara eri\u015fiminizi kolayla\u015ft\u0131r\u0131r.<\/p>\n<ul>\n<li>\u0130\u015fveren Markas\u0131 Y\u00f6netimi<\/li>\n<li>Yetenek A\u011f\u0131 Olu\u015fturma<\/li>\n<li>Do\u011frudan Kaynak Temini<\/li>\n<li>Sosyal Medya<\/li>\n<li>\u00c7al\u0131\u015fan Y\u00f6nlendirme Program\u0131 Y\u00f6netimi<\/li>\n<li>\u0130\u015fe Al\u0131m Etkinlik Y\u00f6netimi<\/li>\n<\/ul>\n<p>\t\t\t\t\t\t\t\t\t\t\t\t\t<img fetchpriority=\"high\" decoding=\"async\" width=\"980\" height=\"552\" src=\"https:\/\/stafimy.com\/wp-content\/uploads\/2021\/10\/Untitled-design-8-1000x563.png\" alt=\"\" \/><br \/>\n\t\t\t\t\t\t\t\t\t\t\t\t\t<img decoding=\"async\" width=\"980\" height=\"552\" data-src=\"https:\/\/stafimy.com\/wp-content\/uploads\/2021\/10\/Untitled-design-9-1000x563.png\" alt=\"\" src=\"data:image\/gif;base64,R0lGODlhAQABAAAAACH5BAEKAAEALAAAAAABAAEAAAICTAEAOw==\" class=\"lazyload\" style=\"--smush-placeholder-width: 980px; --smush-placeholder-aspect-ratio: 980\/552;\" \/>\t\t\t\t\t\t\t\t\t\t\t\t\t<\/p>\n<h3>Ba\u015far\u0131l\u0131 Liderler<\/h3>\n<p>K\u00e2r amac\u0131 g\u00fctmeyen kurulu\u015flar, hukuk ve vergi sekt\u00f6rleri ba\u015fta olmak \u00fczere sekt\u00f6r\u00fcn en yetkin \u00fcst d\u00fczey y\u00f6neticilerine, bilgi birikimiz ve ihtiya\u00e7lar\u0131n\u0131za y\u00f6nelik \u00e7\u00f6z\u00fcmlerimiz ile ula\u015f\u0131n.\u00a0\u00a0 \u00a0<\/p>\n<p>\t\t\t\t\t\t\t\t\t\t\t\t\t<img decoding=\"async\" data-src=\"https:\/\/stafimy.com\/wp-content\/uploads\/elementor\/thumbs\/Executurkgri-e1633780266343-pm6sys6vf6ng3zz4tffsabldv3b2sy7p3k2du52rxk.png\" title=\"Executurkgri\" alt=\"Executurkgri\" src=\"data:image\/gif;base64,R0lGODlhAQABAAAAACH5BAEKAAEALAAAAAABAAEAAAICTAEAOw==\" class=\"lazyload\" style=\"--smush-placeholder-width: 300px; --smush-placeholder-aspect-ratio: 300\/100;\" \/>\t\t\t\t\t\t\t\t\t\t\t\t\t<\/p>\n<h3>Uluslararas\u0131 \u0130\u015f G\u00fcc\u00fc&#8217;ne Eri\u015fim<\/h3>\n<p>Teknoloji ve uzman \u00e7al\u0131\u015fan a\u011f\u0131m\u0131z\u0131n kombinasyonu ile bordrolama ve vergi s\u00fcre\u00e7lerinden, expat y\u00f6netimine, mevzuat uyumlulu\u011fundan, risk y\u00f6netimine, i\u015f ortaklar\u0131m\u0131z\u0131 ihtiya\u00e7lar\u0131na uygun pratik ve d\u00fc\u015f\u00fck maliyetli \u00e7\u00f6z\u00fcmler ile destekliyor, sadece hedeflerine odaklanabilmeleri i\u00e7in \u00e7al\u0131\u015f\u0131yoruz.<\/p>\n<p>\t\t\t\t\t\t\t\t\t\t\t\t\t<img decoding=\"async\" width=\"980\" height=\"552\" data-src=\"https:\/\/stafimy.com\/wp-content\/uploads\/2021\/10\/Untitled-1000-x-563-px-1.png\" alt=\"\" data-srcset=\"https:\/\/stafimy.com\/wp-content\/uploads\/2021\/10\/Untitled-1000-x-563-px-1.png 1000w, https:\/\/stafimy.com\/wp-content\/uploads\/2021\/10\/Untitled-1000-x-563-px-1-300x169.png 300w, https:\/\/stafimy.com\/wp-content\/uploads\/2021\/10\/Untitled-1000-x-563-px-1-768x432.png 768w, https:\/\/stafimy.com\/wp-content\/uploads\/2021\/10\/Untitled-1000-x-563-px-1-600x338.png 600w\" data-sizes=\"(max-width: 980px) 100vw, 980px\" src=\"data:image\/gif;base64,R0lGODlhAQABAAAAACH5BAEKAAEALAAAAAABAAEAAAICTAEAOw==\" class=\"lazyload\" style=\"--smush-placeholder-width: 980px; --smush-placeholder-aspect-ratio: 980\/552;\" \/>\t\t\t\t\t\t\t\t\t\t\t\t\t<\/p>\n<h3>\u0130leti\u015fim<\/h3>\n","protected":false},"excerpt":{"rendered":"<p>S\u0130ZE \u00d6ZEL \u00c7\u00d6Z\u00dcMLER\u0130M\u0130Z En Yetenekli \u00c7al\u0131\u015fanlar Stafimy platformlar\u0131n\u0131 kullanarak i\u015fe al\u0131mlar\u0131n\u0131z\u0131 optimize edin. \u0130\u015fbirli\u011fi esas\u0131na dayanan hizmetlerimiz ve g\u00fcvenilir pazar anlay\u0131\u015f\u0131m\u0131z arac\u0131l\u0131\u011f\u0131yla do\u011fru yeteneklere ula\u015fabilmeniz ad\u0131na size \u00f6zel \u00e7\u00f6z\u00fcmler sunmaktay\u0131z. \u0130htiya\u00e7lar\u0131n\u0131za \u00f6zel olu\u015fturdu\u011fumuz i\u015fe al\u0131m pazarlama hizmetlerimiz, uzmanla\u015fm\u0131\u015f pazarlara eri\u015fiminizi kolayla\u015ft\u0131r\u0131r. \u0130\u015fveren Markas\u0131 Y\u00f6netimi Yetenek A\u011f\u0131 Olu\u015fturma Do\u011frudan Kaynak Temini Sosyal Medya \u00c7al\u0131\u015fan Y\u00f6nlendirme Program\u0131 [&hellip;]<\/p>\n","protected":false},"author":1,"featured_media":0,"parent":0,"menu_order":0,"comment_status":"closed","ping_status":"closed","template":"templates\/fullwidth-page.php","meta":{"_monsterinsights_skip_tracking":false,"_monsterinsights_sitenote_active":false,"_monsterinsights_sitenote_note":"","_monsterinsights_sitenote_category":0,"footnotes":""},"class_list":["post-165","page","type-page","status-publish","hentry"],"translation":{"provider":"WPGlobus","version":"3.0.0","language":"tr","enabled_languages":["en","tr","ar","ru"],"languages":{"en":{"title":true,"content":true,"excerpt":false},"tr":{"title":false,"content":true,"excerpt":false},"ar":{"title":true,"content":true,"excerpt":false},"ru":{"title":false,"content":false,"excerpt":false}}},"yoast_head":"<!-- This site is optimized with the Yoast SEO plugin v25.1 - https:\/\/yoast.com\/wordpress\/plugins\/seo\/ -->\n<title>- Stafimy<\/title>\n<meta name=\"robots\" content=\"index, follow, max-snippet:-1, max-image-preview:large, max-video-preview:-1\" \/>\n<link rel=\"canonical\" href=\"https:\/\/stafimy.com\/solutions\/\" \/>\n<meta property=\"og:locale\" content=\"tr_TR\" \/>\n<meta property=\"og:type\" content=\"article\" \/>\n<meta property=\"og:title\" content=\"- Stafimy\" \/>\n<meta property=\"og:url\" content=\"https:\/\/stafimy.com\/solutions\/\" \/>\n<meta property=\"og:site_name\" content=\"Stafimy\" \/>\n<meta property=\"article:modified_time\" content=\"2025-01-29T17:49:12+00:00\" \/>\n<meta property=\"og:image\" content=\"https:\/\/stafimy.com\/wp-content\/uploads\/2021\/10\/Untitled-1599-x-800-px-2-300x150.png\" \/>\n<meta name=\"twitter:card\" content=\"summary_large_image\" \/>\n<meta name=\"twitter:label1\" content=\"Tahmini okuma s\u00fcresi\" \/>\n\t<meta name=\"twitter:data1\" content=\"2 dakika\" \/>\n<script type=\"application\/ld+json\" class=\"yoast-schema-graph\">{\"@context\":\"https:\/\/schema.org\",\"@graph\":[{\"@type\":\"WebPage\",\"@id\":\"https:\/\/stafimy.com\/solutions\/\",\"url\":\"https:\/\/stafimy.com\/solutions\/\",\"name\":\"- Stafimy\",\"isPartOf\":{\"@id\":\"https:\/\/stafimy.com\/#website\"},\"primaryImageOfPage\":{\"@id\":\"https:\/\/stafimy.com\/solutions\/#primaryimage\"},\"image\":{\"@id\":\"https:\/\/stafimy.com\/solutions\/#primaryimage\"},\"thumbnailUrl\":\"https:\/\/stafimy.com\/wp-content\/uploads\/2021\/10\/Untitled-1599-x-800-px-2-300x150.png\",\"datePublished\":\"2020-05-07T11:17:49+00:00\",\"dateModified\":\"2025-01-29T17:49:12+00:00\",\"breadcrumb\":{\"@id\":\"https:\/\/stafimy.com\/solutions\/#breadcrumb\"},\"inLanguage\":\"tr\",\"potentialAction\":[{\"@type\":\"ReadAction\",\"target\":[\"https:\/\/stafimy.com\/solutions\/\"]}]},{\"@type\":\"ImageObject\",\"inLanguage\":\"tr\",\"@id\":\"https:\/\/stafimy.com\/solutions\/#primaryimage\",\"url\":\"https:\/\/stafimy.com\/wp-content\/uploads\/2021\/10\/Untitled-1599-x-800-px-2-300x150.png\",\"contentUrl\":\"https:\/\/stafimy.com\/wp-content\/uploads\/2021\/10\/Untitled-1599-x-800-px-2-300x150.png\"},{\"@type\":\"BreadcrumbList\",\"@id\":\"https:\/\/stafimy.com\/solutions\/#breadcrumb\",\"itemListElement\":[{\"@type\":\"ListItem\",\"position\":1,\"name\":\"Home\",\"item\":\"https:\/\/stafimy.com\/\"},{\"@type\":\"ListItem\",\"position\":2,\"name\":\"Solutions\"}]},{\"@type\":\"WebSite\",\"@id\":\"https:\/\/stafimy.com\/#website\",\"url\":\"https:\/\/stafimy.com\/\",\"name\":\"Stafimy\",\"description\":\"Stafimy\",\"publisher\":{\"@id\":\"https:\/\/stafimy.com\/#organization\"},\"potentialAction\":[{\"@type\":\"SearchAction\",\"target\":{\"@type\":\"EntryPoint\",\"urlTemplate\":\"https:\/\/stafimy.com\/?s={search_term_string}\"},\"query-input\":{\"@type\":\"PropertyValueSpecification\",\"valueRequired\":true,\"valueName\":\"search_term_string\"}}],\"inLanguage\":\"tr\"},{\"@type\":\"Organization\",\"@id\":\"https:\/\/stafimy.com\/#organization\",\"name\":\"Stafimy\",\"url\":\"https:\/\/stafimy.com\/\",\"logo\":{\"@type\":\"ImageObject\",\"inLanguage\":\"tr\",\"@id\":\"https:\/\/stafimy.com\/#\/schema\/logo\/image\/\",\"url\":\"https:\/\/stafimy.com\/wp-content\/uploads\/2021\/09\/stafimy-8.png\",\"contentUrl\":\"https:\/\/stafimy.com\/wp-content\/uploads\/2021\/09\/stafimy-8.png\",\"width\":500,\"height\":500,\"caption\":\"Stafimy\"},\"image\":{\"@id\":\"https:\/\/stafimy.com\/#\/schema\/logo\/image\/\"}}]}<\/script>\n<!-- \/ Yoast SEO plugin. -->","yoast_head_json":{"title":"- Stafimy","robots":{"index":"index","follow":"follow","max-snippet":"max-snippet:-1","max-image-preview":"max-image-preview:large","max-video-preview":"max-video-preview:-1"},"canonical":"https:\/\/stafimy.com\/solutions\/","og_locale":"tr_TR","og_type":"article","og_title":"- Stafimy","og_url":"https:\/\/stafimy.com\/solutions\/","og_site_name":"Stafimy","article_modified_time":"2025-01-29T17:49:12+00:00","og_image":[{"url":"https:\/\/stafimy.com\/wp-content\/uploads\/2021\/10\/Untitled-1599-x-800-px-2-300x150.png","type":"","width":"","height":""}],"twitter_card":"summary_large_image","twitter_misc":{"Tahmini okuma s\u00fcresi":"2 dakika"},"schema":{"@context":"https:\/\/schema.org","@graph":[{"@type":"WebPage","@id":"https:\/\/stafimy.com\/solutions\/","url":"https:\/\/stafimy.com\/solutions\/","name":"- Stafimy","isPartOf":{"@id":"https:\/\/stafimy.com\/#website"},"primaryImageOfPage":{"@id":"https:\/\/stafimy.com\/solutions\/#primaryimage"},"image":{"@id":"https:\/\/stafimy.com\/solutions\/#primaryimage"},"thumbnailUrl":"https:\/\/stafimy.com\/wp-content\/uploads\/2021\/10\/Untitled-1599-x-800-px-2-300x150.png","datePublished":"2020-05-07T11:17:49+00:00","dateModified":"2025-01-29T17:49:12+00:00","breadcrumb":{"@id":"https:\/\/stafimy.com\/solutions\/#breadcrumb"},"inLanguage":"tr","potentialAction":[{"@type":"ReadAction","target":["https:\/\/stafimy.com\/solutions\/"]}]},{"@type":"ImageObject","inLanguage":"tr","@id":"https:\/\/stafimy.com\/solutions\/#primaryimage","url":"https:\/\/stafimy.com\/wp-content\/uploads\/2021\/10\/Untitled-1599-x-800-px-2-300x150.png","contentUrl":"https:\/\/stafimy.com\/wp-content\/uploads\/2021\/10\/Untitled-1599-x-800-px-2-300x150.png"},{"@type":"BreadcrumbList","@id":"https:\/\/stafimy.com\/solutions\/#breadcrumb","itemListElement":[{"@type":"ListItem","position":1,"name":"Home","item":"https:\/\/stafimy.com\/"},{"@type":"ListItem","position":2,"name":"Solutions"}]},{"@type":"WebSite","@id":"https:\/\/stafimy.com\/#website","url":"https:\/\/stafimy.com\/","name":"Stafimy","description":"Stafimy","publisher":{"@id":"https:\/\/stafimy.com\/#organization"},"potentialAction":[{"@type":"SearchAction","target":{"@type":"EntryPoint","urlTemplate":"https:\/\/stafimy.com\/?s={search_term_string}"},"query-input":{"@type":"PropertyValueSpecification","valueRequired":true,"valueName":"search_term_string"}}],"inLanguage":"tr"},{"@type":"Organization","@id":"https:\/\/stafimy.com\/#organization","name":"Stafimy","url":"https:\/\/stafimy.com\/","logo":{"@type":"ImageObject","inLanguage":"tr","@id":"https:\/\/stafimy.com\/#\/schema\/logo\/image\/","url":"https:\/\/stafimy.com\/wp-content\/uploads\/2021\/09\/stafimy-8.png","contentUrl":"https:\/\/stafimy.com\/wp-content\/uploads\/2021\/09\/stafimy-8.png","width":500,"height":500,"caption":"Stafimy"},"image":{"@id":"https:\/\/stafimy.com\/#\/schema\/logo\/image\/"}}]}},"_links":{"self":[{"href":"https:\/\/stafimy.com\/tr\/wp-json\/wp\/v2\/pages\/165","targetHints":{"allow":["GET"]}}],"collection":[{"href":"https:\/\/stafimy.com\/tr\/wp-json\/wp\/v2\/pages"}],"about":[{"href":"https:\/\/stafimy.com\/tr\/wp-json\/wp\/v2\/types\/page"}],"author":[{"embeddable":true,"href":"https:\/\/stafimy.com\/tr\/wp-json\/wp\/v2\/users\/1"}],"replies":[{"embeddable":true,"href":"https:\/\/stafimy.com\/tr\/wp-json\/wp\/v2\/comments?post=165"}],"version-history":[{"count":0,"href":"https:\/\/stafimy.com\/tr\/wp-json\/wp\/v2\/pages\/165\/revisions"}],"wp:attachment":[{"href":"https:\/\/stafimy.com\/tr\/wp-json\/wp\/v2\/media?parent=165"}],"curies":[{"name":"wp","href":"https:\/\/api.w.org\/{rel}","templated":true}]}}