{"id":163,"date":"2020-05-07T11:17:34","date_gmt":"2020-05-07T11:17:34","guid":{"rendered":"https:\/\/cariera.co\/new\/?page_id=163"},"modified":"2025-08-31T12:00:42","modified_gmt":"2025-08-31T09:00:42","slug":"stafimy-search-resource-support","status":"publish","type":"page","link":"https:\/\/stafimy.com\/tr\/","title":{"rendered":"Bridging Professionalism"},"content":{"rendered":"\n\t\t\t<!-- START slaido_v2_beauty3 1 REVOLUTION SLIDER 6.7.18 --><p class=\"rs-p-wp-fix\"><\/p>\n\t\t\t<rs-module-wrap id=\"rev_slider_25_1_wrapper\" data-source=\"gallery\" style=\"visibility:hidden;background:transparent;padding:0;margin:0px auto;margin-top:0;margin-bottom:0;\">\n\t\t\t\t<rs-module id=\"rev_slider_25_1\" style=\"\" data-version=\"6.7.18\">\n\t\t\t\t\t<rs-slides style=\"overflow: hidden; position: absolute;\">\n\t\t\t\t\t\t<rs-slide style=\"position: absolute;\" data-key=\"rs-43\" data-title=\"Slide\" data-anim=\"p:dark;f:slidebased;\" data-in=\"o:1;y:(100%);m:true;col:5;\" data-out=\"a:false;\">\n\t\t\t\t\t\t\t<img fetchpriority=\"high\" decoding=\"async\" src=\"\/\/stafimy.com\/wp-content\/plugins\/revslider\/sr6\/assets\/assets\/dummy.png\" alt=\"\" title=\"Seats spinning on chairoplane\" width=\"2560\" height=\"2119\" class=\"rev-slidebg tp-rs-img rs-lazyload\" data-lazyload=\"\/\/stafimy.com\/wp-content\/uploads\/2024\/03\/seats-spinning-on-chairoplane-2023-11-27-05-15-50-utc-scaled.jpg\" data-panzoom=\"d:10000;ss:100;se:100;\" data-no-retina>\n<!--\n\t\t\t\t\t\t\t--><rs-layer\n\t\t\t\t\t\t\t\tid=\"slider-25-slide-43-layer-2\" \n\t\t\t\t\t\t\t\tdata-type=\"text\"\n\t\t\t\t\t\t\t\tdata-rsp_ch=\"on\"\n\t\t\t\t\t\t\t\tdata-xy=\"x:l,l,c,c;xo:368px,332px,-1px,0;yo:239px,126px,206px,102px;\"\n\t\t\t\t\t\t\t\tdata-text=\"w:normal;s:67,67,60,55;l:69,69,73,65;fw:700;a:inherit,inherit,center,center;\"\n\t\t\t\t\t\t\t\tdata-dim=\"w:557px,557px,514px,486px;h:208,208,auto,auto;\"\n\t\t\t\t\t\t\t\tdata-frame_0=\"o:1;rX:-20deg;rY:-20deg;\"\n\t\t\t\t\t\t\t\tdata-frame_1=\"x:-256px,-256px,0px,0px;y:1px,1px,0px,0px;e:power3.out;st:479.999694824;sp:1640;sR:479.999694824;\"\n\t\t\t\t\t\t\t\tdata-frame_999=\"o:0;st:w;sp:290;sR:6880;\"\n\t\t\t\t\t\t\t\tstyle=\"z-index:6;font-family:'Montserrat';\"\n\t\t\t\t\t\t\t>K\u00fcresel \u0130\u015fg\u00fcc\u00fc, <br \/>Yerel Uyum. \n\t\t\t\t\t\t\t<\/rs-layer><!--\n\n\t\t\t\t\t\t\t--><rs-layer\n\t\t\t\t\t\t\t\tid=\"slider-25-slide-43-layer-3\" \n\t\t\t\t\t\t\t\tdata-type=\"text\"\n\t\t\t\t\t\t\t\tdata-rsp_ch=\"on\"\n\t\t\t\t\t\t\t\tdata-xy=\"x:l,l,c,c;xo:394px,307px,0,0;y:t,t,m,m;yo:475px,365px,0,-21px;\"\n\t\t\t\t\t\t\t\tdata-text=\"w:normal;s:30,24,24,21;l:30,24,24,21;fw:500,600,500,600;a:inherit,inherit,center,center;\"\n\t\t\t\t\t\t\t\tdata-dim=\"w:500px,411px,403px,347px;h:auto,auto,auto,63px;\"\n\t\t\t\t\t\t\t\tdata-frame_0=\"x:-50px,-41px,-42px,-36px;\"\n\t\t\t\t\t\t\t\tdata-frame_1=\"x:-278px,-228px,0px,3px;st:859.999694824;sp:1310;sR:859.999694824;\"\n\t\t\t\t\t\t\t\tdata-frame_999=\"o:0;st:w;sp:290;sR:6830;\"\n\t\t\t\t\t\t\t\tstyle=\"z-index:8;font-family:'Open Sans';\"\n\t\t\t\t\t\t\t>Global eri\u015fim, yerel uzmanl\u0131k, uluslararas\u0131 g\u00fcvenilirlik \n\t\t\t\t\t\t\t<\/rs-layer><!--\n\n\t\t\t\t\t\t\t--><a\n\t\t\t\t\t\t\t\tid=\"slider-25-slide-43-layer-4\" \n\t\t\t\t\t\t\t\tclass=\"rs-layer rev-btn\"\n\t\t\t\t\t\t\t\thref=\"https:\/\/stafimy.com\/solutions\/\" target=\"_blank\" rel=\"noopener\"\n\t\t\t\t\t\t\t\tdata-type=\"button\"\n\t\t\t\t\t\t\t\tdata-color=\"#ffffff||#ffffff||rgba(255,255,255,1)||rgba(255,255,255,1)\"\n\t\t\t\t\t\t\t\tdata-rsp_ch=\"on\"\n\t\t\t\t\t\t\t\tdata-xy=\"x:l,l,c,c;xo:105px,67px,-10px,0;yo:578px,469px,531px,393px;\"\n\t\t\t\t\t\t\t\tdata-text=\"w:nowrap,nowrap,normal,normal;s:17,17,20,20;l:16,16,14,15;fw:700;a:center;\"\n\t\t\t\t\t\t\t\tdata-dim=\"w:193,193,208px,202px;h:56,56,39px,38px;\"\n\t\t\t\t\t\t\t\tdata-padding=\"t:20,20,10,10;r:17,17,15,15;b:11,11,10,10;l:17,17,15,15;\"\n\t\t\t\t\t\t\t\tdata-border=\"bor:30px,30px,30px,30px;\"\n\t\t\t\t\t\t\t\tdata-frame_0=\"o:1;\"\n\t\t\t\t\t\t\t\tdata-frame_0_sfx=\"se:blocktoright;\"\n\t\t\t\t\t\t\t\tdata-frame_1=\"x:4px;e:power4.inOut;st:1129.99969482;sp:1320;sR:1129.99969482;\"\n\t\t\t\t\t\t\t\tdata-frame_1_sfx=\"se:blocktoright;\"\n\t\t\t\t\t\t\t\tdata-frame_999=\"o:0;st:w;sp:290;sR:6550;\"\n\t\t\t\t\t\t\t\tstyle=\"z-index:7;background-color:#006a7c;font-family:'Montserrat';cursor:pointer;outline:none;box-shadow:none;box-sizing:border-box;-moz-box-sizing:border-box;-webkit-box-sizing:border-box;\"\n\t\t\t\t\t\t\t>KE\u015eFET \n\t\t\t\t\t\t\t<\/a><!--\n-->\t\t\t\t\t<\/rs-slide>\n\t\t\t\t\t<\/rs-slides>\n\t\t\t\t<\/rs-module>\n\t\t\t\t<script>\n\t\t\t\t\tsetREVStartSize({c: 'rev_slider_25_1',rl:[1240,1024,778,480],el:[850,768,960,720],gw:[1245,1024,778,480],gh:[850,768,960,720],type:'standard',justify:'',layout:'fullwidth',mh:\"0\"});if (window.RS_MODULES!==undefined && window.RS_MODULES.modules!==undefined && window.RS_MODULES.modules[\"revslider251\"]!==undefined) {window.RS_MODULES.modules[\"revslider251\"].once = false;window.revapi25 = undefined;if (window.RS_MODULES.checkMinimal!==undefined) window.RS_MODULES.checkMinimal()}\n\t\t\t\t<\/script>\n\t\t\t<\/rs-module-wrap>\n\t\t\t<!-- END REVOLUTION SLIDER -->\n\n<form method=\"GET\" action=\"https:\/\/stafimy.com\/jobs-2\/\">\n            <input type=\"text\" id=\"search_keywords\" name=\"search_keywords\" placeholder=\"Keywords\" autocomplete=\"off\"><input type=\"text\" id=\"search_location\" name=\"search_location\" placeholder=\"Location\"><input type=\"submit\" value=\"Search\"><br \/>\n        <\/form>\n<h6>Gelecekteki \u0130\u015finize Ula\u015f\u0131n<\/h6>\n<p>\t\tS\u0131radaki i\u015finiz \u00f6nde gelen i\u015f orta\u011f\u0131 kurulu\u015flar\u0131m\u0131zdan birisinde sizi bekliyor<br \/>\n\t\t\t\t\t<a href=\"https:\/\/stafimy.com\/submit-resume\/\" target=\"_blank\"><br \/>\n\t\t\t\t\t\t\t\t\t\u015eimdi ba\u015fvur<br \/>\n\t\t\t\t\t<\/a><\/p>\n<h6>Bir Yetenek Bulun<\/h6>\n<p>\t\tPersonel ihtiya\u00e7lar\u0131n\u0131z i\u00e7in en do\u011fru adaylara ula\u015f\u0131n. \u0130\u015f ilan\u0131 yay\u0131nlay\u0131n.<br \/>\n\t\t\t\t\t<a href=\"https:\/\/stafimy.com\/submit-company\/\" target=\"_blank\"><br \/>\n\t\t\t\t\t\t\t\t\t\u0130\u015fe Ba\u015fvur<br \/>\n\t\t\t\t\t<\/a><\/p>\n<h4>T\u00fcrkiye\u2019de \u0130\u015finizi B\u00fcy\u00fctmek<\/h4>\n<h2>\u015eimdi Daha Kolay<\/h2>\n<p>Ara\u015ft\u0131rma | Kaynak | Destek<\/p>\n<h3>\u0130\u015fe Al\u0131m Hizmetleri<\/h3>\n<p>\t\tKadrolu ve S\u00f6zle\u015fmeli Personel temini<br \/>\n\u00dcst D\u00fczey Y\u00f6netici<br \/>\nHassas ve \u00c7at\u0131\u015fma B\u00f6lgeleri i\u00e7in \u0130stihdam y\u00f6netimi<\/p>\n<h3>Profesyonel \u0130\u015fveren Hizmetleri<\/h3>\n<p>\u0130K Uyum Dan\u0131\u015fmanl\u0131\u011f\u0131<br \/>Risk Dan\u0131\u015fmanl\u0131\u011f\u0131<br \/>Bordro Y\u00f6netimi<br \/>Sigorta<\/p>\n<h3>G\u00f6\u00e7menlik Hizmetleri<\/h3>\n<p>G\u00f6\u00e7menlik Hizmetleri<br \/>Relokasyon Hizmetleri<\/p>\n<blockquote>\n<p>\n\t\t\t\t\u0130\u015fe al\u0131m pazarlama hizmetlerimizi, piyasa i\u00e7g\u00f6r\u00fclerimiz ve tecr\u00fcbemiz ile \u015fekillendirerek en do\u011fru yeteneklere, d\u00fcnyan\u0131n neresinde olursa olsun ula\u015fabilmenizi temin edebilecek size \u00f6zel ve ihtiyaca<br \/>\ny\u00f6nelik i\u015fe al\u0131m planlar\u0131 sunuyoruz.<br \/>\nTeknoloji ve uzman \u00e7al\u0131\u015fan a\u011f\u0131m\u0131z\u0131n kombinasyonu ile<br \/>\nbordrolama ve vergi s\u00fcre\u00e7lerinden, expat y\u00f6netimine,<br \/>\nmevzuat uyumlulu\u011fundan, risk y\u00f6netimine, i\u015f<br \/>\nortaklar\u0131m\u0131z\u0131 ihtiya\u00e7lar\u0131na uygun pratik ve d\u00fc\u015f\u00fck<br \/>\nmaliyetli \u00e7\u00f6z\u00fcmler ile destekliyor, sadece hedeflerine<br \/>\nodaklanabilmeleri i\u00e7in \u00e7al\u0131\u015f\u0131yoruz. \t\t\t<\/p>\n<\/blockquote>\n<div style=\"width: 640px;\" class=\"wp-video\"><video class=\"wp-video-shortcode\" id=\"video-163-1\" width=\"640\" height=\"360\" preload=\"metadata\" controls=\"controls\"><source type=\"video\/mp4\" src=\"https:\/\/stafimy.com\/wp-content\/uploads\/2022\/01\/Stafimy-Video-Tr.mp4?_=1\" \/><a href=\"https:\/\/stafimy.com\/wp-content\/uploads\/2022\/01\/Stafimy-Video-Tr.mp4\">https:\/\/stafimy.com\/wp-content\/uploads\/2022\/01\/Stafimy-Video-Tr.mp4<\/a><\/video><\/div>\n","protected":false},"excerpt":{"rendered":"<p>Gelecekteki \u0130\u015finize Ula\u015f\u0131n S\u0131radaki i\u015finiz \u00f6nde gelen i\u015f orta\u011f\u0131 kurulu\u015flar\u0131m\u0131zdan birisinde sizi bekliyor \u015eimdi ba\u015fvur Bir Yetenek Bulun Personel ihtiya\u00e7lar\u0131n\u0131z i\u00e7in en do\u011fru adaylara ula\u015f\u0131n. \u0130\u015f ilan\u0131 yay\u0131nlay\u0131n. \u0130\u015fe Ba\u015fvur T\u00fcrkiye\u2019de \u0130\u015finizi B\u00fcy\u00fctmek \u015eimdi Daha Kolay Ara\u015ft\u0131rma | Kaynak | Destek \u0130\u015fe Al\u0131m Hizmetleri Kadrolu ve S\u00f6zle\u015fmeli Personel temini \u00dcst D\u00fczey Y\u00f6netici Hassas ve \u00c7at\u0131\u015fma [&hellip;]<\/p>\n","protected":false},"author":1,"featured_media":15114,"parent":0,"menu_order":0,"comment_status":"closed","ping_status":"closed","template":"templates\/fullwidth-page.php","meta":{"_monsterinsights_skip_tracking":false,"_monsterinsights_sitenote_active":false,"_monsterinsights_sitenote_note":"","_monsterinsights_sitenote_category":0,"footnotes":""},"class_list":["post-163","page","type-page","status-publish","has-post-thumbnail","hentry"],"translation":{"provider":"WPGlobus","version":"3.0.0","language":"tr","enabled_languages":["en","tr","ar","ru"],"languages":{"en":{"title":true,"content":true,"excerpt":false},"tr":{"title":true,"content":true,"excerpt":false},"ar":{"title":true,"content":true,"excerpt":false},"ru":{"title":false,"content":false,"excerpt":false}}},"yoast_head":"<!-- This site is optimized with the Yoast SEO plugin v25.1 - https:\/\/yoast.com\/wordpress\/plugins\/seo\/ -->\n<title>Bridging Professionalism - Stafimy<\/title>\n<meta name=\"robots\" content=\"index, follow, max-snippet:-1, max-image-preview:large, max-video-preview:-1\" \/>\n<link rel=\"canonical\" href=\"https:\/\/stafimy.com\/\" \/>\n<meta property=\"og:locale\" content=\"tr_TR\" \/>\n<meta property=\"og:type\" content=\"article\" \/>\n<meta property=\"og:title\" content=\"Bridging Professionalism - Stafimy\" \/>\n<meta property=\"og:url\" content=\"https:\/\/stafimy.com\/\" \/>\n<meta property=\"og:site_name\" content=\"Stafimy\" \/>\n<meta property=\"article:modified_time\" content=\"2025-08-31T09:00:42+00:00\" \/>\n<meta property=\"og:image\" content=\"https:\/\/stafimy.com\/wp-content\/uploads\/2023\/06\/Copy-of-Workforce-Law.png\" \/>\n\t<meta property=\"og:image:width\" content=\"1200\" \/>\n\t<meta property=\"og:image:height\" content=\"1200\" \/>\n\t<meta property=\"og:image:type\" content=\"image\/png\" \/>\n<meta name=\"twitter:card\" content=\"summary_large_image\" \/>\n<meta name=\"twitter:label1\" content=\"Tahmini okuma s\u00fcresi\" \/>\n\t<meta name=\"twitter:data1\" content=\"2 dakika\" \/>\n<script type=\"application\/ld+json\" class=\"yoast-schema-graph\">{\"@context\":\"https:\/\/schema.org\",\"@graph\":[{\"@type\":\"WebPage\",\"@id\":\"https:\/\/stafimy.com\/\",\"url\":\"https:\/\/stafimy.com\/\",\"name\":\"Bridging Professionalism - Stafimy\",\"isPartOf\":{\"@id\":\"https:\/\/stafimy.com\/#website\"},\"primaryImageOfPage\":{\"@id\":\"https:\/\/stafimy.com\/#primaryimage\"},\"image\":{\"@id\":\"https:\/\/stafimy.com\/#primaryimage\"},\"thumbnailUrl\":\"https:\/\/stafimy.com\/wp-content\/uploads\/2023\/06\/Copy-of-Workforce-Law.png\",\"datePublished\":\"2020-05-07T11:17:34+00:00\",\"dateModified\":\"2025-08-31T09:00:42+00:00\",\"breadcrumb\":{\"@id\":\"https:\/\/stafimy.com\/#breadcrumb\"},\"inLanguage\":\"tr\",\"potentialAction\":[{\"@type\":\"ReadAction\",\"target\":[\"https:\/\/stafimy.com\/\"]}]},{\"@type\":\"ImageObject\",\"inLanguage\":\"tr\",\"@id\":\"https:\/\/stafimy.com\/#primaryimage\",\"url\":\"https:\/\/stafimy.com\/wp-content\/uploads\/2023\/06\/Copy-of-Workforce-Law.png\",\"contentUrl\":\"https:\/\/stafimy.com\/wp-content\/uploads\/2023\/06\/Copy-of-Workforce-Law.png\",\"width\":1200,\"height\":1200},{\"@type\":\"BreadcrumbList\",\"@id\":\"https:\/\/stafimy.com\/#breadcrumb\",\"itemListElement\":[{\"@type\":\"ListItem\",\"position\":1,\"name\":\"Home\",\"item\":\"https:\/\/stafimy.com\/\"},{\"@type\":\"ListItem\",\"position\":2,\"name\":\"Bridging Professionalism\"}]},{\"@type\":\"WebSite\",\"@id\":\"https:\/\/stafimy.com\/#website\",\"url\":\"https:\/\/stafimy.com\/\",\"name\":\"Stafimy\",\"description\":\"Stafimy\",\"publisher\":{\"@id\":\"https:\/\/stafimy.com\/#organization\"},\"potentialAction\":[{\"@type\":\"SearchAction\",\"target\":{\"@type\":\"EntryPoint\",\"urlTemplate\":\"https:\/\/stafimy.com\/?s={search_term_string}\"},\"query-input\":{\"@type\":\"PropertyValueSpecification\",\"valueRequired\":true,\"valueName\":\"search_term_string\"}}],\"inLanguage\":\"tr\"},{\"@type\":\"Organization\",\"@id\":\"https:\/\/stafimy.com\/#organization\",\"name\":\"Stafimy\",\"url\":\"https:\/\/stafimy.com\/\",\"logo\":{\"@type\":\"ImageObject\",\"inLanguage\":\"tr\",\"@id\":\"https:\/\/stafimy.com\/#\/schema\/logo\/image\/\",\"url\":\"https:\/\/stafimy.com\/wp-content\/uploads\/2021\/09\/stafimy-8.png\",\"contentUrl\":\"https:\/\/stafimy.com\/wp-content\/uploads\/2021\/09\/stafimy-8.png\",\"width\":500,\"height\":500,\"caption\":\"Stafimy\"},\"image\":{\"@id\":\"https:\/\/stafimy.com\/#\/schema\/logo\/image\/\"}}]}<\/script>\n<!-- \/ Yoast SEO plugin. -->","yoast_head_json":{"title":"Bridging Professionalism - Stafimy","robots":{"index":"index","follow":"follow","max-snippet":"max-snippet:-1","max-image-preview":"max-image-preview:large","max-video-preview":"max-video-preview:-1"},"canonical":"https:\/\/stafimy.com\/","og_locale":"tr_TR","og_type":"article","og_title":"Bridging Professionalism - Stafimy","og_url":"https:\/\/stafimy.com\/","og_site_name":"Stafimy","article_modified_time":"2025-08-31T09:00:42+00:00","og_image":[{"width":1200,"height":1200,"url":"https:\/\/stafimy.com\/wp-content\/uploads\/2023\/06\/Copy-of-Workforce-Law.png","type":"image\/png"}],"twitter_card":"summary_large_image","twitter_misc":{"Tahmini okuma s\u00fcresi":"2 dakika"},"schema":{"@context":"https:\/\/schema.org","@graph":[{"@type":"WebPage","@id":"https:\/\/stafimy.com\/","url":"https:\/\/stafimy.com\/","name":"Bridging Professionalism - Stafimy","isPartOf":{"@id":"https:\/\/stafimy.com\/#website"},"primaryImageOfPage":{"@id":"https:\/\/stafimy.com\/#primaryimage"},"image":{"@id":"https:\/\/stafimy.com\/#primaryimage"},"thumbnailUrl":"https:\/\/stafimy.com\/wp-content\/uploads\/2023\/06\/Copy-of-Workforce-Law.png","datePublished":"2020-05-07T11:17:34+00:00","dateModified":"2025-08-31T09:00:42+00:00","breadcrumb":{"@id":"https:\/\/stafimy.com\/#breadcrumb"},"inLanguage":"tr","potentialAction":[{"@type":"ReadAction","target":["https:\/\/stafimy.com\/"]}]},{"@type":"ImageObject","inLanguage":"tr","@id":"https:\/\/stafimy.com\/#primaryimage","url":"https:\/\/stafimy.com\/wp-content\/uploads\/2023\/06\/Copy-of-Workforce-Law.png","contentUrl":"https:\/\/stafimy.com\/wp-content\/uploads\/2023\/06\/Copy-of-Workforce-Law.png","width":1200,"height":1200},{"@type":"BreadcrumbList","@id":"https:\/\/stafimy.com\/#breadcrumb","itemListElement":[{"@type":"ListItem","position":1,"name":"Home","item":"https:\/\/stafimy.com\/"},{"@type":"ListItem","position":2,"name":"Bridging Professionalism"}]},{"@type":"WebSite","@id":"https:\/\/stafimy.com\/#website","url":"https:\/\/stafimy.com\/","name":"Stafimy","description":"Stafimy","publisher":{"@id":"https:\/\/stafimy.com\/#organization"},"potentialAction":[{"@type":"SearchAction","target":{"@type":"EntryPoint","urlTemplate":"https:\/\/stafimy.com\/?s={search_term_string}"},"query-input":{"@type":"PropertyValueSpecification","valueRequired":true,"valueName":"search_term_string"}}],"inLanguage":"tr"},{"@type":"Organization","@id":"https:\/\/stafimy.com\/#organization","name":"Stafimy","url":"https:\/\/stafimy.com\/","logo":{"@type":"ImageObject","inLanguage":"tr","@id":"https:\/\/stafimy.com\/#\/schema\/logo\/image\/","url":"https:\/\/stafimy.com\/wp-content\/uploads\/2021\/09\/stafimy-8.png","contentUrl":"https:\/\/stafimy.com\/wp-content\/uploads\/2021\/09\/stafimy-8.png","width":500,"height":500,"caption":"Stafimy"},"image":{"@id":"https:\/\/stafimy.com\/#\/schema\/logo\/image\/"}}]}},"_links":{"self":[{"href":"https:\/\/stafimy.com\/tr\/wp-json\/wp\/v2\/pages\/163","targetHints":{"allow":["GET"]}}],"collection":[{"href":"https:\/\/stafimy.com\/tr\/wp-json\/wp\/v2\/pages"}],"about":[{"href":"https:\/\/stafimy.com\/tr\/wp-json\/wp\/v2\/types\/page"}],"author":[{"embeddable":true,"href":"https:\/\/stafimy.com\/tr\/wp-json\/wp\/v2\/users\/1"}],"replies":[{"embeddable":true,"href":"https:\/\/stafimy.com\/tr\/wp-json\/wp\/v2\/comments?post=163"}],"version-history":[{"count":24,"href":"https:\/\/stafimy.com\/tr\/wp-json\/wp\/v2\/pages\/163\/revisions"}],"predecessor-version":[{"id":17052,"href":"https:\/\/stafimy.com\/tr\/wp-json\/wp\/v2\/pages\/163\/revisions\/17052"}],"wp:featuredmedia":[{"embeddable":true,"href":"https:\/\/stafimy.com\/tr\/wp-json\/wp\/v2\/media\/15114"}],"wp:attachment":[{"href":"https:\/\/stafimy.com\/tr\/wp-json\/wp\/v2\/media?parent=163"}],"curies":[{"name":"wp","href":"https:\/\/api.w.org\/{rel}","templated":true}]}}