{"id":122,"date":"2020-05-07T10:54:36","date_gmt":"2020-05-07T10:54:36","guid":{"rendered":"https:\/\/cariera.co\/new\/?page_id=122"},"modified":"2020-05-07T10:54:36","modified_gmt":"2020-05-07T10:54:36","slug":"resume-list-1","status":"publish","type":"page","link":"https:\/\/stafimy.com\/tr\/resume-list-1\/","title":{"rendered":"Resume List 1"},"content":{"rendered":"\t\t<div data-elementor-type=\"wp-page\" data-elementor-id=\"122\" class=\"elementor elementor-122\" data-elementor-post-type=\"page\">\n\t\t\t\t\t\t<section class=\"elementor-section elementor-top-section elementor-element elementor-element-aedb0cb elementor-section-boxed elementor-section-height-default elementor-section-height-default\" data-id=\"aedb0cb\" data-element_type=\"section\">\n\t\t\t\t\t\t<div class=\"elementor-container elementor-column-gap-default\">\n\t\t\t\t\t<div class=\"elementor-column elementor-col-100 elementor-top-column elementor-element elementor-element-3e5e80a\" data-id=\"3e5e80a\" data-element_type=\"column\">\n\t\t\t<div class=\"elementor-widget-wrap elementor-element-populated\">\n\t\t\t\t\t\t<div class=\"elementor-element elementor-element-d3bb847 elementor-widget elementor-widget-resumes\" data-id=\"d3bb847\" data-element_type=\"widget\" data-widget_type=\"resumes.default\">\n\t\t\t\t<div class=\"elementor-widget-container\">\n\t\t\t\t\t<p class=\"job-manager-error\">\u00dczg\u00fcn\u00fcz, \u00f6zge\u00e7mi\u015fleri g\u00f6rmek i\u00e7in yetkiniz yok.<\/p>\n\t\t\t\t<\/div>\n\t\t\t\t<\/div>\n\t\t\t\t\t<\/div>\n\t\t<\/div>\n\t\t\t\t\t<\/div>\n\t\t<\/section>\n\t\t\t\t<\/div>\n\t\t","protected":false},"excerpt":{"rendered":"<p>Keywords Location Category Any categoryDeveloperFinancial AccountantMarketingSoftwareSupport Filter by Skills c#csscss3htmlhtml5illustratorjavascriptPhotoshopphp Minimum Rate Load more resumes<\/p>\n","protected":false},"author":1,"featured_media":0,"parent":0,"menu_order":0,"comment_status":"closed","ping_status":"closed","template":"","meta":{"_monsterinsights_skip_tracking":false,"_monsterinsights_sitenote_active":false,"_monsterinsights_sitenote_note":"","_monsterinsights_sitenote_category":0,"footnotes":""},"class_list":["post-122","page","type-page","status-publish","hentry"],"translation":{"provider":"WPGlobus","version":"3.0.0","language":"tr","enabled_languages":["en","tr","ar","ru"],"languages":{"en":{"title":true,"content":true,"excerpt":false},"tr":{"title":false,"content":false,"excerpt":false},"ar":{"title":false,"content":false,"excerpt":false},"ru":{"title":false,"content":false,"excerpt":false}}},"yoast_head":"<!-- This site is optimized with the Yoast SEO plugin v25.1 - https:\/\/yoast.com\/wordpress\/plugins\/seo\/ -->\n<title>Resume List 1 - Stafimy<\/title>\n<meta name=\"robots\" content=\"index, follow, max-snippet:-1, max-image-preview:large, max-video-preview:-1\" \/>\n<link rel=\"canonical\" href=\"https:\/\/stafimy.com\/resume-list-1\/\" \/>\n<meta property=\"og:locale\" content=\"tr_TR\" \/>\n<meta property=\"og:type\" content=\"article\" \/>\n<meta property=\"og:title\" content=\"Resume List 1 - Stafimy\" \/>\n<meta property=\"og:url\" content=\"https:\/\/stafimy.com\/resume-list-1\/\" \/>\n<meta property=\"og:site_name\" content=\"Stafimy\" \/>\n<meta name=\"twitter:card\" content=\"summary_large_image\" \/>\n<script type=\"application\/ld+json\" class=\"yoast-schema-graph\">{\"@context\":\"https:\/\/schema.org\",\"@graph\":[{\"@type\":\"WebPage\",\"@id\":\"https:\/\/stafimy.com\/resume-list-1\/\",\"url\":\"https:\/\/stafimy.com\/resume-list-1\/\",\"name\":\"Resume List 1 - Stafimy\",\"isPartOf\":{\"@id\":\"https:\/\/stafimy.com\/#website\"},\"datePublished\":\"2020-05-07T10:54:36+00:00\",\"breadcrumb\":{\"@id\":\"https:\/\/stafimy.com\/resume-list-1\/#breadcrumb\"},\"inLanguage\":\"tr\",\"potentialAction\":[{\"@type\":\"ReadAction\",\"target\":[\"https:\/\/stafimy.com\/resume-list-1\/\"]}]},{\"@type\":\"BreadcrumbList\",\"@id\":\"https:\/\/stafimy.com\/resume-list-1\/#breadcrumb\",\"itemListElement\":[{\"@type\":\"ListItem\",\"position\":1,\"name\":\"Home\",\"item\":\"https:\/\/stafimy.com\/\"},{\"@type\":\"ListItem\",\"position\":2,\"name\":\"Resume List 1\"}]},{\"@type\":\"WebSite\",\"@id\":\"https:\/\/stafimy.com\/#website\",\"url\":\"https:\/\/stafimy.com\/\",\"name\":\"Stafimy\",\"description\":\"Stafimy\",\"publisher\":{\"@id\":\"https:\/\/stafimy.com\/#organization\"},\"potentialAction\":[{\"@type\":\"SearchAction\",\"target\":{\"@type\":\"EntryPoint\",\"urlTemplate\":\"https:\/\/stafimy.com\/?s={search_term_string}\"},\"query-input\":{\"@type\":\"PropertyValueSpecification\",\"valueRequired\":true,\"valueName\":\"search_term_string\"}}],\"inLanguage\":\"tr\"},{\"@type\":\"Organization\",\"@id\":\"https:\/\/stafimy.com\/#organization\",\"name\":\"Stafimy\",\"url\":\"https:\/\/stafimy.com\/\",\"logo\":{\"@type\":\"ImageObject\",\"inLanguage\":\"tr\",\"@id\":\"https:\/\/stafimy.com\/#\/schema\/logo\/image\/\",\"url\":\"https:\/\/stafimy.com\/wp-content\/uploads\/2021\/09\/stafimy-8.png\",\"contentUrl\":\"https:\/\/stafimy.com\/wp-content\/uploads\/2021\/09\/stafimy-8.png\",\"width\":500,\"height\":500,\"caption\":\"Stafimy\"},\"image\":{\"@id\":\"https:\/\/stafimy.com\/#\/schema\/logo\/image\/\"}}]}<\/script>\n<!-- \/ Yoast SEO plugin. -->","yoast_head_json":{"title":"Resume List 1 - Stafimy","robots":{"index":"index","follow":"follow","max-snippet":"max-snippet:-1","max-image-preview":"max-image-preview:large","max-video-preview":"max-video-preview:-1"},"canonical":"https:\/\/stafimy.com\/resume-list-1\/","og_locale":"tr_TR","og_type":"article","og_title":"Resume List 1 - Stafimy","og_url":"https:\/\/stafimy.com\/resume-list-1\/","og_site_name":"Stafimy","twitter_card":"summary_large_image","schema":{"@context":"https:\/\/schema.org","@graph":[{"@type":"WebPage","@id":"https:\/\/stafimy.com\/resume-list-1\/","url":"https:\/\/stafimy.com\/resume-list-1\/","name":"Resume List 1 - Stafimy","isPartOf":{"@id":"https:\/\/stafimy.com\/#website"},"datePublished":"2020-05-07T10:54:36+00:00","breadcrumb":{"@id":"https:\/\/stafimy.com\/resume-list-1\/#breadcrumb"},"inLanguage":"tr","potentialAction":[{"@type":"ReadAction","target":["https:\/\/stafimy.com\/resume-list-1\/"]}]},{"@type":"BreadcrumbList","@id":"https:\/\/stafimy.com\/resume-list-1\/#breadcrumb","itemListElement":[{"@type":"ListItem","position":1,"name":"Home","item":"https:\/\/stafimy.com\/"},{"@type":"ListItem","position":2,"name":"Resume List 1"}]},{"@type":"WebSite","@id":"https:\/\/stafimy.com\/#website","url":"https:\/\/stafimy.com\/","name":"Stafimy","description":"Stafimy","publisher":{"@id":"https:\/\/stafimy.com\/#organization"},"potentialAction":[{"@type":"SearchAction","target":{"@type":"EntryPoint","urlTemplate":"https:\/\/stafimy.com\/?s={search_term_string}"},"query-input":{"@type":"PropertyValueSpecification","valueRequired":true,"valueName":"search_term_string"}}],"inLanguage":"tr"},{"@type":"Organization","@id":"https:\/\/stafimy.com\/#organization","name":"Stafimy","url":"https:\/\/stafimy.com\/","logo":{"@type":"ImageObject","inLanguage":"tr","@id":"https:\/\/stafimy.com\/#\/schema\/logo\/image\/","url":"https:\/\/stafimy.com\/wp-content\/uploads\/2021\/09\/stafimy-8.png","contentUrl":"https:\/\/stafimy.com\/wp-content\/uploads\/2021\/09\/stafimy-8.png","width":500,"height":500,"caption":"Stafimy"},"image":{"@id":"https:\/\/stafimy.com\/#\/schema\/logo\/image\/"}}]}},"_links":{"self":[{"href":"https:\/\/stafimy.com\/tr\/wp-json\/wp\/v2\/pages\/122","targetHints":{"allow":["GET"]}}],"collection":[{"href":"https:\/\/stafimy.com\/tr\/wp-json\/wp\/v2\/pages"}],"about":[{"href":"https:\/\/stafimy.com\/tr\/wp-json\/wp\/v2\/types\/page"}],"author":[{"embeddable":true,"href":"https:\/\/stafimy.com\/tr\/wp-json\/wp\/v2\/users\/1"}],"replies":[{"embeddable":true,"href":"https:\/\/stafimy.com\/tr\/wp-json\/wp\/v2\/comments?post=122"}],"version-history":[{"count":0,"href":"https:\/\/stafimy.com\/tr\/wp-json\/wp\/v2\/pages\/122\/revisions"}],"wp:attachment":[{"href":"https:\/\/stafimy.com\/tr\/wp-json\/wp\/v2\/media?parent=122"}],"curies":[{"name":"wp","href":"https:\/\/api.w.org\/{rel}","templated":true}]}}