{"id":118,"date":"2020-05-07T10:53:06","date_gmt":"2020-05-07T10:53:06","guid":{"rendered":"https:\/\/cariera.co\/new\/?page_id=118"},"modified":"2023-03-25T12:05:30","modified_gmt":"2023-03-25T09:05:30","slug":"submit-resume","status":"publish","type":"page","link":"https:\/\/stafimy.com\/tr\/submit-resume\/","title":{"rendered":"Submit Resume"},"content":{"rendered":"<form action=\"\/tr\/wp-json\/wp\/v2\/pages\/118\" method=\"post\" id=\"submit-resume-form\" class=\"job-manager-form\" enctype=\"multipart\/form-data\">\r\n\r\n\t<input type=\"hidden\" id=\"_wpjm_nonce\" name=\"_wpjm_nonce\" value=\"79be6111a1\" \/><input type=\"hidden\" name=\"_wp_http_referer\" value=\"\/tr\/wp-json\/wp\/v2\/pages\/118\" \/>\r\n\t\r\n\t\t\r\n\t<fieldset>\r\n\t\t<label class=\"account-sign-in-label\">Have an account?<\/label>\r\n        \r\n\t\t<div class=\"field account-sign-in\">\r\n                            <p>\r\n                    If you don&rsquo;t have an account you can create one below by entering your email address. Your account details will be confirmed via email.                <\/p>\r\n                        \r\n            <div class=\"button-wrapper\">\r\n                                    <a href=\"#login-register-popup\" class=\"popup-with-zoom-anim btn btn-main btn-effect\">\r\n                                    \r\n                Sign in<\/a>\r\n            <\/div>\r\n\t\t<\/div>\r\n\t<\/fieldset>\r\n\r\n\r\n    \r\n\t\r\n\t\r\n\t\t<!-- Resume Fields -->\r\n\t\t<div class=\"submit-job-box submit_resume-info\"><h3 class=\"title\">Candidate Details<\/h3><div class=\"form-fields\">\r\n\t\t\t\t\t<fieldset class=\"fieldset-candidate_name\">\r\n\t\t\t\t<label for=\"candidate_name\">Aday\u0131n Ad\u0131<\/label>\r\n\t\t\t\t<div class=\"field\">\r\n\t\t\t\t\t<input type=\"text\" class=\"input-text\" name=\"candidate_name\" id=\"candidate_name\" placeholder=\"Aday\u0131n Tam Ad\u0131\" value=\"\" maxlength=\"\" required \/>\n\t\t\t\t<\/div>\r\n\t\t\t<\/fieldset>\r\n\t\t\t\t\t<fieldset class=\"fieldset-candidate_email\">\r\n\t\t\t\t<label for=\"candidate_email\">Aday\u0131n Epostas\u0131<\/label>\r\n\t\t\t\t<div class=\"field\">\r\n\t\t\t\t\t<input type=\"text\" class=\"input-text\" name=\"candidate_email\" id=\"candidate_email\" placeholder=\"eposta@ornekdomain.com\" value=\"\" maxlength=\"\" required \/>\n\t\t\t\t<\/div>\r\n\t\t\t<\/fieldset>\r\n\t\t\t\t\t<fieldset class=\"fieldset-candidate_title\">\r\n\t\t\t\t<label for=\"candidate_title\">Profesyonel Titri<\/label>\r\n\t\t\t\t<div class=\"field\">\r\n\t\t\t\t\t<input type=\"text\" class=\"input-text\" name=\"candidate_title\" id=\"candidate_title\" placeholder=\"\u00f6rnek.  &quot;Web Geli\u015ftiricisi&quot;\" value=\"\" maxlength=\"\" required \/>\n\t\t\t\t<\/div>\r\n\t\t\t<\/fieldset>\r\n\t\t\t\t\t<fieldset class=\"fieldset-candidate_location\">\r\n\t\t\t\t<label for=\"candidate_location\">Lokasyon<\/label>\r\n\t\t\t\t<div class=\"field\">\r\n\t\t\t\t\t<input type=\"text\" class=\"input-text\" name=\"candidate_location\" id=\"candidate_location\" placeholder=\"\u00f6rnek. &quot;\u0130stanbul, TR&quot;, &quot;Ankara&quot;, &quot;Washington, DC&quot;\" value=\"\" maxlength=\"\" required \/>\n\t\t\t\t<\/div>\r\n\t\t\t<\/fieldset>\r\n\t\t\t\t\t<fieldset class=\"fieldset-candidate_featured_image\">\r\n\t\t\t\t<label for=\"candidate_featured_image\">Cover Image <small>(optional)<\/small><\/label>\r\n\t\t\t\t<div class=\"field\">\r\n\t\t\t\t\t\r\n\r\n<div class=\"cariera-file-upload-field\">\r\n\t<input\r\n\t\ttype=\"file\"\r\n\t\tclass=\"input-text\"\r\n\t\tdata-file_types=\"jpg|jpeg|gif|png\"\r\n\t\t\t\t\t\t\t\tname=\"candidate_featured_image\"\r\n\t\tid=\"candidate_featured_image\"\r\n\t\tplaceholder=\"\"\r\n\t\/>\r\n\r\n\t<label class=\"upload-file\" for=\"candidate_featured_image\">\r\n\t\t<i class=\"fas fa-upload\"><\/i>\r\n\t\t<div class=\"upload-content\">Upload<\/div>\r\n\t<\/label>\r\n\r\n\t<div class=\"job-manager-uploaded-files\">\r\n\t\t\t<\/div>\r\n<\/div>\r\n\r\n<small class=\"description\">\r\n\t\t\tThe cover image size should be max 1920x400px\t<\/small>\t\t\t\t<\/div>\r\n\t\t\t<\/fieldset>\r\n\t\t\t\t\t<fieldset class=\"fieldset-candidate_photo\">\r\n\t\t\t\t<label for=\"candidate_photo\">Resim <small>(optional)<\/small><\/label>\r\n\t\t\t\t<div class=\"field\">\r\n\t\t\t\t\t\r\n\r\n<div class=\"cariera-file-upload-field\">\r\n\t<input\r\n\t\ttype=\"file\"\r\n\t\tclass=\"input-text\"\r\n\t\tdata-file_types=\"jpg|jpeg|gif|png\"\r\n\t\t\t\t\t\t\t\tname=\"candidate_photo\"\r\n\t\tid=\"candidate_photo\"\r\n\t\tplaceholder=\"\"\r\n\t\/>\r\n\r\n\t<label class=\"upload-file\" for=\"candidate_photo\">\r\n\t\t<i class=\"fas fa-upload\"><\/i>\r\n\t\t<div class=\"upload-content\">Upload<\/div>\r\n\t<\/label>\r\n\r\n\t<div class=\"job-manager-uploaded-files\">\r\n\t\t\t<\/div>\r\n<\/div>\r\n\r\n<small class=\"description\">\r\n\t\t\tMaximum file size: 128 MB.\t<\/small>\t\t\t\t<\/div>\r\n\t\t\t<\/fieldset>\r\n\t\t\t\t\t<fieldset class=\"fieldset-candidate_video\">\r\n\t\t\t\t<label for=\"candidate_video\">Vidyo <small>(optional)<\/small><\/label>\r\n\t\t\t\t<div class=\"field\">\r\n\t\t\t\t\t<input type=\"text\" class=\"input-text\" name=\"candidate_video\" id=\"candidate_video\" placeholder=\"Kendi hakk\u0131n\u0131zda bir filmin ba\u011flant\u0131 adresi\" value=\"\" maxlength=\"\"  \/>\n\t\t\t\t<\/div>\r\n\t\t\t<\/fieldset>\r\n\t\t\t\t\t<fieldset class=\"fieldset-resume_content\">\r\n\t\t\t\t<label for=\"resume_content\">\u00d6zge\u00e7mi\u015f \u0130\u00e7eri\u011fi<\/label>\r\n\t\t\t\t<div class=\"field\">\r\n\t\t\t\t\t<div id=\"wp-resume_content-wrap\" class=\"wp-core-ui wp-editor-wrap tmce-active\"><link rel='stylesheet' id='dashicons-css' href='https:\/\/stafimy.com\/wp-includes\/css\/dashicons.min.css?ver=6.9.1' type='text\/css' media='all' \/>\n<link rel='stylesheet' id='editor-buttons-css' href='https:\/\/stafimy.com\/wp-includes\/css\/editor.min.css?ver=6.9.1' type='text\/css' media='all' \/>\n<style> .mce-top-part button { background-color: rgba(0,0,0,0.0) !important; } <\/style>\n<div id=\"wp-resume_content-editor-container\" class=\"wp-editor-container\"><textarea class=\"wp-editor-area\" rows=\"8\" autocomplete=\"off\" cols=\"40\" name=\"resume_content\" id=\"resume_content\"><\/textarea><\/div>\n<\/div>\n\n\t\t\t\t<\/div>\r\n\t\t\t<\/fieldset>\r\n\t\t\t\t\t<fieldset class=\"fieldset-resume_skills\">\r\n\t\t\t\t<label for=\"resume_skills\">Nitelikler <small>(optional)<\/small><\/label>\r\n\t\t\t\t<div class=\"field\">\r\n\t\t\t\t\t<input type=\"text\" class=\"input-text\" name=\"resume_skills\" id=\"resume_skills\" placeholder=\"\u0130li\u015fkili nitelikleri virg\u00fcller ile ay\u0131rarak ekleyin.\" value=\"\" maxlength=\"\"  \/>\n\t\t\t\t<\/div>\r\n\t\t\t<\/fieldset>\r\n\t\t\t\t\t<fieldset class=\"fieldset-candidate_rate\">\r\n\t\t\t\t<label for=\"candidate_rate\">Rate per Hour <small>(optional)<\/small><\/label>\r\n\t\t\t\t<div class=\"field\">\r\n\t\t\t\t\t<input type=\"text\" class=\"input-text\" name=\"candidate_rate\" id=\"candidate_rate\" placeholder=\"e.g. 20\" value=\"\" maxlength=\"\"  \/>\n\t\t\t\t<\/div>\r\n\t\t\t<\/fieldset>\r\n\t\t\t\t\t<fieldset class=\"fieldset-candidate_education_level\">\r\n\t\t\t\t<label for=\"candidate_education_level\">Education Level <small>(optional)<\/small><\/label>\r\n\t\t\t\t<div class=\"field\">\r\n\t\t\t\t\t<select  name='candidate_education_level' id='candidate_education_level' class='cariera-select2'>\n\t<option value='-1'>&#8211;<\/option>\n\t<option class=\"level-0\" value=\"44\">Associate Degree<\/option>\n\t<option class=\"level-0\" value=\"46\">Bachelor Degree<\/option>\n\t<option class=\"level-0\" value=\"63\">Doctorate Degree<\/option>\n\t<option class=\"level-0\" value=\"72\">High School<\/option>\n\t<option class=\"level-0\" value=\"85\">Master Degree<\/option>\n<\/select>\n\t\t\t\t<\/div>\r\n\t\t\t<\/fieldset>\r\n\t\t\t\t\t<fieldset class=\"fieldset-candidate_languages\">\r\n\t\t\t\t<label for=\"candidate_languages\">Languages <small>(optional)<\/small><\/label>\r\n\t\t\t\t<div class=\"field\">\r\n\t\t\t\t\t<input type=\"text\" class=\"input-text\" name=\"candidate_languages\" id=\"candidate_languages\" placeholder=\"English, German, Chinese\" value=\"\" maxlength=\"\"  \/>\n\t\t\t\t<\/div>\r\n\t\t\t<\/fieldset>\r\n\t\t\t\t\t<fieldset class=\"fieldset-candidate_experience_years\">\r\n\t\t\t\t<label for=\"candidate_experience_years\">Experience <small>(optional)<\/small><\/label>\r\n\t\t\t\t<div class=\"field\">\r\n\t\t\t\t\t<select  name='candidate_experience_years' id='candidate_experience_years' class='cariera-select2'>\n\t<option value='-1'>&#8211;<\/option>\n\t<option class=\"level-0\" value=\"32\">1-2 Years<\/option>\n\t<option class=\"level-0\" value=\"34\">10+ Years<\/option>\n\t<option class=\"level-0\" value=\"39\">3-5 Years<\/option>\n\t<option class=\"level-0\" value=\"41\">6-9 Years<\/option>\n<\/select>\n\t\t\t\t<\/div>\r\n\t\t\t<\/fieldset>\r\n\t\t\t\t\t<fieldset class=\"fieldset-candidate_facebook\">\r\n\t\t\t\t<label for=\"candidate_facebook\">Facebook <small>(optional)<\/small><\/label>\r\n\t\t\t\t<div class=\"field\">\r\n\t\t\t\t\t<input type=\"text\" class=\"input-text\" name=\"candidate_facebook\" id=\"candidate_facebook\" placeholder=\"Your Facebook page link\" value=\"\" maxlength=\"\"  \/>\n\t\t\t\t<\/div>\r\n\t\t\t<\/fieldset>\r\n\t\t\t\t\t<fieldset class=\"fieldset-candidate_twitter\">\r\n\t\t\t\t<label for=\"candidate_twitter\">Twitter <small>(optional)<\/small><\/label>\r\n\t\t\t\t<div class=\"field\">\r\n\t\t\t\t\t<input type=\"text\" class=\"input-text\" name=\"candidate_twitter\" id=\"candidate_twitter\" placeholder=\"Your Twitter page link\" value=\"\" maxlength=\"\"  \/>\n\t\t\t\t<\/div>\r\n\t\t\t<\/fieldset>\r\n\t\t\t\t\t<fieldset class=\"fieldset-candidate_linkedin\">\r\n\t\t\t\t<label for=\"candidate_linkedin\">LinkedIn <small>(optional)<\/small><\/label>\r\n\t\t\t\t<div class=\"field\">\r\n\t\t\t\t\t<input type=\"text\" class=\"input-text\" name=\"candidate_linkedin\" id=\"candidate_linkedin\" placeholder=\"Your LinkedIn page link\" value=\"\" maxlength=\"\"  \/>\n\t\t\t\t<\/div>\r\n\t\t\t<\/fieldset>\r\n\t\t\t\t\t<fieldset class=\"fieldset-candidate_instagram\">\r\n\t\t\t\t<label for=\"candidate_instagram\">Instagram <small>(optional)<\/small><\/label>\r\n\t\t\t\t<div class=\"field\">\r\n\t\t\t\t\t<input type=\"text\" class=\"input-text\" name=\"candidate_instagram\" id=\"candidate_instagram\" placeholder=\"Your Instagram page link\" value=\"\" maxlength=\"\"  \/>\n\t\t\t\t<\/div>\r\n\t\t\t<\/fieldset>\r\n\t\t\t\t\t<fieldset class=\"fieldset-candidate_youtube\">\r\n\t\t\t\t<label for=\"candidate_youtube\">Youtube <small>(optional)<\/small><\/label>\r\n\t\t\t\t<div class=\"field\">\r\n\t\t\t\t\t<input type=\"text\" class=\"input-text\" name=\"candidate_youtube\" id=\"candidate_youtube\" placeholder=\"Your Youtube page link\" value=\"\" maxlength=\"\"  \/>\n\t\t\t\t<\/div>\r\n\t\t\t<\/fieldset>\r\n\t\t\t\t\t<fieldset class=\"fieldset-links\">\r\n\t\t\t\t<label for=\"links\">Ba\u011flant\u0131(lar) <small>(optional)<\/small><\/label>\r\n\t\t\t\t<div class=\"field\">\r\n\t\t\t\t\t\r\n<a href=\"#\" class=\"resume-manager-add-row btn btn-main btn-effect\" data-row=\"\t\t&lt;div class=&quot;resume-manager-data-row&quot;&gt;\r\n\t\t\t&lt;input type=&quot;hidden&quot; class=&quot;repeated-row-index&quot; name=&quot;repeated-row-links[]&quot; value=&quot;%%repeated-row-index%%&quot; \/&gt;\r\n\t\t\t&lt;a href=&quot;#&quot; class=&quot;resume-manager-remove-row&quot;&gt;Remove&lt;\/a&gt;\r\n\t\t\t\t\t\t\t&lt;fieldset class=&quot;fieldset-name&quot;&gt;\r\n\t\t\t\t\t&lt;label for=&quot;name&quot;&gt;\u0130sim&lt;\/label&gt;\r\n\t\t\t\t\t&lt;div class=&quot;field&quot;&gt;\r\n\t\t\t\t\t\t&lt;input type=&quot;text&quot; class=&quot;input-text&quot; name=&quot;links_name_%%repeated-row-index%%&quot; id=&quot;name&quot; placeholder=&quot;&quot; value=&quot;&quot; maxlength=&quot;&quot; required \/&gt;\n\t\t\t\t\t&lt;\/div&gt;\r\n\t\t\t\t&lt;\/fieldset&gt;\r\n\t\t\t\t\t\t\t&lt;fieldset class=&quot;fieldset-url&quot;&gt;\r\n\t\t\t\t\t&lt;label for=&quot;url&quot;&gt;Ba\u011flant\u0131&lt;\/label&gt;\r\n\t\t\t\t\t&lt;div class=&quot;field&quot;&gt;\r\n\t\t\t\t\t\t&lt;input type=&quot;text&quot; class=&quot;input-text&quot; name=&quot;links_url_%%repeated-row-index%%&quot; id=&quot;url&quot; placeholder=&quot;&quot; value=&quot;&quot; maxlength=&quot;&quot; required \/&gt;\n\t\t\t\t\t&lt;\/div&gt;\r\n\t\t\t\t&lt;\/fieldset&gt;\r\n\t\t\t\t\t&lt;\/div&gt;\r\n\t\">+ Ba\u011flant\u0131 Ekle<\/a>\r\n<small class=\"description\">Opsiyonel olarak kendi internet site ve sosyal a\u011flar\u0131n\u0131za ba\u011flant\u0131lar\u0131 ekleyebilirsiniz.<\/small>\t\t\t\t<\/div>\r\n\t\t\t<\/fieldset>\r\n\t\t\t\t\t<fieldset class=\"fieldset-candidate_education\">\r\n\t\t\t\t<label for=\"candidate_education\">E\u011fitim <small>(optional)<\/small><\/label>\r\n\t\t\t\t<div class=\"field\">\r\n\t\t\t\t\t\r\n<a href=\"#\" class=\"resume-manager-add-row btn btn-main btn-effect\" data-row=\"\t\t&lt;div class=&quot;resume-manager-data-row&quot;&gt;\r\n\t\t\t&lt;input type=&quot;hidden&quot; class=&quot;repeated-row-index&quot; name=&quot;repeated-row-candidate_education[]&quot; value=&quot;%%repeated-row-index%%&quot; \/&gt;\r\n\t\t\t&lt;a href=&quot;#&quot; class=&quot;resume-manager-remove-row&quot;&gt;Remove&lt;\/a&gt;\r\n\t\t\t\t\t\t\t&lt;fieldset class=&quot;fieldset-location&quot;&gt;\r\n\t\t\t\t\t&lt;label for=&quot;location&quot;&gt;Okul ad\u0131&lt;\/label&gt;\r\n\t\t\t\t\t&lt;div class=&quot;field&quot;&gt;\r\n\t\t\t\t\t\t&lt;input type=&quot;text&quot; class=&quot;input-text&quot; name=&quot;candidate_education_location_%%repeated-row-index%%&quot; id=&quot;location&quot; placeholder=&quot;&quot; value=&quot;&quot; maxlength=&quot;&quot; required \/&gt;\n\t\t\t\t\t&lt;\/div&gt;\r\n\t\t\t\t&lt;\/fieldset&gt;\r\n\t\t\t\t\t\t\t&lt;fieldset class=&quot;fieldset-qualification&quot;&gt;\r\n\t\t\t\t\t&lt;label for=&quot;qualification&quot;&gt;Nitelik(ler)&lt;\/label&gt;\r\n\t\t\t\t\t&lt;div class=&quot;field&quot;&gt;\r\n\t\t\t\t\t\t&lt;input type=&quot;text&quot; class=&quot;input-text&quot; name=&quot;candidate_education_qualification_%%repeated-row-index%%&quot; id=&quot;qualification&quot; placeholder=&quot;&quot; value=&quot;&quot; maxlength=&quot;&quot; required \/&gt;\n\t\t\t\t\t&lt;\/div&gt;\r\n\t\t\t\t&lt;\/fieldset&gt;\r\n\t\t\t\t\t\t\t&lt;fieldset class=&quot;fieldset-date&quot;&gt;\r\n\t\t\t\t\t&lt;label for=&quot;date&quot;&gt;Ba\u015flang\u0131\u00e7\/Biti\u015f Tarihleri&lt;\/label&gt;\r\n\t\t\t\t\t&lt;div class=&quot;field&quot;&gt;\r\n\t\t\t\t\t\t&lt;input type=&quot;text&quot; class=&quot;input-text&quot; name=&quot;candidate_education_date_%%repeated-row-index%%&quot; id=&quot;date&quot; placeholder=&quot;&quot; value=&quot;&quot; maxlength=&quot;&quot; required \/&gt;\n\t\t\t\t\t&lt;\/div&gt;\r\n\t\t\t\t&lt;\/fieldset&gt;\r\n\t\t\t\t\t\t\t&lt;fieldset class=&quot;fieldset-notes&quot;&gt;\r\n\t\t\t\t\t&lt;label for=&quot;notes&quot;&gt;Notlar &lt;small&gt;(optional)&lt;\/small&gt;&lt;\/label&gt;\r\n\t\t\t\t\t&lt;div class=&quot;field&quot;&gt;\r\n\t\t\t\t\t\t&lt;textarea cols=&quot;20&quot; rows=&quot;3&quot; class=&quot;input-text&quot; name=&quot;candidate_education_notes_%%repeated-row-index%%&quot; id=&quot;notes&quot; placeholder=&quot;&quot; maxlength=&quot;&quot; &gt;&lt;\/textarea&gt;\n\t\t\t\t\t&lt;\/div&gt;\r\n\t\t\t\t&lt;\/fieldset&gt;\r\n\t\t\t\t\t&lt;\/div&gt;\r\n\t\">+ E\u011fitim Ekle<\/a>\r\n\t\t\t\t<\/div>\r\n\t\t\t<\/fieldset>\r\n\t\t\t\t\t<fieldset class=\"fieldset-candidate_experience\">\r\n\t\t\t\t<label for=\"candidate_experience\">Deneyim <small>(optional)<\/small><\/label>\r\n\t\t\t\t<div class=\"field\">\r\n\t\t\t\t\t\r\n<a href=\"#\" class=\"resume-manager-add-row btn btn-main btn-effect\" data-row=\"\t\t&lt;div class=&quot;resume-manager-data-row&quot;&gt;\r\n\t\t\t&lt;input type=&quot;hidden&quot; class=&quot;repeated-row-index&quot; name=&quot;repeated-row-candidate_experience[]&quot; value=&quot;%%repeated-row-index%%&quot; \/&gt;\r\n\t\t\t&lt;a href=&quot;#&quot; class=&quot;resume-manager-remove-row&quot;&gt;Remove&lt;\/a&gt;\r\n\t\t\t\t\t\t\t&lt;fieldset class=&quot;fieldset-employer&quot;&gt;\r\n\t\t\t\t\t&lt;label for=&quot;employer&quot;&gt;\u0130\u015fveren&lt;\/label&gt;\r\n\t\t\t\t\t&lt;div class=&quot;field&quot;&gt;\r\n\t\t\t\t\t\t&lt;input type=&quot;text&quot; class=&quot;input-text&quot; name=&quot;candidate_experience_employer_%%repeated-row-index%%&quot; id=&quot;employer&quot; placeholder=&quot;&quot; value=&quot;&quot; maxlength=&quot;&quot; required \/&gt;\n\t\t\t\t\t&lt;\/div&gt;\r\n\t\t\t\t&lt;\/fieldset&gt;\r\n\t\t\t\t\t\t\t&lt;fieldset class=&quot;fieldset-job_title&quot;&gt;\r\n\t\t\t\t\t&lt;label for=&quot;job_title&quot;&gt;Pozisyon \u0130smi&lt;\/label&gt;\r\n\t\t\t\t\t&lt;div class=&quot;field&quot;&gt;\r\n\t\t\t\t\t\t&lt;input type=&quot;text&quot; class=&quot;input-text&quot; name=&quot;candidate_experience_job_title_%%repeated-row-index%%&quot; id=&quot;job_title&quot; placeholder=&quot;&quot; value=&quot;&quot; maxlength=&quot;&quot; required \/&gt;\n\t\t\t\t\t&lt;\/div&gt;\r\n\t\t\t\t&lt;\/fieldset&gt;\r\n\t\t\t\t\t\t\t&lt;fieldset class=&quot;fieldset-date&quot;&gt;\r\n\t\t\t\t\t&lt;label for=&quot;date&quot;&gt;Ba\u015flang\u0131\u00e7\/Biti\u015f Tarihleri&lt;\/label&gt;\r\n\t\t\t\t\t&lt;div class=&quot;field&quot;&gt;\r\n\t\t\t\t\t\t&lt;input type=&quot;text&quot; class=&quot;input-text&quot; name=&quot;candidate_experience_date_%%repeated-row-index%%&quot; id=&quot;date&quot; placeholder=&quot;&quot; value=&quot;&quot; maxlength=&quot;&quot; required \/&gt;\n\t\t\t\t\t&lt;\/div&gt;\r\n\t\t\t\t&lt;\/fieldset&gt;\r\n\t\t\t\t\t\t\t&lt;fieldset class=&quot;fieldset-notes&quot;&gt;\r\n\t\t\t\t\t&lt;label for=&quot;notes&quot;&gt;Notlar &lt;small&gt;(optional)&lt;\/small&gt;&lt;\/label&gt;\r\n\t\t\t\t\t&lt;div class=&quot;field&quot;&gt;\r\n\t\t\t\t\t\t&lt;textarea cols=&quot;20&quot; rows=&quot;3&quot; class=&quot;input-text&quot; name=&quot;candidate_experience_notes_%%repeated-row-index%%&quot; id=&quot;notes&quot; placeholder=&quot;&quot; maxlength=&quot;&quot; &gt;&lt;\/textarea&gt;\n\t\t\t\t\t&lt;\/div&gt;\r\n\t\t\t\t&lt;\/fieldset&gt;\r\n\t\t\t\t\t&lt;\/div&gt;\r\n\t\">+ Deneyim Ekle<\/a>\r\n\t\t\t\t<\/div>\r\n\t\t\t<\/fieldset>\r\n\t\t\t\t\t<fieldset class=\"fieldset-resume_file\">\r\n\t\t\t\t<label for=\"resume_file\">\u00d6zge\u00e7mi\u015f Dosyas\u0131 <small>(optional)<\/small><\/label>\r\n\t\t\t\t<div class=\"field\">\r\n\t\t\t\t\t\r\n\r\n<div class=\"cariera-file-upload-field\">\r\n\t<input\r\n\t\ttype=\"file\"\r\n\t\tclass=\"input-text\"\r\n\t\tdata-file_types=\"jpg|jpeg|jpe|gif|png|bmp|tiff|tif|webp|avif|ico|heic|heif|heics|heifs|asf|asx|wmv|wmx|wm|avi|divx|flv|mov|qt|mpeg|mpg|mpe|mp4|m4v|ogv|webm|mkv|3gp|3gpp|3g2|3gp2|txt|asc|c|cc|h|srt|csv|tsv|ics|rtx|css|vtt|dfxp|mp3|m4a|m4b|aac|ra|ram|wav|x-wav|ogg|oga|flac|mid|midi|wma|wax|mka|rtf|pdf|class|tar|zip|gz|gzip|rar|7z|psd|xcf|doc|pot|pps|ppt|wri|xla|xls|xlt|xlw|mdb|mpp|docx|docm|dotx|dotm|xlsx|xlsm|xlsb|xltx|xltm|xlam|pptx|pptm|ppsx|ppsm|potx|potm|ppam|sldx|sldm|onetoc|onetoc2|onetmp|onepkg|oxps|xps|odt|odp|ods|odg|odc|odb|odf|wp|wpd|key|numbers|pages\"\r\n\t\t\t\t\t\t\t\tname=\"resume_file\"\r\n\t\tid=\"resume_file\"\r\n\t\tplaceholder=\"\"\r\n\t\/>\r\n\r\n\t<label class=\"upload-file\" for=\"resume_file\">\r\n\t\t<i class=\"fas fa-upload\"><\/i>\r\n\t\t<div class=\"upload-content\">Upload<\/div>\r\n\t<\/label>\r\n\r\n\t<div class=\"job-manager-uploaded-files\">\r\n\t\t\t<\/div>\r\n<\/div>\r\n\r\n<small class=\"description\">\r\n\t\t\t\u0130\u015fverenlerin g\u00f6rmesi i\u00e7in opsiyonel olarak \u00f6zge\u00e7mi\u015fi dosya olarak da ekleyebilirsiniz. En b\u00fcy\u00fck dosya boyutu: 128 MB.\t<\/small>\t\t\t\t<\/div>\r\n\t\t\t<\/fieldset>\r\n\t\t\r\n\t\t<\/div><\/div><fieldset class=\"fieldset-recaptcha\">\n\t<label for=\"recaptcha\">Are you human?<\/label>\n\t<div class=\"field required-field\">\n\t\t<div class=\"g-recaptcha\" data-sitekey=\"6LfrM00dAAAAAISHGKmVJ0_lA0lfuD2_qWoOKJHj\"><\/div>\n\t\t\t<\/div>\n<\/fieldset>\n\r\n\t\t<div class=\"cariera-listing-submission\">\r\n            <div class=\"submission-progress\"><\/div>\r\n\t\t\t<input type=\"hidden\" name=\"resume_manager_form\" value=\"submit-resume\" \/>\r\n\t\t\t<input type=\"hidden\" name=\"resume_id\" value=\"0\" \/>\r\n\t\t\t<input type=\"hidden\" name=\"job_id\" value=\"0\" \/>\r\n\t\t\t<input type=\"hidden\" name=\"step\" value=\"0\" \/>\r\n            \t\t\t<input type=\"submit\" name=\"submit_resume\" class=\"button\" value=\"Preview Resume\" \/>\r\n        <\/div>\r\n\r\n\t\r\n\t<\/form>\r\n\n","protected":false},"excerpt":{"rendered":"","protected":false},"author":1,"featured_media":0,"parent":0,"menu_order":0,"comment_status":"closed","ping_status":"closed","template":"templates\/user-dashboard.php","meta":{"_monsterinsights_skip_tracking":false,"_monsterinsights_sitenote_active":false,"_monsterinsights_sitenote_note":"","_monsterinsights_sitenote_category":0,"footnotes":""},"class_list":["post-118","page","type-page","status-publish","hentry"],"translation":{"provider":"WPGlobus","version":"3.0.0","language":"tr","enabled_languages":["en","tr","ar","ru"],"languages":{"en":{"title":true,"content":true,"excerpt":false},"tr":{"title":false,"content":false,"excerpt":false},"ar":{"title":false,"content":false,"excerpt":false},"ru":{"title":false,"content":false,"excerpt":false}}},"yoast_head":"<!-- This site is optimized with the Yoast SEO plugin v25.1 - https:\/\/yoast.com\/wordpress\/plugins\/seo\/ -->\n<title>Submit Resume - Stafimy<\/title>\n<meta name=\"robots\" content=\"index, follow, max-snippet:-1, max-image-preview:large, max-video-preview:-1\" \/>\n<link rel=\"canonical\" href=\"https:\/\/stafimy.com\/submit-resume\/\" \/>\n<meta property=\"og:locale\" content=\"tr_TR\" \/>\n<meta property=\"og:type\" content=\"article\" \/>\n<meta property=\"og:title\" content=\"Submit Resume - Stafimy\" \/>\n<meta property=\"og:url\" content=\"https:\/\/stafimy.com\/submit-resume\/\" \/>\n<meta property=\"og:site_name\" content=\"Stafimy\" \/>\n<meta property=\"article:modified_time\" content=\"2023-03-25T09:05:30+00:00\" \/>\n<meta name=\"twitter:card\" content=\"summary_large_image\" \/>\n<script type=\"application\/ld+json\" class=\"yoast-schema-graph\">{\"@context\":\"https:\/\/schema.org\",\"@graph\":[{\"@type\":\"WebPage\",\"@id\":\"https:\/\/stafimy.com\/submit-resume\/\",\"url\":\"https:\/\/stafimy.com\/submit-resume\/\",\"name\":\"Submit Resume - Stafimy\",\"isPartOf\":{\"@id\":\"https:\/\/stafimy.com\/#website\"},\"datePublished\":\"2020-05-07T10:53:06+00:00\",\"dateModified\":\"2023-03-25T09:05:30+00:00\",\"breadcrumb\":{\"@id\":\"https:\/\/stafimy.com\/submit-resume\/#breadcrumb\"},\"inLanguage\":\"tr\",\"potentialAction\":[{\"@type\":\"ReadAction\",\"target\":[\"https:\/\/stafimy.com\/submit-resume\/\"]}]},{\"@type\":\"BreadcrumbList\",\"@id\":\"https:\/\/stafimy.com\/submit-resume\/#breadcrumb\",\"itemListElement\":[{\"@type\":\"ListItem\",\"position\":1,\"name\":\"Home\",\"item\":\"https:\/\/stafimy.com\/\"},{\"@type\":\"ListItem\",\"position\":2,\"name\":\"Submit Resume\"}]},{\"@type\":\"WebSite\",\"@id\":\"https:\/\/stafimy.com\/#website\",\"url\":\"https:\/\/stafimy.com\/\",\"name\":\"Stafimy\",\"description\":\"Stafimy\",\"publisher\":{\"@id\":\"https:\/\/stafimy.com\/#organization\"},\"potentialAction\":[{\"@type\":\"SearchAction\",\"target\":{\"@type\":\"EntryPoint\",\"urlTemplate\":\"https:\/\/stafimy.com\/?s={search_term_string}\"},\"query-input\":{\"@type\":\"PropertyValueSpecification\",\"valueRequired\":true,\"valueName\":\"search_term_string\"}}],\"inLanguage\":\"tr\"},{\"@type\":\"Organization\",\"@id\":\"https:\/\/stafimy.com\/#organization\",\"name\":\"Stafimy\",\"url\":\"https:\/\/stafimy.com\/\",\"logo\":{\"@type\":\"ImageObject\",\"inLanguage\":\"tr\",\"@id\":\"https:\/\/stafimy.com\/#\/schema\/logo\/image\/\",\"url\":\"https:\/\/stafimy.com\/wp-content\/uploads\/2021\/09\/stafimy-8.png\",\"contentUrl\":\"https:\/\/stafimy.com\/wp-content\/uploads\/2021\/09\/stafimy-8.png\",\"width\":500,\"height\":500,\"caption\":\"Stafimy\"},\"image\":{\"@id\":\"https:\/\/stafimy.com\/#\/schema\/logo\/image\/\"}}]}<\/script>\n<!-- \/ Yoast SEO plugin. -->","yoast_head_json":{"title":"Submit Resume - Stafimy","robots":{"index":"index","follow":"follow","max-snippet":"max-snippet:-1","max-image-preview":"max-image-preview:large","max-video-preview":"max-video-preview:-1"},"canonical":"https:\/\/stafimy.com\/submit-resume\/","og_locale":"tr_TR","og_type":"article","og_title":"Submit Resume - Stafimy","og_url":"https:\/\/stafimy.com\/submit-resume\/","og_site_name":"Stafimy","article_modified_time":"2023-03-25T09:05:30+00:00","twitter_card":"summary_large_image","schema":{"@context":"https:\/\/schema.org","@graph":[{"@type":"WebPage","@id":"https:\/\/stafimy.com\/submit-resume\/","url":"https:\/\/stafimy.com\/submit-resume\/","name":"Submit Resume - Stafimy","isPartOf":{"@id":"https:\/\/stafimy.com\/#website"},"datePublished":"2020-05-07T10:53:06+00:00","dateModified":"2023-03-25T09:05:30+00:00","breadcrumb":{"@id":"https:\/\/stafimy.com\/submit-resume\/#breadcrumb"},"inLanguage":"tr","potentialAction":[{"@type":"ReadAction","target":["https:\/\/stafimy.com\/submit-resume\/"]}]},{"@type":"BreadcrumbList","@id":"https:\/\/stafimy.com\/submit-resume\/#breadcrumb","itemListElement":[{"@type":"ListItem","position":1,"name":"Home","item":"https:\/\/stafimy.com\/"},{"@type":"ListItem","position":2,"name":"Submit Resume"}]},{"@type":"WebSite","@id":"https:\/\/stafimy.com\/#website","url":"https:\/\/stafimy.com\/","name":"Stafimy","description":"Stafimy","publisher":{"@id":"https:\/\/stafimy.com\/#organization"},"potentialAction":[{"@type":"SearchAction","target":{"@type":"EntryPoint","urlTemplate":"https:\/\/stafimy.com\/?s={search_term_string}"},"query-input":{"@type":"PropertyValueSpecification","valueRequired":true,"valueName":"search_term_string"}}],"inLanguage":"tr"},{"@type":"Organization","@id":"https:\/\/stafimy.com\/#organization","name":"Stafimy","url":"https:\/\/stafimy.com\/","logo":{"@type":"ImageObject","inLanguage":"tr","@id":"https:\/\/stafimy.com\/#\/schema\/logo\/image\/","url":"https:\/\/stafimy.com\/wp-content\/uploads\/2021\/09\/stafimy-8.png","contentUrl":"https:\/\/stafimy.com\/wp-content\/uploads\/2021\/09\/stafimy-8.png","width":500,"height":500,"caption":"Stafimy"},"image":{"@id":"https:\/\/stafimy.com\/#\/schema\/logo\/image\/"}}]}},"_links":{"self":[{"href":"https:\/\/stafimy.com\/tr\/wp-json\/wp\/v2\/pages\/118","targetHints":{"allow":["GET"]}}],"collection":[{"href":"https:\/\/stafimy.com\/tr\/wp-json\/wp\/v2\/pages"}],"about":[{"href":"https:\/\/stafimy.com\/tr\/wp-json\/wp\/v2\/types\/page"}],"author":[{"embeddable":true,"href":"https:\/\/stafimy.com\/tr\/wp-json\/wp\/v2\/users\/1"}],"replies":[{"embeddable":true,"href":"https:\/\/stafimy.com\/tr\/wp-json\/wp\/v2\/comments?post=118"}],"version-history":[{"count":0,"href":"https:\/\/stafimy.com\/tr\/wp-json\/wp\/v2\/pages\/118\/revisions"}],"wp:attachment":[{"href":"https:\/\/stafimy.com\/tr\/wp-json\/wp\/v2\/media?parent=118"}],"curies":[{"name":"wp","href":"https:\/\/api.w.org\/{rel}","templated":true}]}}