{"id":116,"date":"2020-05-07T10:52:38","date_gmt":"2020-05-07T10:52:38","guid":{"rendered":"https:\/\/cariera.co\/new\/?page_id=116"},"modified":"2020-05-07T10:52:38","modified_gmt":"2020-05-07T10:52:38","slug":"resumes-with-sidebar-search","status":"publish","type":"page","link":"https:\/\/stafimy.com\/tr\/resumes-with-sidebar-search\/","title":{"rendered":"Resumes with Sidebar Search"},"content":{"rendered":"\t\t<div data-elementor-type=\"wp-page\" data-elementor-id=\"116\" class=\"elementor elementor-116\" data-elementor-post-type=\"page\">\n\t\t\t\t\t\t<section class=\"elementor-section elementor-top-section elementor-element elementor-element-18bf6af elementor-reverse-mobile elementor-section-boxed elementor-section-height-default elementor-section-height-default\" data-id=\"18bf6af\" data-element_type=\"section\">\n\t\t\t\t\t\t<div class=\"elementor-container elementor-column-gap-default\">\n\t\t\t\t\t<div class=\"elementor-column elementor-col-66 elementor-top-column elementor-element elementor-element-7971fb5\" data-id=\"7971fb5\" data-element_type=\"column\">\n\t\t\t<div class=\"elementor-widget-wrap elementor-element-populated\">\n\t\t\t\t\t\t<div class=\"elementor-element elementor-element-ba0955a elementor-widget elementor-widget-resumes\" data-id=\"ba0955a\" data-element_type=\"widget\" data-widget_type=\"resumes.default\">\n\t\t\t\t<div class=\"elementor-widget-container\">\n\t\t\t\t\t<p class=\"job-manager-error\">\u00dczg\u00fcn\u00fcz, \u00f6zge\u00e7mi\u015fleri g\u00f6rmek i\u00e7in yetkiniz yok.<\/p>\n\t\t\t\t<\/div>\n\t\t\t\t<\/div>\n\t\t\t\t\t<\/div>\n\t\t<\/div>\n\t\t\t\t<div class=\"elementor-column elementor-col-33 elementor-top-column elementor-element elementor-element-5dc07c7\" data-id=\"5dc07c7\" data-element_type=\"column\">\n\t\t\t<div class=\"elementor-widget-wrap elementor-element-populated\">\n\t\t\t\t\t\t<div class=\"elementor-element elementor-element-335e9e2 elementor-widget elementor-widget-sidebar\" data-id=\"335e9e2\" data-element_type=\"widget\" data-widget_type=\"sidebar.default\">\n\t\t\t\t<div class=\"elementor-widget-container\">\n\t\t\t\t\t<aside id=\"resume-search-widget-1\" class=\"widget resume-search-widget\">\r\n                \r\n        <form class=\"resume_filters\">\r\n            <div class=\"search_resumes\">\r\n\r\n                <div class=\"search_keywords resume-filter\">\r\n                                        <label for=\"search_keywords\">Keywords<\/label>\r\n                    <input type=\"text\" name=\"search_keywords\" id=\"search_keywords\" placeholder=\"All Resumes\" value=\"\" \/>\r\n                <\/div>\r\n\r\n\r\n                <div class=\"search_location resume-filter\">\r\n                                        <label for=\"search_location\">Location<\/label>\r\n                    <input type=\"text\" name=\"search_location\" id=\"search_location\" placeholder=\"Any Location\" value=\"\" \/>\r\n                    <div class=\"geolocation\"><i class=\"geolocate\"><\/i><\/div>\r\n                <\/div>\r\n\r\n                \r\n\r\n                                <div class=\"search_skills resume-filter\">\r\n                    <label for=\"search_skills\">Filter by Skills<\/label>\r\n                    <select name='search_skills[]' id='search_skills' class='cariera-select2' multiple='multiple' data-placeholder='Choose a skill' data-no_results_text='Herhangi Bir E\u015fle\u015fme Bulunamad\u0131' data-multiple_text='Baz\u0131 Ayarlar\u0131 Se\u00e7in'>\n\t<option class=\"level-0\" value=\"280\">- Microsoft Office &amp; Teams - KOBO - CommCare - Data analysis on Pivot Table - Power BI - Trello - Google Earth -<\/option>\n\t<option class=\"level-0\" value=\"254\">analytical thinking<\/option>\n\t<option class=\"level-0\" value=\"242\">and Adobe Premier CS6.<\/option>\n\t<option class=\"level-0\" value=\"263\">and I enjoy thinking outside the box to find innovative solutions to challenges. Finally<\/option>\n\t<option class=\"level-0\" value=\"370\">Area manager<\/option>\n\t<option class=\"level-0\" value=\"235\">Backup data<\/option>\n\t<option class=\"level-0\" value=\"153\">bec1<\/option>\n\t<option class=\"level-0\" value=\"154\">bec2<\/option>\n\t<option class=\"level-0\" value=\"155\">bec3<\/option>\n\t<option class=\"level-0\" value=\"161\">beceriphp<\/option>\n\t<option class=\"level-0\" value=\"261\">both written and verbal<\/option>\n\t<option class=\"level-0\" value=\"48\">c#<\/option>\n\t<option class=\"level-0\" value=\"238\">C++ \u2026.) \uf0b7 ICT<\/option>\n\t<option class=\"level-0\" value=\"408\">Cash Transfer<\/option>\n\t<option class=\"level-0\" value=\"372\">Civil-Military Relation Manager<\/option>\n\t<option class=\"level-0\" value=\"50\">communication<\/option>\n\t<option class=\"level-0\" value=\"234\">Computer Skills: \uf0b7 Typing &amp; Share<\/option>\n\t<option class=\"level-0\" value=\"399\">copywriting<\/option>\n\t<option class=\"level-0\" value=\"241\">Corel Video Studio X6<\/option>\n\t<option class=\"level-0\" value=\"377\">Country Director<\/option>\n\t<option class=\"level-0\" value=\"53\">CSS<\/option>\n\t<option class=\"level-0\" value=\"54\">css3<\/option>\n\t<option class=\"level-0\" value=\"244\">Dari<\/option>\n\t<option class=\"level-0\" value=\"405\">Data Analytics<\/option>\n\t<option class=\"level-0\" value=\"55\">design<\/option>\n\t<option class=\"level-0\" value=\"59\">devloper<\/option>\n\t<option class=\"level-0\" value=\"60\">dfgdgd<\/option>\n\t<option class=\"level-0\" value=\"386\">DIGITAL SKILLS Programming Languages and Database Languages C \/ C++ \/ Python \/ SQL (MY SQL) \/ NoSql Database Design Software and Operating Systems Microsoft Office \/ Qt Creator \/ Windows \/ Linux<\/option>\n\t<option class=\"level-0\" value=\"378\">Director of Governmental Relations<\/option>\n\t<option class=\"level-0\" value=\"250\">Donor Management<\/option>\n\t<option class=\"level-0\" value=\"411\">Econometrics\/Statistics<\/option>\n\t<option class=\"level-0\" value=\"246\">English<\/option>\n\t<option class=\"level-0\" value=\"409\">Funding<\/option>\n\t<option class=\"level-0\" value=\"73\">HTML<\/option>\n\t<option class=\"level-0\" value=\"74\">html5<\/option>\n\t<option class=\"level-0\" value=\"258\">I am highly organized and detail-oriented<\/option>\n\t<option class=\"level-0\" value=\"264\">I have a strong work ethic and am highly motivated to succeed<\/option>\n\t<option class=\"level-0\" value=\"257\">I have several skills that I believe make me well-suited for this role. Firstly<\/option>\n\t<option class=\"level-0\" value=\"260\">I have strong communication skills<\/option>\n\t<option class=\"level-0\" value=\"413\">Impact and Process monitoring etc<\/option>\n\t<option class=\"level-0\" value=\"237\">Installing Apps. \uf0b7 Programming (R Language<\/option>\n\t<option class=\"level-0\" value=\"239\">Internet &amp; Communication. \uf0b7 Microsoft Windows<\/option>\n\t<option class=\"level-0\" value=\"76\">javascript<\/option>\n\t<option class=\"level-0\" value=\"243\">Languages Skills: Native Language Uzbek<\/option>\n\t<option class=\"level-0\" value=\"371\">Liason Manager<\/option>\n\t<option class=\"level-0\" value=\"274\">linux<\/option>\n\t<option class=\"level-0\" value=\"79\">m<\/option>\n\t<option class=\"level-0\" value=\"240\">Macintosh. \uf0b7 MS Office Package (All Version). \uf0b7 Adobe Photoshop CS6<\/option>\n\t<option class=\"level-0\" value=\"406\">MEAL<\/option>\n\t<option class=\"level-0\" value=\"270\">monitoring<\/option>\n\t<option class=\"level-0\" value=\"398\">office programs<\/option>\n\t<option class=\"level-0\" value=\"376\">Operation Manager<\/option>\n\t<option class=\"level-0\" value=\"269\">organization<\/option>\n\t<option class=\"level-0\" value=\"279\">Outlook and Teams). - Kobo collect and Google forms - CommCare - Data analysis on pivot table - Trello - Power BI - Google Earth Pro<\/option>\n\t<option class=\"level-0\" value=\"373\">Partnership Manager<\/option>\n\t<option class=\"level-0\" value=\"245\">Pashto<\/option>\n\t<option class=\"level-0\" value=\"379\">Peace and Development Programme Manager<\/option>\n\t<option class=\"level-0\" value=\"88\">Photoshop<\/option>\n\t<option class=\"level-0\" value=\"89\">php<\/option>\n\t<option class=\"level-0\" value=\"268\">planning<\/option>\n\t<option class=\"level-0\" value=\"407\">PMER<\/option>\n\t<option class=\"level-0\" value=\"278\">Powerpoint<\/option>\n\t<option class=\"level-0\" value=\"249\">Program Management<\/option>\n\t<option class=\"level-0\" value=\"369\">Program manager<\/option>\n\t<option class=\"level-0\" value=\"251\">Project Management<\/option>\n\t<option class=\"level-0\" value=\"368\">Project manager<\/option>\n\t<option class=\"level-0\" value=\"200\">Prostecting -data entry-sales-customer service -<\/option>\n\t<option class=\"level-0\" value=\"374\">Protection Manager<\/option>\n\t<option class=\"level-0\" value=\"90\">Python<\/option>\n\t<option class=\"level-0\" value=\"236\">recovering<\/option>\n\t<option class=\"level-0\" value=\"375\">Regional Humanitarian Policy &amp; Advocacy Advisor<\/option>\n\t<option class=\"level-0\" value=\"266\">Reporting<\/option>\n\t<option class=\"level-0\" value=\"412\">Research and Development<\/option>\n\t<option class=\"level-0\" value=\"273\">Safety advisor<\/option>\n\t<option class=\"level-0\" value=\"272\">Security operation work safety<\/option>\n\t<option class=\"level-0\" value=\"255\">solution - oriented<\/option>\n\t<option class=\"level-0\" value=\"201\">sz<\/option>\n\t<option class=\"level-0\" value=\"400\">teaching<\/option>\n\t<option class=\"level-0\" value=\"275\">team management<\/option>\n\t<option class=\"level-0\" value=\"125\">Trendyol<\/option>\n\t<option class=\"level-0\" value=\"247\">Turkish<\/option>\n\t<option class=\"level-0\" value=\"267\">turkish and english language fluency<\/option>\n\t<option class=\"level-0\" value=\"271\">urban planning<\/option>\n\t<option class=\"level-0\" value=\"248\">Urdu<\/option>\n\t<option class=\"level-0\" value=\"410\">Verification and Projections<\/option>\n\t<option class=\"level-0\" value=\"107\">Web Design<\/option>\n\t<option class=\"level-0\" value=\"259\">which allows me to effectively manage complex projects and ensure that nothing falls through the cracks. Additionally<\/option>\n\t<option class=\"level-0\" value=\"262\">which enable me to collaborate effectively with colleagues and clients alike. I am also a creative problem solver<\/option>\n\t<option class=\"level-0\" value=\"265\">which I believe will allow me to excel in this role and contribute to the success of the team.<\/option>\n\t<option class=\"level-0\" value=\"277\">Word<\/option>\n\t<option class=\"level-0\" value=\"108\">yetenek<\/option>\n<\/select>\n\t\t\t\t\t\r\n                <\/div>\r\n                    <div class=\"search_by_rate resume-filter\">\r\n            <label for=\"search_by_rate\">Minimum Rate<\/label>\r\n            <input type=\"text\" name=\"search_by_rate\" id=\"search_by_rate\"  placeholder=\"Search by minimum rate\">\r\n        <\/div>\r\n    \r\n            <\/div>\r\n\r\n            <div class=\"showing_resumes\"><\/div>\r\n        <\/form>\r\n\r\n\r\n        <\/aside>\t\t\t\t<\/div>\n\t\t\t\t<\/div>\n\t\t\t\t\t<\/div>\n\t\t<\/div>\n\t\t\t\t\t<\/div>\n\t\t<\/section>\n\t\t\t\t<\/div>\n\t\t","protected":false},"excerpt":{"rendered":"<p>Linda Harris Z\u00fcrich, Switzerland Accountant Assistant &#036;60\/hour 15 hours ago Financial Accountant, Marketing Nicholas Baker Athens, Central Athens, Greece WordPress Developer &#036;40\/hour 16 hours ago Marketing Eric Edwards Berlin, Germany Photographer &#036;25\/hour 16 hours ago Support Margaret Castillo Milan, Italy IOS Developer &#036;50\/hour 1 day ago Software Jennifer Gerner London, United Kingdom UI &amp; UX [&hellip;]<\/p>\n","protected":false},"author":1,"featured_media":0,"parent":0,"menu_order":0,"comment_status":"closed","ping_status":"closed","template":"","meta":{"_monsterinsights_skip_tracking":false,"_monsterinsights_sitenote_active":false,"_monsterinsights_sitenote_note":"","_monsterinsights_sitenote_category":0,"footnotes":""},"class_list":["post-116","page","type-page","status-publish","hentry"],"translation":{"provider":"WPGlobus","version":"3.0.0","language":"tr","enabled_languages":["en","tr","ar","ru"],"languages":{"en":{"title":true,"content":true,"excerpt":false},"tr":{"title":false,"content":false,"excerpt":false},"ar":{"title":false,"content":false,"excerpt":false},"ru":{"title":false,"content":false,"excerpt":false}}},"yoast_head":"<!-- This site is optimized with the Yoast SEO plugin v25.1 - https:\/\/yoast.com\/wordpress\/plugins\/seo\/ -->\n<title>Resumes with Sidebar Search - Stafimy<\/title>\n<meta name=\"robots\" content=\"index, follow, max-snippet:-1, max-image-preview:large, max-video-preview:-1\" \/>\n<link rel=\"canonical\" href=\"https:\/\/stafimy.com\/resumes-with-sidebar-search\/\" \/>\n<meta property=\"og:locale\" content=\"tr_TR\" \/>\n<meta property=\"og:type\" content=\"article\" \/>\n<meta property=\"og:title\" content=\"Resumes with Sidebar Search - Stafimy\" \/>\n<meta property=\"og:url\" content=\"https:\/\/stafimy.com\/resumes-with-sidebar-search\/\" \/>\n<meta property=\"og:site_name\" content=\"Stafimy\" \/>\n<meta property=\"og:image\" content=\"https:\/\/cariera.co\/wp-content\/plugins\/wp-job-manager-resumes\/assets\/images\/candidate.png\" \/>\n<meta name=\"twitter:card\" content=\"summary_large_image\" \/>\n<script type=\"application\/ld+json\" class=\"yoast-schema-graph\">{\"@context\":\"https:\/\/schema.org\",\"@graph\":[{\"@type\":\"WebPage\",\"@id\":\"https:\/\/stafimy.com\/resumes-with-sidebar-search\/\",\"url\":\"https:\/\/stafimy.com\/resumes-with-sidebar-search\/\",\"name\":\"Resumes with Sidebar Search - Stafimy\",\"isPartOf\":{\"@id\":\"https:\/\/stafimy.com\/#website\"},\"primaryImageOfPage\":{\"@id\":\"https:\/\/stafimy.com\/resumes-with-sidebar-search\/#primaryimage\"},\"image\":{\"@id\":\"https:\/\/stafimy.com\/resumes-with-sidebar-search\/#primaryimage\"},\"thumbnailUrl\":\"https:\/\/cariera.co\/wp-content\/plugins\/wp-job-manager-resumes\/assets\/images\/candidate.png\",\"datePublished\":\"2020-05-07T10:52:38+00:00\",\"breadcrumb\":{\"@id\":\"https:\/\/stafimy.com\/resumes-with-sidebar-search\/#breadcrumb\"},\"inLanguage\":\"tr\",\"potentialAction\":[{\"@type\":\"ReadAction\",\"target\":[\"https:\/\/stafimy.com\/resumes-with-sidebar-search\/\"]}]},{\"@type\":\"ImageObject\",\"inLanguage\":\"tr\",\"@id\":\"https:\/\/stafimy.com\/resumes-with-sidebar-search\/#primaryimage\",\"url\":\"https:\/\/cariera.co\/wp-content\/plugins\/wp-job-manager-resumes\/assets\/images\/candidate.png\",\"contentUrl\":\"https:\/\/cariera.co\/wp-content\/plugins\/wp-job-manager-resumes\/assets\/images\/candidate.png\"},{\"@type\":\"BreadcrumbList\",\"@id\":\"https:\/\/stafimy.com\/resumes-with-sidebar-search\/#breadcrumb\",\"itemListElement\":[{\"@type\":\"ListItem\",\"position\":1,\"name\":\"Home\",\"item\":\"https:\/\/stafimy.com\/\"},{\"@type\":\"ListItem\",\"position\":2,\"name\":\"Resumes with Sidebar Search\"}]},{\"@type\":\"WebSite\",\"@id\":\"https:\/\/stafimy.com\/#website\",\"url\":\"https:\/\/stafimy.com\/\",\"name\":\"Stafimy\",\"description\":\"Stafimy\",\"publisher\":{\"@id\":\"https:\/\/stafimy.com\/#organization\"},\"potentialAction\":[{\"@type\":\"SearchAction\",\"target\":{\"@type\":\"EntryPoint\",\"urlTemplate\":\"https:\/\/stafimy.com\/?s={search_term_string}\"},\"query-input\":{\"@type\":\"PropertyValueSpecification\",\"valueRequired\":true,\"valueName\":\"search_term_string\"}}],\"inLanguage\":\"tr\"},{\"@type\":\"Organization\",\"@id\":\"https:\/\/stafimy.com\/#organization\",\"name\":\"Stafimy\",\"url\":\"https:\/\/stafimy.com\/\",\"logo\":{\"@type\":\"ImageObject\",\"inLanguage\":\"tr\",\"@id\":\"https:\/\/stafimy.com\/#\/schema\/logo\/image\/\",\"url\":\"https:\/\/stafimy.com\/wp-content\/uploads\/2021\/09\/stafimy-8.png\",\"contentUrl\":\"https:\/\/stafimy.com\/wp-content\/uploads\/2021\/09\/stafimy-8.png\",\"width\":500,\"height\":500,\"caption\":\"Stafimy\"},\"image\":{\"@id\":\"https:\/\/stafimy.com\/#\/schema\/logo\/image\/\"}}]}<\/script>\n<!-- \/ Yoast SEO plugin. -->","yoast_head_json":{"title":"Resumes with Sidebar Search - Stafimy","robots":{"index":"index","follow":"follow","max-snippet":"max-snippet:-1","max-image-preview":"max-image-preview:large","max-video-preview":"max-video-preview:-1"},"canonical":"https:\/\/stafimy.com\/resumes-with-sidebar-search\/","og_locale":"tr_TR","og_type":"article","og_title":"Resumes with Sidebar Search - Stafimy","og_url":"https:\/\/stafimy.com\/resumes-with-sidebar-search\/","og_site_name":"Stafimy","og_image":[{"url":"https:\/\/cariera.co\/wp-content\/plugins\/wp-job-manager-resumes\/assets\/images\/candidate.png","type":"","width":"","height":""}],"twitter_card":"summary_large_image","schema":{"@context":"https:\/\/schema.org","@graph":[{"@type":"WebPage","@id":"https:\/\/stafimy.com\/resumes-with-sidebar-search\/","url":"https:\/\/stafimy.com\/resumes-with-sidebar-search\/","name":"Resumes with Sidebar Search - Stafimy","isPartOf":{"@id":"https:\/\/stafimy.com\/#website"},"primaryImageOfPage":{"@id":"https:\/\/stafimy.com\/resumes-with-sidebar-search\/#primaryimage"},"image":{"@id":"https:\/\/stafimy.com\/resumes-with-sidebar-search\/#primaryimage"},"thumbnailUrl":"https:\/\/cariera.co\/wp-content\/plugins\/wp-job-manager-resumes\/assets\/images\/candidate.png","datePublished":"2020-05-07T10:52:38+00:00","breadcrumb":{"@id":"https:\/\/stafimy.com\/resumes-with-sidebar-search\/#breadcrumb"},"inLanguage":"tr","potentialAction":[{"@type":"ReadAction","target":["https:\/\/stafimy.com\/resumes-with-sidebar-search\/"]}]},{"@type":"ImageObject","inLanguage":"tr","@id":"https:\/\/stafimy.com\/resumes-with-sidebar-search\/#primaryimage","url":"https:\/\/cariera.co\/wp-content\/plugins\/wp-job-manager-resumes\/assets\/images\/candidate.png","contentUrl":"https:\/\/cariera.co\/wp-content\/plugins\/wp-job-manager-resumes\/assets\/images\/candidate.png"},{"@type":"BreadcrumbList","@id":"https:\/\/stafimy.com\/resumes-with-sidebar-search\/#breadcrumb","itemListElement":[{"@type":"ListItem","position":1,"name":"Home","item":"https:\/\/stafimy.com\/"},{"@type":"ListItem","position":2,"name":"Resumes with Sidebar Search"}]},{"@type":"WebSite","@id":"https:\/\/stafimy.com\/#website","url":"https:\/\/stafimy.com\/","name":"Stafimy","description":"Stafimy","publisher":{"@id":"https:\/\/stafimy.com\/#organization"},"potentialAction":[{"@type":"SearchAction","target":{"@type":"EntryPoint","urlTemplate":"https:\/\/stafimy.com\/?s={search_term_string}"},"query-input":{"@type":"PropertyValueSpecification","valueRequired":true,"valueName":"search_term_string"}}],"inLanguage":"tr"},{"@type":"Organization","@id":"https:\/\/stafimy.com\/#organization","name":"Stafimy","url":"https:\/\/stafimy.com\/","logo":{"@type":"ImageObject","inLanguage":"tr","@id":"https:\/\/stafimy.com\/#\/schema\/logo\/image\/","url":"https:\/\/stafimy.com\/wp-content\/uploads\/2021\/09\/stafimy-8.png","contentUrl":"https:\/\/stafimy.com\/wp-content\/uploads\/2021\/09\/stafimy-8.png","width":500,"height":500,"caption":"Stafimy"},"image":{"@id":"https:\/\/stafimy.com\/#\/schema\/logo\/image\/"}}]}},"_links":{"self":[{"href":"https:\/\/stafimy.com\/tr\/wp-json\/wp\/v2\/pages\/116","targetHints":{"allow":["GET"]}}],"collection":[{"href":"https:\/\/stafimy.com\/tr\/wp-json\/wp\/v2\/pages"}],"about":[{"href":"https:\/\/stafimy.com\/tr\/wp-json\/wp\/v2\/types\/page"}],"author":[{"embeddable":true,"href":"https:\/\/stafimy.com\/tr\/wp-json\/wp\/v2\/users\/1"}],"replies":[{"embeddable":true,"href":"https:\/\/stafimy.com\/tr\/wp-json\/wp\/v2\/comments?post=116"}],"version-history":[{"count":0,"href":"https:\/\/stafimy.com\/tr\/wp-json\/wp\/v2\/pages\/116\/revisions"}],"wp:attachment":[{"href":"https:\/\/stafimy.com\/tr\/wp-json\/wp\/v2\/media?parent=116"}],"curies":[{"name":"wp","href":"https:\/\/api.w.org\/{rel}","templated":true}]}}