{"id":6157,"date":"2021-12-08T21:10:11","date_gmt":"2021-12-08T18:10:11","guid":{"rendered":"https:\/\/stafimy.com\/?page_id=6157"},"modified":"2022-01-01T00:42:13","modified_gmt":"2021-12-31T21:42:13","slug":"accreditations","status":"publish","type":"page","link":"https:\/\/stafimy.com\/ru\/accreditations\/","title":{"rendered":"Accreditations"},"content":{"rendered":"\t\t<div data-elementor-type=\"wp-page\" data-elementor-id=\"6157\" class=\"elementor elementor-6157\" data-elementor-post-type=\"page\">\n\t\t\t\t\t\t<section class=\"elementor-section elementor-top-section elementor-element elementor-element-6bd02a02 elementor-section-full_width elementor-reverse-tablet elementor-section-height-default elementor-section-height-default\" data-id=\"6bd02a02\" data-element_type=\"section\">\n\t\t\t\t\t\t<div class=\"elementor-container elementor-column-gap-no\">\n\t\t\t\t\t<div class=\"elementor-column elementor-col-50 elementor-top-column elementor-element elementor-element-47a7f3f5\" data-id=\"47a7f3f5\" data-element_type=\"column\" data-settings=\"{&quot;motion_fx_motion_fx_scrolling&quot;:&quot;yes&quot;,&quot;motion_fx_translateY_effect&quot;:&quot;yes&quot;,&quot;motion_fx_translateY_affectedRange&quot;:{&quot;unit&quot;:&quot;%&quot;,&quot;size&quot;:&quot;&quot;,&quot;sizes&quot;:{&quot;start&quot;:50,&quot;end&quot;:100}},&quot;motion_fx_translateY_speed&quot;:{&quot;unit&quot;:&quot;px&quot;,&quot;size&quot;:4,&quot;sizes&quot;:[]},&quot;motion_fx_devices&quot;:[&quot;desktop&quot;,&quot;tablet&quot;,&quot;mobile&quot;]}\">\n\t\t\t<div class=\"elementor-widget-wrap elementor-element-populated\">\n\t\t\t\t\t\t<div class=\"elementor-element elementor-element-66f064af animated-fast elementor-widget__width-initial elementor-invisible elementor-widget elementor-widget-text-editor\" data-id=\"66f064af\" data-element_type=\"widget\" data-settings=\"{&quot;_animation&quot;:&quot;fadeIn&quot;,&quot;_animation_delay&quot;:1400}\" data-widget_type=\"text-editor.default\">\n\t\t\t\t<div class=\"elementor-widget-container\">\n\t\t\t\t\t\t\t\t\t<p style=\"margin-top: 0in; text-align: left; background: white;\"><span style=\"font-size: 13.0pt; font-family: 'nunito-sans',serif; color: #2b2b2b;\">Since our inception in 2012, Stafimy has been offering strategic recruitment and professional employer organization services for profit and non-profit organizations establishing and extending their operations in Turkey.<\/span><\/p><p>\u00a0<\/p>\t\t\t\t\t\t\t\t<\/div>\n\t\t\t\t<\/div>\n\t\t\t\t<div class=\"elementor-element elementor-element-3fcf2643 elementor-view-stacked elementor-shape-circle elementor-invisible elementor-widget elementor-widget-icon\" data-id=\"3fcf2643\" data-element_type=\"widget\" data-settings=\"{&quot;_animation&quot;:&quot;bounceInUp&quot;,&quot;_animation_delay&quot;:700}\" data-widget_type=\"icon.default\">\n\t\t\t\t<div class=\"elementor-widget-container\">\n\t\t\t\t\t\t\t<div class=\"elementor-icon-wrapper\">\n\t\t\t<a class=\"elementor-icon elementor-animation-sink\" href=\"#next\">\n\t\t\t<svg xmlns=\"http:\/\/www.w3.org\/2000\/svg\" id=\"b96d8b7c-c88a-4550-81cf-7b2715d65f3b\" data-name=\"Layer 1\" width=\"9.6816\" height=\"17.7035\" viewBox=\"0 0 9.6816 17.7035\"><polygon points=\"8.99 12.447 5.457 15.829 5.457 0 4.458 0 4.458 15.871 0.672 12.438 0 13.179 4.622 17.37 4.958 17.703 5.303 17.361 9.682 13.17 8.99 12.447\"><\/polygon><\/svg>\t\t\t<\/a>\n\t\t<\/div>\n\t\t\t\t\t\t<\/div>\n\t\t\t\t<\/div>\n\t\t\t\t\t<\/div>\n\t\t<\/div>\n\t\t\t\t<div class=\"elementor-column elementor-col-50 elementor-top-column elementor-element elementor-element-4f42ec9\" data-id=\"4f42ec9\" data-element_type=\"column\" data-settings=\"{&quot;motion_fx_translateX_effect&quot;:&quot;yes&quot;,&quot;motion_fx_translateX_direction&quot;:&quot;negative&quot;,&quot;motion_fx_translateX_affectedRange&quot;:{&quot;unit&quot;:&quot;%&quot;,&quot;size&quot;:&quot;&quot;,&quot;sizes&quot;:{&quot;start&quot;:50,&quot;end&quot;:100}},&quot;motion_fx_motion_fx_scrolling&quot;:&quot;yes&quot;,&quot;motion_fx_translateX_speed&quot;:{&quot;unit&quot;:&quot;px&quot;,&quot;size&quot;:4,&quot;sizes&quot;:[]},&quot;motion_fx_devices&quot;:[&quot;desktop&quot;,&quot;tablet&quot;,&quot;mobile&quot;]}\">\n\t\t\t<div class=\"elementor-widget-wrap elementor-element-populated\">\n\t\t\t\t\t\t<div class=\"elementor-element elementor-element-3372b15 elementor-cta--layout-image-above animated-slow elementor-cta--skin-classic elementor-animated-content elementor-bg-transform elementor-bg-transform-zoom-in elementor-invisible elementor-widget elementor-widget-global elementor-global-6289 elementor-widget-call-to-action\" data-id=\"3372b15\" data-element_type=\"widget\" data-settings=\"{&quot;_animation&quot;:&quot;fadeInRight&quot;}\" data-widget_type=\"call-to-action.default\">\n\t\t\t\t<div class=\"elementor-widget-container\">\n\t\t\t\t\t\t\t<div class=\"elementor-cta\">\n\t\t\t\t\t<div class=\"elementor-cta__bg-wrapper\">\n\t\t\t\t<div class=\"elementor-cta__bg elementor-bg lazyload\" style=\"background-image:inherit;\" role=\"img\" aria-label=\"Untitled design (5)\" data-bg-image=\"url(https:\/\/stafimy.com\/wp-content\/uploads\/2021\/12\/Untitled-design-5.png)\"><\/div>\n\t\t\t\t<div class=\"elementor-cta__bg-overlay\"><\/div>\n\t\t\t<\/div>\n\t\t\t\t\t\t\t\t<\/div>\n\t\t\t\t\t\t<\/div>\n\t\t\t\t<\/div>\n\t\t\t\t\t<\/div>\n\t\t<\/div>\n\t\t\t\t\t<\/div>\n\t\t<\/section>\n\t\t\t\t<section class=\"elementor-section elementor-top-section elementor-element elementor-element-31e4e4a elementor-section-boxed elementor-section-height-default elementor-section-height-default\" data-id=\"31e4e4a\" data-element_type=\"section\">\n\t\t\t\t\t\t<div class=\"elementor-container elementor-column-gap-default\">\n\t\t\t\t\t<div class=\"elementor-column elementor-col-100 elementor-top-column elementor-element elementor-element-7175847\" data-id=\"7175847\" data-element_type=\"column\">\n\t\t\t<div class=\"elementor-widget-wrap elementor-element-populated\">\n\t\t\t\t\t\t<div class=\"elementor-element elementor-element-2bf0159 elementor-blockquote--skin-boxed elementor-blockquote--button-color-official elementor-widget elementor-widget-blockquote\" data-id=\"2bf0159\" data-element_type=\"widget\" data-widget_type=\"blockquote.default\">\n\t\t\t\t<div class=\"elementor-widget-container\">\n\t\t\t\t\t\t\t<blockquote class=\"elementor-blockquote\">\n\t\t\t<p class=\"elementor-blockquote__content\">\n\t\t\t\tStafimy.com, as a registered trademark of Sad\u0131k S\u00f6zer \u00c7izmeci Consulting, Human Resources & Recruitment Co. Ltd. operates as Private Employment Office under a license no. 1310 issued in accordance with the decision of ISKUR (Turkish Employment Agency) dated 24 November 2021 and numbered 10150899. As per law no. 4904 on the Turkish Employment Agency, it is forbidden to ask any fee or benefit from job seekers in accordance with law no. 4904. \t\t\t<\/p>\n\t\t\t\t\t<\/blockquote>\n\t\t\t\t\t\t<\/div>\n\t\t\t\t<\/div>\n\t\t\t\t\t<\/div>\n\t\t<\/div>\n\t\t\t\t\t<\/div>\n\t\t<\/section>\n\t\t\t\t<section class=\"elementor-section elementor-top-section elementor-element elementor-element-13dcc02a elementor-section-full_width elementor-section-height-default elementor-section-height-default\" data-id=\"13dcc02a\" data-element_type=\"section\">\n\t\t\t\t\t\t<div class=\"elementor-container elementor-column-gap-no\">\n\t\t\t\t\t<div class=\"elementor-column elementor-col-100 elementor-top-column elementor-element elementor-element-6dedc225\" data-id=\"6dedc225\" data-element_type=\"column\">\n\t\t\t<div class=\"elementor-widget-wrap elementor-element-populated\">\n\t\t\t\t\t\t<div class=\"elementor-element elementor-element-5946826 elementor-widget elementor-widget-text-editor\" data-id=\"5946826\" data-element_type=\"widget\" data-widget_type=\"text-editor.default\">\n\t\t\t\t<div class=\"elementor-widget-container\">\n\t\t\t\t\t\t\t\t\t<p>Accreditations<\/p>\t\t\t\t\t\t\t\t<\/div>\n\t\t\t\t<\/div>\n\t\t\t\t<section class=\"elementor-section elementor-inner-section elementor-element elementor-element-2317aead elementor-section-full_width elementor-section-height-default elementor-section-height-default\" data-id=\"2317aead\" data-element_type=\"section\" data-settings=\"{&quot;motion_fx_motion_fx_scrolling&quot;:&quot;yes&quot;,&quot;motion_fx_translateX_effect&quot;:&quot;yes&quot;,&quot;motion_fx_translateX_speed&quot;:{&quot;unit&quot;:&quot;px&quot;,&quot;size&quot;:10,&quot;sizes&quot;:[]},&quot;motion_fx_translateX_affectedRange&quot;:{&quot;unit&quot;:&quot;%&quot;,&quot;size&quot;:&quot;&quot;,&quot;sizes&quot;:{&quot;start&quot;:52,&quot;end&quot;:100}},&quot;motion_fx_devices&quot;:[&quot;desktop&quot;,&quot;tablet&quot;]}\">\n\t\t\t\t\t\t<div class=\"elementor-container elementor-column-gap-no\">\n\t\t\t\t\t<div class=\"elementor-column elementor-col-50 elementor-inner-column elementor-element elementor-element-44f8b95b\" data-id=\"44f8b95b\" data-element_type=\"column\">\n\t\t\t<div class=\"elementor-widget-wrap elementor-element-populated\">\n\t\t\t\t\t\t<div class=\"elementor-element elementor-element-3f6a98e5 elementor-widget elementor-widget-image\" data-id=\"3f6a98e5\" data-element_type=\"widget\" data-widget_type=\"image.default\">\n\t\t\t\t<div class=\"elementor-widget-container\">\n\t\t\t\t\t\t\t\t\t\t\t\t\t\t\t\t<a href=\"https:\/\/stafimy.com\/wp-content\/uploads\/2021\/12\/SADIK-SO\u0308ZER-ISO-9001-1.png\" data-elementor-open-lightbox=\"yes\" data-elementor-lightbox-title=\"SADIK-SO\u0308ZER-ISO-9001-1\" data-e-action-hash=\"#elementor-action%3Aaction%3Dlightbox%26settings%3DeyJpZCI6NjE4MywidXJsIjoiaHR0cHM6XC9cL3N0YWZpbXkuY29tXC93cC1jb250ZW50XC91cGxvYWRzXC8yMDIxXC8xMlwvU0FESUstU09cdTAzMDhaRVItSVNPLTkwMDEtMS5wbmcifQ%3D%3D\">\n\t\t\t\t\t\t\t<img fetchpriority=\"high\" decoding=\"async\" width=\"725\" height=\"1024\" src=\"https:\/\/stafimy.com\/wp-content\/uploads\/2021\/12\/SADIK-SO\u0308ZER-ISO-9001-1-725x1024.png\" class=\"elementor-animation-sink attachment-large size-large wp-image-6183\" alt=\"\" srcset=\"https:\/\/stafimy.com\/wp-content\/uploads\/2021\/12\/SADIK-SO\u0308ZER-ISO-9001-1-725x1024.png 725w, https:\/\/stafimy.com\/wp-content\/uploads\/2021\/12\/SADIK-SO\u0308ZER-ISO-9001-1-212x300.png 212w, https:\/\/stafimy.com\/wp-content\/uploads\/2021\/12\/SADIK-SO\u0308ZER-ISO-9001-1-768x1085.png 768w, https:\/\/stafimy.com\/wp-content\/uploads\/2021\/12\/SADIK-SO\u0308ZER-ISO-9001-1-1087x1536.png 1087w, https:\/\/stafimy.com\/wp-content\/uploads\/2021\/12\/SADIK-SO\u0308ZER-ISO-9001-1-1449x2048.png 1449w, https:\/\/stafimy.com\/wp-content\/uploads\/2021\/12\/SADIK-SO\u0308ZER-ISO-9001-1-600x848.png 600w, https:\/\/stafimy.com\/wp-content\/uploads\/2021\/12\/SADIK-SO\u0308ZER-ISO-9001-1.png 1653w\" sizes=\"(max-width: 725px) 100vw, 725px\" \/>\t\t\t\t\t\t\t\t<\/a>\n\t\t\t\t\t\t\t\t\t\t\t\t\t\t\t<\/div>\n\t\t\t\t<\/div>\n\t\t\t\t<div class=\"elementor-element elementor-element-41d94e6b elementor-widget__width-auto elementor-widget elementor-widget-heading\" data-id=\"41d94e6b\" data-element_type=\"widget\" data-widget_type=\"heading.default\">\n\t\t\t\t<div class=\"elementor-widget-container\">\n\t\t\t\t\t<h4 class=\"elementor-heading-title elementor-size-default\"><a href=\"https:\/\/stafimy.com\/wp-content\/uploads\/2021\/11\/SADIK-SO%CC%88ZER-ISO-9001.pdf\" target=\"_blank\">ISO 9001:2015<\/a><\/h4>\t\t\t\t<\/div>\n\t\t\t\t<\/div>\n\t\t\t\t\t<\/div>\n\t\t<\/div>\n\t\t\t\t<div class=\"elementor-column elementor-col-50 elementor-inner-column elementor-element elementor-element-c25647f\" data-id=\"c25647f\" data-element_type=\"column\">\n\t\t\t<div class=\"elementor-widget-wrap elementor-element-populated\">\n\t\t\t\t\t\t<div class=\"elementor-element elementor-element-31700413 elementor-widget elementor-widget-image\" data-id=\"31700413\" data-element_type=\"widget\" data-widget_type=\"image.default\">\n\t\t\t\t<div class=\"elementor-widget-container\">\n\t\t\t\t\t\t\t\t\t\t\t\t\t\t\t\t<a href=\"https:\/\/stafimy.com\/wp-content\/uploads\/2021\/12\/SADIK-SOZER-ISO-27-1.png\" data-elementor-open-lightbox=\"yes\" data-elementor-lightbox-title=\"SADIK-SOZER-ISO-27-1\" data-e-action-hash=\"#elementor-action%3Aaction%3Dlightbox%26settings%3DeyJpZCI6NjE4MiwidXJsIjoiaHR0cHM6XC9cL3N0YWZpbXkuY29tXC93cC1jb250ZW50XC91cGxvYWRzXC8yMDIxXC8xMlwvU0FESUstU09aRVItSVNPLTI3LTEucG5nIn0%3D\">\n\t\t\t\t\t\t\t<img decoding=\"async\" width=\"725\" height=\"1024\" data-src=\"https:\/\/stafimy.com\/wp-content\/uploads\/2021\/12\/SADIK-SOZER-ISO-27-1-725x1024.png\" class=\"elementor-animation-sink attachment-large size-large wp-image-6182 lazyload\" alt=\"\" data-srcset=\"https:\/\/stafimy.com\/wp-content\/uploads\/2021\/12\/SADIK-SOZER-ISO-27-1-725x1024.png 725w, https:\/\/stafimy.com\/wp-content\/uploads\/2021\/12\/SADIK-SOZER-ISO-27-1-212x300.png 212w, https:\/\/stafimy.com\/wp-content\/uploads\/2021\/12\/SADIK-SOZER-ISO-27-1-768x1085.png 768w, https:\/\/stafimy.com\/wp-content\/uploads\/2021\/12\/SADIK-SOZER-ISO-27-1-1087x1536.png 1087w, https:\/\/stafimy.com\/wp-content\/uploads\/2021\/12\/SADIK-SOZER-ISO-27-1-1449x2048.png 1449w, https:\/\/stafimy.com\/wp-content\/uploads\/2021\/12\/SADIK-SOZER-ISO-27-1-600x848.png 600w, https:\/\/stafimy.com\/wp-content\/uploads\/2021\/12\/SADIK-SOZER-ISO-27-1.png 1653w\" data-sizes=\"(max-width: 725px) 100vw, 725px\" src=\"data:image\/gif;base64,R0lGODlhAQABAAAAACH5BAEKAAEALAAAAAABAAEAAAICTAEAOw==\" style=\"--smush-placeholder-width: 725px; --smush-placeholder-aspect-ratio: 725\/1024;\" \/>\t\t\t\t\t\t\t\t<\/a>\n\t\t\t\t\t\t\t\t\t\t\t\t\t\t\t<\/div>\n\t\t\t\t<\/div>\n\t\t\t\t<div class=\"elementor-element elementor-element-533f8688 elementor-widget__width-auto elementor-widget elementor-widget-heading\" data-id=\"533f8688\" data-element_type=\"widget\" data-widget_type=\"heading.default\">\n\t\t\t\t<div class=\"elementor-widget-container\">\n\t\t\t\t\t<h4 class=\"elementor-heading-title elementor-size-default\"><a href=\"https:\/\/stafimy.com\/wp-content\/uploads\/2021\/11\/SADIK-SOZER-ISO-27.pdf\" target=\"_blank\">ISO 27001:2013<\/a><\/h4>\t\t\t\t<\/div>\n\t\t\t\t<\/div>\n\t\t\t\t\t<\/div>\n\t\t<\/div>\n\t\t\t\t\t<\/div>\n\t\t<\/section>\n\t\t\t\t\t<\/div>\n\t\t<\/div>\n\t\t\t\t\t<\/div>\n\t\t<\/section>\n\t\t\t\t<\/div>\n\t\t","protected":false},"excerpt":{"rendered":"<p>Since our inception in 2012, Stafimy has been offering strategic recruitment and professional employer organization services for profit and non-profit organizations establishing and extending their operations in Turkey. \u00a0 Stafimy.com, as a registered trademark of Sad\u0131k S\u00f6zer \u00c7izmeci Consulting, Human Resources &#038; Recruitment Co. Ltd. operates as Private Employment Office under a license no. 1310 [&hellip;]<\/p>\n","protected":false},"author":1,"featured_media":0,"parent":0,"menu_order":0,"comment_status":"closed","ping_status":"closed","template":"","meta":{"_monsterinsights_skip_tracking":false,"_monsterinsights_sitenote_active":false,"_monsterinsights_sitenote_note":"","_monsterinsights_sitenote_category":0,"footnotes":""},"class_list":["post-6157","page","type-page","status-publish","hentry"],"translation":{"provider":"WPGlobus","version":"3.0.0","language":"ru","enabled_languages":["en","tr","ar","ru"],"languages":{"en":{"title":true,"content":true,"excerpt":false},"tr":{"title":false,"content":false,"excerpt":false},"ar":{"title":false,"content":false,"excerpt":false},"ru":{"title":false,"content":false,"excerpt":false}}},"yoast_head":"<!-- This site is optimized with the Yoast SEO plugin v25.1 - https:\/\/yoast.com\/wordpress\/plugins\/seo\/ -->\n<title>Accreditations - Stafimy<\/title>\n<meta name=\"robots\" content=\"index, follow, max-snippet:-1, max-image-preview:large, max-video-preview:-1\" \/>\n<link rel=\"canonical\" href=\"https:\/\/stafimy.com\/accreditations\/\" \/>\n<meta property=\"og:locale\" content=\"ru_RU\" \/>\n<meta property=\"og:type\" content=\"article\" \/>\n<meta property=\"og:title\" content=\"Accreditations - Stafimy\" \/>\n<meta property=\"og:url\" content=\"https:\/\/stafimy.com\/accreditations\/\" \/>\n<meta property=\"og:site_name\" content=\"Stafimy\" \/>\n<meta property=\"article:modified_time\" content=\"2021-12-31T21:42:13+00:00\" \/>\n<meta property=\"og:image\" content=\"https:\/\/stafimy.com\/wp-content\/uploads\/2021\/12\/SADIK-SO\u0308ZER-ISO-9001-1-725x1024.png\" \/>\n<meta name=\"twitter:card\" content=\"summary_large_image\" \/>\n<script type=\"application\/ld+json\" class=\"yoast-schema-graph\">{\"@context\":\"https:\/\/schema.org\",\"@graph\":[{\"@type\":\"WebPage\",\"@id\":\"https:\/\/stafimy.com\/accreditations\/\",\"url\":\"https:\/\/stafimy.com\/accreditations\/\",\"name\":\"Accreditations - Stafimy\",\"isPartOf\":{\"@id\":\"https:\/\/stafimy.com\/#website\"},\"primaryImageOfPage\":{\"@id\":\"https:\/\/stafimy.com\/accreditations\/#primaryimage\"},\"image\":{\"@id\":\"https:\/\/stafimy.com\/accreditations\/#primaryimage\"},\"thumbnailUrl\":\"https:\/\/stafimy.com\/wp-content\/uploads\/2021\/12\/SADIK-SOZER-ISO-27-1-725x1024.png\",\"datePublished\":\"2021-12-08T18:10:11+00:00\",\"dateModified\":\"2021-12-31T21:42:13+00:00\",\"breadcrumb\":{\"@id\":\"https:\/\/stafimy.com\/accreditations\/#breadcrumb\"},\"inLanguage\":\"ru-RU\",\"potentialAction\":[{\"@type\":\"ReadAction\",\"target\":[\"https:\/\/stafimy.com\/accreditations\/\"]}]},{\"@type\":\"ImageObject\",\"inLanguage\":\"ru-RU\",\"@id\":\"https:\/\/stafimy.com\/accreditations\/#primaryimage\",\"url\":\"https:\/\/stafimy.com\/wp-content\/uploads\/2021\/12\/SADIK-SOZER-ISO-27-1-725x1024.png\",\"contentUrl\":\"https:\/\/stafimy.com\/wp-content\/uploads\/2021\/12\/SADIK-SOZER-ISO-27-1-725x1024.png\"},{\"@type\":\"BreadcrumbList\",\"@id\":\"https:\/\/stafimy.com\/accreditations\/#breadcrumb\",\"itemListElement\":[{\"@type\":\"ListItem\",\"position\":1,\"name\":\"Home\",\"item\":\"https:\/\/stafimy.com\/\"},{\"@type\":\"ListItem\",\"position\":2,\"name\":\"Accreditations\"}]},{\"@type\":\"WebSite\",\"@id\":\"https:\/\/stafimy.com\/#website\",\"url\":\"https:\/\/stafimy.com\/\",\"name\":\"Stafimy\",\"description\":\"Stafimy\",\"publisher\":{\"@id\":\"https:\/\/stafimy.com\/#organization\"},\"potentialAction\":[{\"@type\":\"SearchAction\",\"target\":{\"@type\":\"EntryPoint\",\"urlTemplate\":\"https:\/\/stafimy.com\/?s={search_term_string}\"},\"query-input\":{\"@type\":\"PropertyValueSpecification\",\"valueRequired\":true,\"valueName\":\"search_term_string\"}}],\"inLanguage\":\"ru-RU\"},{\"@type\":\"Organization\",\"@id\":\"https:\/\/stafimy.com\/#organization\",\"name\":\"Stafimy\",\"url\":\"https:\/\/stafimy.com\/\",\"logo\":{\"@type\":\"ImageObject\",\"inLanguage\":\"ru-RU\",\"@id\":\"https:\/\/stafimy.com\/#\/schema\/logo\/image\/\",\"url\":\"https:\/\/stafimy.com\/wp-content\/uploads\/2021\/09\/stafimy-8.png\",\"contentUrl\":\"https:\/\/stafimy.com\/wp-content\/uploads\/2021\/09\/stafimy-8.png\",\"width\":500,\"height\":500,\"caption\":\"Stafimy\"},\"image\":{\"@id\":\"https:\/\/stafimy.com\/#\/schema\/logo\/image\/\"}}]}<\/script>\n<!-- \/ Yoast SEO plugin. -->","yoast_head_json":{"title":"Accreditations - Stafimy","robots":{"index":"index","follow":"follow","max-snippet":"max-snippet:-1","max-image-preview":"max-image-preview:large","max-video-preview":"max-video-preview:-1"},"canonical":"https:\/\/stafimy.com\/accreditations\/","og_locale":"ru_RU","og_type":"article","og_title":"Accreditations - Stafimy","og_url":"https:\/\/stafimy.com\/accreditations\/","og_site_name":"Stafimy","article_modified_time":"2021-12-31T21:42:13+00:00","og_image":[{"url":"https:\/\/stafimy.com\/wp-content\/uploads\/2021\/12\/SADIK-SO\u0308ZER-ISO-9001-1-725x1024.png","type":"","width":"","height":""}],"twitter_card":"summary_large_image","schema":{"@context":"https:\/\/schema.org","@graph":[{"@type":"WebPage","@id":"https:\/\/stafimy.com\/accreditations\/","url":"https:\/\/stafimy.com\/accreditations\/","name":"Accreditations - Stafimy","isPartOf":{"@id":"https:\/\/stafimy.com\/#website"},"primaryImageOfPage":{"@id":"https:\/\/stafimy.com\/accreditations\/#primaryimage"},"image":{"@id":"https:\/\/stafimy.com\/accreditations\/#primaryimage"},"thumbnailUrl":"https:\/\/stafimy.com\/wp-content\/uploads\/2021\/12\/SADIK-SOZER-ISO-27-1-725x1024.png","datePublished":"2021-12-08T18:10:11+00:00","dateModified":"2021-12-31T21:42:13+00:00","breadcrumb":{"@id":"https:\/\/stafimy.com\/accreditations\/#breadcrumb"},"inLanguage":"ru-RU","potentialAction":[{"@type":"ReadAction","target":["https:\/\/stafimy.com\/accreditations\/"]}]},{"@type":"ImageObject","inLanguage":"ru-RU","@id":"https:\/\/stafimy.com\/accreditations\/#primaryimage","url":"https:\/\/stafimy.com\/wp-content\/uploads\/2021\/12\/SADIK-SOZER-ISO-27-1-725x1024.png","contentUrl":"https:\/\/stafimy.com\/wp-content\/uploads\/2021\/12\/SADIK-SOZER-ISO-27-1-725x1024.png"},{"@type":"BreadcrumbList","@id":"https:\/\/stafimy.com\/accreditations\/#breadcrumb","itemListElement":[{"@type":"ListItem","position":1,"name":"Home","item":"https:\/\/stafimy.com\/"},{"@type":"ListItem","position":2,"name":"Accreditations"}]},{"@type":"WebSite","@id":"https:\/\/stafimy.com\/#website","url":"https:\/\/stafimy.com\/","name":"Stafimy","description":"Stafimy","publisher":{"@id":"https:\/\/stafimy.com\/#organization"},"potentialAction":[{"@type":"SearchAction","target":{"@type":"EntryPoint","urlTemplate":"https:\/\/stafimy.com\/?s={search_term_string}"},"query-input":{"@type":"PropertyValueSpecification","valueRequired":true,"valueName":"search_term_string"}}],"inLanguage":"ru-RU"},{"@type":"Organization","@id":"https:\/\/stafimy.com\/#organization","name":"Stafimy","url":"https:\/\/stafimy.com\/","logo":{"@type":"ImageObject","inLanguage":"ru-RU","@id":"https:\/\/stafimy.com\/#\/schema\/logo\/image\/","url":"https:\/\/stafimy.com\/wp-content\/uploads\/2021\/09\/stafimy-8.png","contentUrl":"https:\/\/stafimy.com\/wp-content\/uploads\/2021\/09\/stafimy-8.png","width":500,"height":500,"caption":"Stafimy"},"image":{"@id":"https:\/\/stafimy.com\/#\/schema\/logo\/image\/"}}]}},"_links":{"self":[{"href":"https:\/\/stafimy.com\/ru\/wp-json\/wp\/v2\/pages\/6157","targetHints":{"allow":["GET"]}}],"collection":[{"href":"https:\/\/stafimy.com\/ru\/wp-json\/wp\/v2\/pages"}],"about":[{"href":"https:\/\/stafimy.com\/ru\/wp-json\/wp\/v2\/types\/page"}],"author":[{"embeddable":true,"href":"https:\/\/stafimy.com\/ru\/wp-json\/wp\/v2\/users\/1"}],"replies":[{"embeddable":true,"href":"https:\/\/stafimy.com\/ru\/wp-json\/wp\/v2\/comments?post=6157"}],"version-history":[{"count":0,"href":"https:\/\/stafimy.com\/ru\/wp-json\/wp\/v2\/pages\/6157\/revisions"}],"wp:attachment":[{"href":"https:\/\/stafimy.com\/ru\/wp-json\/wp\/v2\/media?parent=6157"}],"curies":[{"name":"wp","href":"https:\/\/api.w.org\/{rel}","templated":true}]}}