{"id":6123,"date":"2021-11-23T01:11:27","date_gmt":"2021-11-22T22:11:27","guid":{"rendered":"https:\/\/stafimy.com\/?page_id=6123"},"modified":"2021-12-05T16:51:44","modified_gmt":"2021-12-05T13:51:44","slug":"acik-riza-metni","status":"publish","type":"page","link":"https:\/\/stafimy.com\/ar\/acik-riza-metni\/","title":{"rendered":"A\u00c7IK RIZA METN\u0130"},"content":{"rendered":"<p style=\"text-align: center;\"><strong>K\u0130\u015e\u0130SEL VER\u0130LER\u0130N \u0130\u015eLENMES\u0130NE Y\u00d6NEL\u0130K<\/strong><\/p>\n<p style=\"text-align: center;\"><strong>A\u00c7IK RIZA METN\u0130<\/strong><\/p>\n<p align=\"justify\">\u015eirketimiz SADIK S\u00d6ZER \u00c7\u0130ZMEC\u0130 DANI\u015eMANLIK \u0130NSAN KAYNAKLARI \u0130\u015e G\u00dcC\u00dc TEM\u0130N\u0130 L\u0130M\u0130TED \u015e\u0130RKET\u0130\u00a0 \u00a0(\u201cSTAFIMY\/EXECUTURK\u201d ve\/veya \u201c\u015eirket\u201d), taraf\u0131nca y\u00f6netilen mobil uygulamas\u0131 ve www.staf\u0131my.com , www.executurk.com internet sitesi (\u201cSTAFIMY\/EXECUTURK\u201d ve\/veya \u2018\u2019Site\u2019\u2019) \u00fczerinden i\u015flem ger\u00e7ekle\u015ftiren m\u00fc\u015fterilere ili\u015fkin ki\u015fisel veriler bak\u0131m\u0131ndan 6698 say\u0131l\u0131 Ki\u015fisel Verilerin Korunmas\u0131 Kanunu (\u201cKanun\u201d) kapsam\u0131nda \u201cveri sorumlusu\u201d s\u0131fat\u0131na sahip olup i\u015fbu A\u00e7\u0131k R\u0131za Metni ile s\u00f6z konusu Kanun uyar\u0131nca m\u00fc\u015fterilerin STAFIMY\/EXECUTURK taraf\u0131ndan ger\u00e7ekle\u015ftirilen ve a\u015fa\u011f\u0131da belirtilen ki\u015fisel veri i\u015fleme faaliyetlerine ili\u015fkin a\u00e7\u0131k r\u0131zalar\u0131n\u0131n kanuna uygun bir \u015fekilde temini ama\u00e7lanmaktad\u0131r.<\/p>\n<p align=\"justify\">Ki\u015fisel Verilen Korunmas\u0131 Hakk\u0131nda Kanun\u2019un 5\/2 ile 6\/3 maddesinde yer alan ki\u015fisel veri i\u015fleme \u015fartlar\u0131n\u0131n sa\u011fland\u0131\u011f\u0131 takdirde a\u00e7\u0131k r\u0131za olmaks\u0131z\u0131n ki\u015fisel veriler i\u015flenebilmektedir. Bu \u015fartlar\u0131n sa\u011flanmad\u0131\u011f\u0131 a\u015fa\u011f\u0131daki durumlar i\u00e7in STAFIMY\/EXECUTURK taraf\u0131ndan ki\u015fisel verilerin i\u015flenebilmesi i\u00e7in m\u00fc\u015fterilerin a\u00e7\u0131k r\u0131zas\u0131n\u0131n al\u0131nmas\u0131 gerekmektedir. Ki\u015fisel verilerin niteli\u011fine ba\u011fl\u0131 olarak Ayd\u0131nlatma Metni ve Gizlilik \u0130lkesi Politikas\u0131 uyar\u0131nca s\u00fcre\u00e7lere uygun olarak a\u00e7\u0131k r\u0131za al\u0131narak veya a\u00e7\u0131k r\u0131za al\u0131nmadan ki\u015fisel veriler i\u015flenmektedir.<\/p>\n<p align=\"justify\">Bu kapsamda m\u00fc\u015fterilerin ki\u015fisel verileri STAFIMY\/EXECUTURK taraf\u0131ndan olu\u015fturulan Gizlilik \u0130lkesi Politikas\u0131 madde B ve C&#8217;deki ama\u00e7larla ve buradaki usule uygun olarak i\u015flenmektedir. Buna g\u00f6re ki\u015fisel veriler; m\u00fc\u015fterilere y\u00f6nelik kampanyalar\u0131n olu\u015fturulmas\u0131, STAFIMY\/EXECUTURK i\u015f ortaklar\u0131 taraf\u0131ndan STAFIMY\/EXECUTURK m\u00fc\u015fterilerine STAFIMY\/EXECUTURK\u2019e kullanabilecekleri \u00f6zel f\u0131rsatlar\u0131n sunulmas\u0131,hedef kitle belirlenmesi, M\u00fc\u015fteri hareketlerinin takip edilerek kullan\u0131c\u0131 deneyimini artt\u0131r\u0131c\u0131 faaliyetlerin y\u00fcr\u00fct\u00fclmesi, STAFIMY\/EXECUTURK\u2019e ait internet sitesi ile mobil uygulaman\u0131n i\u015fleyi\u015finin geli\u015ftirilmesi ve M\u00fc\u015fteri ihtiya\u00e7lar\u0131na g\u00f6re ki\u015fiselle\u015ftirilmesi, do\u011frudan ve do\u011frudan olmayan pazarlama, ki\u015fiye \u00f6zel pazarlama ve yeniden pazarlama faaliyetlerinin y\u00fcr\u00fct\u00fclmesi, ki\u015fiye \u00f6zel segmentasyon, hedefleme, analiz ve \u015firket i\u00e7i raporlama faaliyetlerinin y\u00fcr\u00fct\u00fclmesi, pazar ara\u015ft\u0131rmalar\u0131, m\u00fc\u015fteri memnuniyeti aktivitelerinin planlanmas\u0131 ve icras\u0131, STAFIMY\/EXECUTURK\u2019un sundu\u011fuhizmetlerin ilgili ki\u015filerin be\u011feni, kullan\u0131m al\u0131\u015fkanl\u0131klar\u0131 ve ihtiya\u00e7lar\u0131na g\u00f6re \u00f6zelle\u015ftirilerek ilgili ki\u015filere \u00f6nerilmesi ve tan\u0131t\u0131lmas\u0131 ile m\u00fc\u015fteri ili\u015fkileri y\u00f6netimi s\u00fcre\u00e7lerinin planlanmas\u0131 ve icras\u0131 ama\u00e7lar\u0131 da dahil olmak \u00fczere genel anlamda STAFIMY\/EXECUTURK\u2019un hizmetlerinin pazarlama s\u00fcre\u00e7lerinin planlanmas\u0131 ve icras\u0131, STAFIMY\/EXECUTURK\u2019un sundu\u011fu hizmetlere ba\u011fl\u0131l\u0131k olu\u015fturulmas\u0131 ve\/veya artt\u0131r\u0131lmas\u0131 s\u00fcre\u00e7lerinin planlanmas\u0131 ve icras\u0131 kapsam\u0131nda M\u00fc\u015fteri\u2019nin verece\u011fi onay\u0131 do\u011frultusunda i\u015flenebilecek ve bu ama\u00e7lara y\u00f6nelik olarak Ayd\u0131nlatma Metni\u2019nde belirtilen taraflarla payla\u015f\u0131labilecektir.<\/p>\n","protected":false},"excerpt":{"rendered":"<p>K\u0130\u015e\u0130SEL VER\u0130LER\u0130N \u0130\u015eLENMES\u0130NE Y\u00d6NEL\u0130K A\u00c7IK RIZA METN\u0130 \u015eirketimiz SADIK S\u00d6ZER \u00c7\u0130ZMEC\u0130 DANI\u015eMANLIK \u0130NSAN KAYNAKLARI \u0130\u015e G\u00dcC\u00dc TEM\u0130N\u0130 L\u0130M\u0130TED \u015e\u0130RKET\u0130\u00a0 \u00a0(\u201cSTAFIMY\/EXECUTURK\u201d ve\/veya \u201c\u015eirket\u201d), taraf\u0131nca y\u00f6netilen mobil uygulamas\u0131 ve www.staf\u0131my.com , www.executurk.com internet sitesi (\u201cSTAFIMY\/EXECUTURK\u201d ve\/veya \u2018\u2019Site\u2019\u2019) \u00fczerinden i\u015flem ger\u00e7ekle\u015ftiren m\u00fc\u015fterilere ili\u015fkin ki\u015fisel veriler bak\u0131m\u0131ndan 6698 say\u0131l\u0131 Ki\u015fisel Verilerin Korunmas\u0131 Kanunu (\u201cKanun\u201d) kapsam\u0131nda \u201cveri sorumlusu\u201d s\u0131fat\u0131na sahip [&hellip;]<\/p>\n","protected":false},"author":1,"featured_media":0,"parent":0,"menu_order":0,"comment_status":"closed","ping_status":"closed","template":"","meta":{"_monsterinsights_skip_tracking":false,"_monsterinsights_sitenote_active":false,"_monsterinsights_sitenote_note":"","_monsterinsights_sitenote_category":0,"footnotes":""},"class_list":["post-6123","page","type-page","status-publish","hentry"],"translation":{"provider":"WPGlobus","version":"3.0.0","language":"ar","enabled_languages":["en","tr","ar","ru"],"languages":{"en":{"title":true,"content":true,"excerpt":false},"tr":{"title":false,"content":false,"excerpt":false},"ar":{"title":false,"content":false,"excerpt":false},"ru":{"title":false,"content":false,"excerpt":false}}},"yoast_head":"<!-- This site is optimized with the Yoast SEO plugin v25.1 - https:\/\/yoast.com\/wordpress\/plugins\/seo\/ -->\n<title>A\u00c7IK RIZA METN\u0130 - Stafimy<\/title>\n<meta name=\"robots\" content=\"index, follow, max-snippet:-1, max-image-preview:large, max-video-preview:-1\" \/>\n<link rel=\"canonical\" href=\"https:\/\/stafimy.com\/acik-riza-metni\/\" \/>\n<meta property=\"og:locale\" content=\"ar_AR\" \/>\n<meta property=\"og:type\" content=\"article\" \/>\n<meta property=\"og:title\" content=\"A\u00c7IK RIZA METN\u0130 - Stafimy\" \/>\n<meta property=\"og:url\" content=\"https:\/\/stafimy.com\/acik-riza-metni\/\" \/>\n<meta property=\"og:site_name\" content=\"Stafimy\" \/>\n<meta property=\"article:modified_time\" content=\"2021-12-05T13:51:44+00:00\" \/>\n<meta name=\"twitter:card\" content=\"summary_large_image\" \/>\n<meta name=\"twitter:label1\" content=\"Est. reading time\" \/>\n\t<meta name=\"twitter:data1\" content=\"3 minutes\" \/>\n<script type=\"application\/ld+json\" class=\"yoast-schema-graph\">{\"@context\":\"https:\/\/schema.org\",\"@graph\":[{\"@type\":\"WebPage\",\"@id\":\"https:\/\/stafimy.com\/acik-riza-metni\/\",\"url\":\"https:\/\/stafimy.com\/acik-riza-metni\/\",\"name\":\"A\u00c7IK RIZA METN\u0130 - Stafimy\",\"isPartOf\":{\"@id\":\"https:\/\/stafimy.com\/#website\"},\"datePublished\":\"2021-11-22T22:11:27+00:00\",\"dateModified\":\"2021-12-05T13:51:44+00:00\",\"breadcrumb\":{\"@id\":\"https:\/\/stafimy.com\/acik-riza-metni\/#breadcrumb\"},\"inLanguage\":\"ar\",\"potentialAction\":[{\"@type\":\"ReadAction\",\"target\":[\"https:\/\/stafimy.com\/acik-riza-metni\/\"]}]},{\"@type\":\"BreadcrumbList\",\"@id\":\"https:\/\/stafimy.com\/acik-riza-metni\/#breadcrumb\",\"itemListElement\":[{\"@type\":\"ListItem\",\"position\":1,\"name\":\"Home\",\"item\":\"https:\/\/stafimy.com\/\"},{\"@type\":\"ListItem\",\"position\":2,\"name\":\"A\u00c7IK RIZA METN\u0130\"}]},{\"@type\":\"WebSite\",\"@id\":\"https:\/\/stafimy.com\/#website\",\"url\":\"https:\/\/stafimy.com\/\",\"name\":\"Stafimy\",\"description\":\"\u0628\u062d\u062b  \u0645\u0648\u0627\u0631\u062f  \u062f\u0639\u0645\",\"publisher\":{\"@id\":\"https:\/\/stafimy.com\/#organization\"},\"potentialAction\":[{\"@type\":\"SearchAction\",\"target\":{\"@type\":\"EntryPoint\",\"urlTemplate\":\"https:\/\/stafimy.com\/?s={search_term_string}\"},\"query-input\":{\"@type\":\"PropertyValueSpecification\",\"valueRequired\":true,\"valueName\":\"search_term_string\"}}],\"inLanguage\":\"ar\"},{\"@type\":\"Organization\",\"@id\":\"https:\/\/stafimy.com\/#organization\",\"name\":\"Stafimy\",\"url\":\"https:\/\/stafimy.com\/\",\"logo\":{\"@type\":\"ImageObject\",\"inLanguage\":\"ar\",\"@id\":\"https:\/\/stafimy.com\/#\/schema\/logo\/image\/\",\"url\":\"https:\/\/stafimy.com\/wp-content\/uploads\/2021\/09\/stafimy-8.png\",\"contentUrl\":\"https:\/\/stafimy.com\/wp-content\/uploads\/2021\/09\/stafimy-8.png\",\"width\":500,\"height\":500,\"caption\":\"Stafimy\"},\"image\":{\"@id\":\"https:\/\/stafimy.com\/#\/schema\/logo\/image\/\"}}]}<\/script>\n<!-- \/ Yoast SEO plugin. -->","yoast_head_json":{"title":"A\u00c7IK RIZA METN\u0130 - Stafimy","robots":{"index":"index","follow":"follow","max-snippet":"max-snippet:-1","max-image-preview":"max-image-preview:large","max-video-preview":"max-video-preview:-1"},"canonical":"https:\/\/stafimy.com\/acik-riza-metni\/","og_locale":"ar_AR","og_type":"article","og_title":"A\u00c7IK RIZA METN\u0130 - Stafimy","og_url":"https:\/\/stafimy.com\/acik-riza-metni\/","og_site_name":"Stafimy","article_modified_time":"2021-12-05T13:51:44+00:00","twitter_card":"summary_large_image","twitter_misc":{"Est. reading time":"3 minutes"},"schema":{"@context":"https:\/\/schema.org","@graph":[{"@type":"WebPage","@id":"https:\/\/stafimy.com\/acik-riza-metni\/","url":"https:\/\/stafimy.com\/acik-riza-metni\/","name":"A\u00c7IK RIZA METN\u0130 - Stafimy","isPartOf":{"@id":"https:\/\/stafimy.com\/#website"},"datePublished":"2021-11-22T22:11:27+00:00","dateModified":"2021-12-05T13:51:44+00:00","breadcrumb":{"@id":"https:\/\/stafimy.com\/acik-riza-metni\/#breadcrumb"},"inLanguage":"ar","potentialAction":[{"@type":"ReadAction","target":["https:\/\/stafimy.com\/acik-riza-metni\/"]}]},{"@type":"BreadcrumbList","@id":"https:\/\/stafimy.com\/acik-riza-metni\/#breadcrumb","itemListElement":[{"@type":"ListItem","position":1,"name":"Home","item":"https:\/\/stafimy.com\/"},{"@type":"ListItem","position":2,"name":"A\u00c7IK RIZA METN\u0130"}]},{"@type":"WebSite","@id":"https:\/\/stafimy.com\/#website","url":"https:\/\/stafimy.com\/","name":"Stafimy","description":"\u0628\u062d\u062b  \u0645\u0648\u0627\u0631\u062f  \u062f\u0639\u0645","publisher":{"@id":"https:\/\/stafimy.com\/#organization"},"potentialAction":[{"@type":"SearchAction","target":{"@type":"EntryPoint","urlTemplate":"https:\/\/stafimy.com\/?s={search_term_string}"},"query-input":{"@type":"PropertyValueSpecification","valueRequired":true,"valueName":"search_term_string"}}],"inLanguage":"ar"},{"@type":"Organization","@id":"https:\/\/stafimy.com\/#organization","name":"Stafimy","url":"https:\/\/stafimy.com\/","logo":{"@type":"ImageObject","inLanguage":"ar","@id":"https:\/\/stafimy.com\/#\/schema\/logo\/image\/","url":"https:\/\/stafimy.com\/wp-content\/uploads\/2021\/09\/stafimy-8.png","contentUrl":"https:\/\/stafimy.com\/wp-content\/uploads\/2021\/09\/stafimy-8.png","width":500,"height":500,"caption":"Stafimy"},"image":{"@id":"https:\/\/stafimy.com\/#\/schema\/logo\/image\/"}}]}},"_links":{"self":[{"href":"https:\/\/stafimy.com\/ar\/wp-json\/wp\/v2\/pages\/6123","targetHints":{"allow":["GET"]}}],"collection":[{"href":"https:\/\/stafimy.com\/ar\/wp-json\/wp\/v2\/pages"}],"about":[{"href":"https:\/\/stafimy.com\/ar\/wp-json\/wp\/v2\/types\/page"}],"author":[{"embeddable":true,"href":"https:\/\/stafimy.com\/ar\/wp-json\/wp\/v2\/users\/1"}],"replies":[{"embeddable":true,"href":"https:\/\/stafimy.com\/ar\/wp-json\/wp\/v2\/comments?post=6123"}],"version-history":[{"count":0,"href":"https:\/\/stafimy.com\/ar\/wp-json\/wp\/v2\/pages\/6123\/revisions"}],"wp:attachment":[{"href":"https:\/\/stafimy.com\/ar\/wp-json\/wp\/v2\/media?parent=6123"}],"curies":[{"name":"wp","href":"https:\/\/api.w.org\/{rel}","templated":true}]}}