{"id":6090,"date":"2021-11-22T23:46:20","date_gmt":"2021-11-22T20:46:20","guid":{"rendered":"https:\/\/stafimy.com\/?page_id=6090"},"modified":"2021-12-05T16:55:43","modified_gmt":"2021-12-05T13:55:43","slug":"kvkk-aydinlatma-metni","status":"publish","type":"page","link":"https:\/\/stafimy.com\/ar\/kvkk-aydinlatma-metni\/","title":{"rendered":"KVKK Ayd\u0131nlatma Metni"},"content":{"rendered":"\t\t<div data-elementor-type=\"wp-page\" data-elementor-id=\"6090\" class=\"elementor elementor-6090\" data-elementor-post-type=\"page\">\n\t\t\t\t\t\t<section class=\"elementor-section elementor-top-section elementor-element elementor-element-2bebef5 elementor-section-boxed elementor-section-height-default elementor-section-height-default\" data-id=\"2bebef5\" data-element_type=\"section\">\n\t\t\t\t\t\t<div class=\"elementor-container elementor-column-gap-default\">\n\t\t\t\t\t<div class=\"elementor-column elementor-col-100 elementor-top-column elementor-element elementor-element-ac61b96\" data-id=\"ac61b96\" data-element_type=\"column\">\n\t\t\t<div class=\"elementor-widget-wrap elementor-element-populated\">\n\t\t\t\t\t\t<div class=\"elementor-element elementor-element-bad9d67 elementor-widget elementor-widget-text-editor\" data-id=\"bad9d67\" data-element_type=\"widget\" data-widget_type=\"text-editor.default\">\n\t\t\t\t<div class=\"elementor-widget-container\">\n\t\t\t\t\t\t\t\t\t<p class=\"MsoNormal\" style=\"text-align: center;\" align=\"center\"><b><span style=\"font-size: 12.0pt; line-height: 107%; font-family: 'Times New Roman',serif;\">STAFIMY\/EXECUTURK K\u0130\u015e\u0130SEL VER\u0130LER\u0130N \u0130\u015eLENMES\u0130NE Y\u00d6NEL\u0130K<\/span><\/b><\/p><p class=\"MsoNormal\" style=\"text-align: center;\" align=\"center\"><b><span style=\"font-size: 12.0pt; line-height: 107%; font-family: 'Times New Roman',serif;\">AYDINLATMA METN\u0130<\/span><\/b><\/p><p class=\"MsoNormal\" style=\"margin-top: 12.0pt;\"><b><span style=\"font-size: 12.0pt; line-height: 107%; font-family: 'Times New Roman',serif;\">1. Ayd\u0131nlatma Metni\u2019nin Amac\u0131 ve Veri Sorumlusu S\u0131fat\u0131m\u0131za Y\u00f6nelik A\u00e7\u0131klama<\/span><\/b><\/p><p style=\"margin-bottom: 11.35pt; text-align: justify; background-image: initial; background-position: initial; background-size: initial; background-repeat: initial; background-attachment: initial; background-origin: initial; background-clip: initial;\"><span style=\"color: black; mso-color-alt: windowtext;\">\u015eirketimiz SADIK S\u00d6ZER \u00c7\u0130ZMEC\u0130 DANI\u015eMANLIK \u0130NSAN KAYNAKLARI \u0130\u015e G\u00dcC\u00dc TEM\u0130N\u0130 L\u0130M\u0130TED \u015e\u0130RKET\u0130 (\u201cSTAFIMY\/EXECUTURK\u201d), taraf\u0131nca y\u00f6netilen www.staf\u0131my.com<\/span><span class=\"MsoHyperlink\"> , www.executurk.com<\/span><span style=\"color: black; mso-color-alt: windowtext;\"> (\u2018STAFIMY\/EXECUTURK\u2019) ve mobil uygulamas\u0131 \u00fczerinden i\u015flem ger\u00e7ekle\u015ftiren m\u00fc\u015fterilere ili\u015fkin ki\u015fisel veriler bak\u0131m\u0131ndan 6698 say\u0131l\u0131 Ki\u015fisel Verilerin Korunmas\u0131 Kanunu (\u201cKanun\u201d) kapsam\u0131nda \u201cveri sorumlusu\u201d s\u0131fat\u0131na sahip olup i\u015fbu Ayd\u0131nlatma Metni ile s\u00f6z konusu Kanun uyar\u0131nca m\u00fc\u015fterilerin STAFIMY\/EXECUTURK taraf\u0131ndan ger\u00e7ekle\u015ftirilen ki\u015fisel veri i\u015fleme faaliyetleri hakk\u0131nda gerekli bilgilere sahip olmas\u0131 ve s\u00fcre\u00e7 ki\u015fisel veriler ile alakal\u0131 t\u00fcm s\u00fcre\u00e7 hakk\u0131nda ayd\u0131nlat\u0131lmas\u0131 hedeflenmektedir.<\/span><\/p><p class=\"MsoNormal\" style=\"margin-top: 12.0pt; text-align: justify;\"><b><span style=\"font-size: 12.0pt; line-height: 107%; font-family: 'Times New Roman',serif;\">2. M\u00fc\u015fterilere Ait Ki\u015fisel Verilerin \u0130\u015flenme Amac\u0131<\/span><\/b><\/p><p class=\"MsoNormal\" style=\"margin-top: 12.0pt; text-align: justify;\"><span style=\"font-size: 12.0pt; line-height: 107%; font-family: 'Times New Roman',serif;\">M\u00fc\u015fterilere ait ki\u015fisel veriler, STAFIMY\/EXECUTURK taraf\u0131ndan site vas\u0131tas\u0131yla sunulan \u00fcr\u00fcn ve hizmetlerden ilgili ki\u015fileri faydaland\u0131rmak ve arac\u0131 olunan sistemin devaml\u0131l\u0131\u011f\u0131n\u0131 sa\u011flamak ad\u0131na gerekli \u00e7al\u0131\u015fmalar\u0131n i\u015f birimleri taraf\u0131ndan yap\u0131lmas\u0131 ve ilgili i\u015f s\u00fcre\u00e7lerinin y\u00fcr\u00fct\u00fclmesi, STAFIMY\/EXECUTURK taraf\u0131ndan y\u00fcr\u00fct\u00fclen ticari faaliyetlerin ger\u00e7ekle\u015ftirilmesi i\u00e7in ilgili i\u015f birimleri taraf\u0131ndan gerekli \u00e7al\u0131\u015fmalar\u0131n yap\u0131lmas\u0131 ve buna ba\u011fl\u0131 i\u015f s\u00fcre\u00e7lerinin y\u00fcr\u00fct\u00fclmesi, STAFIMY\/EXECUTURK\u2019un ticari ve\/veya i\u015f stratejilerinin planlanmas\u0131 ve icras\u0131,<\/span> <span style=\"font-size: 12.0pt; line-height: 107%; font-family: 'Times New Roman',serif;\">STAFIMY\/EXECUTURK\u2019un ve STAFIMY\/EXECUTURK ile i\u015f ili\u015fkisi i\u00e7erisinde olan ilgili ki\u015filerin hukuki, teknik ve ticari i\u015f g\u00fcvenli\u011finin temini de dahil olmak \u00fczere Kanun\u2019un 5. ve 6. maddelerinde belirtilen ki\u015fisel veri i\u015fleme \u015fartlar\u0131 ve ama\u00e7lar\u0131 \u00e7er\u00e7evesinde i\u015flenmektedir. Ki\u015fisel verilerin i\u015flenmesine ili\u015fkin detayl\u0131 bilgilere STAFIMY\/EXECUTURK taraf\u0131ndan 6698 say\u0131l\u0131 Kanun Kapsam\u0131nda Ki\u015fisel Verilerin \u0130\u015flenmesi ve Korunmas\u0131na \u0130li\u015fkin <b>Gizlilik \u0130lkesi Politikas\u0131\u2019ndan<\/b> ula\u015f\u0131labilecektir.<\/span><\/p><p class=\"MsoNormal\" style=\"margin-top: 12.0pt; text-align: justify;\"><b><span style=\"font-size: 12.0pt; line-height: 107%; font-family: 'Times New Roman',serif;\">3. M\u00fc\u015fterilerin Kanun Uyar\u0131nca A\u00e7\u0131k R\u0131zas\u0131 Dahilinde \u0130\u015flenebilecek Ki\u015fisel Veriler ve Bu Verilerin \u0130\u015flenme Ama\u00e7lar\u0131<\/span><\/b><\/p><p class=\"MsoNormal\" style=\"margin-top: 12.0pt; text-align: justify;\"><span style=\"font-size: 12.0pt; line-height: 107%; font-family: 'Times New Roman',serif;\">M\u00fc\u015fterilerin a\u00e7\u0131k r\u0131zas\u0131 dahilinde i\u015flenebilecek ki\u015fisel verilerin neler olabilece\u011fi hem haz\u0131rlam\u0131\u015f oldu\u011fumuz A\u00e7\u0131k R\u0131za Metni\u2019nde, hem de Gizlilik \u0130lkesi Politikas\u0131\u2019nda belirtilmi\u015ftir.<\/span><\/p><p class=\"MsoNormal\" style=\"margin-top: 12.0pt; text-align: justify;\"><b><span style=\"font-size: 12.0pt; line-height: 107%; font-family: 'Times New Roman',serif;\">4. Toplanan Ki\u015fisel Verilen Aktar\u0131m Politikas\u0131<\/span><\/b><\/p><p class=\"MsoNormal\" style=\"margin-top: 12.0pt; text-align: justify;\"><span style=\"font-size: 12.0pt; line-height: 107%; font-family: 'Times New Roman',serif;\">M\u00fc\u015fterilere ait ki\u015fisel veriler, STAFIMY\/EXECUTURK taraf\u0131ndan sunulan hizmetlerden ilgili ki\u015fileri faydaland\u0131rmak i\u00e7in gerekli \u00e7al\u0131\u015fmalar\u0131n i\u015f birimleri taraf\u0131ndan yap\u0131lmas\u0131 ve ilgili i\u015f s\u00fcre\u00e7lerinin y\u00fcr\u00fct\u00fclmesi, STAFIMY\/EXECUTURK taraf\u0131ndan y\u00fcr\u00fct\u00fclen ticari faaliyetlerin ger\u00e7ekle\u015ftirilmesi i\u00e7in ilgili i\u015f birimleri taraf\u0131ndan gerekli \u00e7al\u0131\u015fmalar\u0131n yap\u0131lmas\u0131 ve buna ba\u011fl\u0131 i\u015f s\u00fcre\u00e7lerinin y\u00fcr\u00fct\u00fclmesi,<\/span> <span style=\"font-size: 12.0pt; line-height: 107%; font-family: 'Times New Roman',serif;\">STAFIMY\/EXECUTURK\u2019un ticari ve\/veya i\u015f stratejilerinin planlanmas\u0131 ve icras\u0131,<\/span> <span style=\"font-size: 12.0pt; line-height: 107%; font-family: 'Times New Roman',serif;\">STAFIMY\/EXECUTURK\u2019un ve STAFIMY\/EXECUTURK \u00a0ile i\u015f ili\u015fkisi i\u00e7erisinde olan ilgili ki\u015filerin hukuki, teknik ve ticari i\u015f g\u00fcvenli\u011finin temini i\u00e7in gerekli olan aktivitelerin planlanmas\u0131 ve icras\u0131 da dahil olmak \u00fczere Kanun\u2019un 8. ve 9. maddelerinde belirtilen ki\u015fisel veri i\u015fleme \u015fartlar\u0131 ve ama\u00e7lar\u0131 \u00e7er\u00e7evesinde<\/span> <span style=\"font-size: 12.0pt; line-height: 107%; font-family: 'Times New Roman',serif;\">STAFIMY\/EXECUTURK, STAFIMY\/EXECUTURK personeli ve yetkilileri, i\u015ftiraklerimiz, i\u015f ortaklar\u0131m\u0131z, tedarik\u00e7ilerimiz, hissedarlar\u0131m\u0131z, kanunen yetkili kamu kurum ve kurulu\u015flar\u0131 ile \u00f6zel kurumlar ile payla\u015f\u0131labilecektir.<\/span><\/p><p class=\"MsoNormal\" style=\"margin-top: 12.0pt; text-align: justify;\"><b><span style=\"font-size: 12.0pt; line-height: 107%; font-family: 'Times New Roman',serif;\">5. Ki\u015fisel Verilerin Toplanmas\u0131na \u0130li\u015fkin Y\u00f6ntem ve Hukuki Dayanak<\/span><\/b><\/p><p class=\"MsoNormal\" style=\"margin-top: 12.0pt; text-align: justify;\"><span style=\"font-size: 12.0pt; line-height: 107%; font-family: 'Times New Roman',serif;\">Ki\u015fisel veriler, m\u00fc\u015fterilerin yapm\u0131\u015f olduklar\u0131 i\u015flemler do\u011frultusunda elektronik ortamda toplanmaktad\u0131r. Belirtilmi\u015f olan hukuki sebepler ile <b>Kanun\u2019un 5. ve 6.maddesine ayk\u0131r\u0131 olmamak kayd\u0131yla<\/b> Gizlilik \u0130lkesi Politikas\u0131, i\u015fbu Ayd\u0131nlatma Metni ve R\u0131za Metni\u2019nden yer alan ama\u00e7lar do\u011frultusunda a\u00e7\u0131k r\u0131za al\u0131narak veya somut duruma g\u00f6re al\u0131nmadan i\u015flenebilmekte ve aktar\u0131labilmektedir.<\/span><\/p><p class=\"MsoNormal\" style=\"margin-top: 12.0pt; text-align: justify;\"><b><span style=\"font-size: 12.0pt; line-height: 107%; font-family: 'Times New Roman',serif;\">6. Ki\u015fisel Veri Sahibi Olarak M\u00fc\u015fterilerin Haklar\u0131:<\/span><\/b><\/p><p class=\"MsoNormal\" style=\"margin-top: 12.0pt; text-align: justify;\"><span style=\"font-size: 12.0pt; line-height: 107%; font-family: 'Times New Roman',serif;\">Kanun\u2019un 11. maddesinde ki\u015fisel veri sahiplerinin toplanan verileri ile ilgili olarak sahip olduklar\u0131 haklar\u0131 belirtilmi\u015ftir. Bu haklar; <\/span><\/p><p class=\"MsoListParagraphCxSpFirst\" style=\"mso-add-space: auto; text-align: justify; text-indent: -36.0pt; mso-list: l0 level1 lfo1; margin: 12.0pt 0cm 8.0pt 54.0pt;\"><!-- [if !supportLists]--><span style=\"font-size: 12.0pt; line-height: 107%; font-family: 'Times New Roman',serif; mso-fareast-font-family: 'Times New Roman';\">(i)<span style=\"font-variant-numeric: normal; font-variant-east-asian: normal; font-stretch: normal; font-size: 7pt; line-height: normal; font-family: 'Times New Roman';\">\u00a0\u00a0\u00a0\u00a0\u00a0\u00a0\u00a0\u00a0\u00a0\u00a0\u00a0\u00a0 <\/span><\/span><!--[endif]--><span style=\"font-size: 12.0pt; line-height: 107%; font-family: 'Times New Roman',serif;\">kendileri ile ilgili ki\u015fisel veri i\u015flenip i\u015flenmedi\u011fini \u00f6\u011frenme, <\/span><\/p><p class=\"MsoListParagraphCxSpMiddle\" style=\"mso-add-space: auto; text-align: justify; text-indent: -36.0pt; mso-list: l0 level1 lfo1; margin: 12.0pt 0cm 8.0pt 54.0pt;\"><!-- [if !supportLists]--><span style=\"font-size: 12.0pt; line-height: 107%; font-family: 'Times New Roman',serif; mso-fareast-font-family: 'Times New Roman';\">(ii)<span style=\"font-variant-numeric: normal; font-variant-east-asian: normal; font-stretch: normal; font-size: 7pt; line-height: normal; font-family: 'Times New Roman';\">\u00a0\u00a0\u00a0\u00a0\u00a0\u00a0\u00a0\u00a0\u00a0\u00a0 <\/span><\/span><!--[endif]--><span style=\"font-size: 12.0pt; line-height: 107%; font-family: 'Times New Roman',serif;\">ki\u015fisel verileri i\u015flenmi\u015fse buna ili\u015fkin bilgi talep etme, <\/span><\/p><p class=\"MsoListParagraphCxSpMiddle\" style=\"mso-add-space: auto; text-align: justify; text-indent: -36.0pt; mso-list: l0 level1 lfo1; margin: 12.0pt 0cm 8.0pt 54.0pt;\"><!-- [if !supportLists]--><span style=\"font-size: 12.0pt; line-height: 107%; font-family: 'Times New Roman',serif; mso-fareast-font-family: 'Times New Roman';\">(iii)<span style=\"font-variant-numeric: normal; font-variant-east-asian: normal; font-stretch: normal; font-size: 7pt; line-height: normal; font-family: 'Times New Roman';\">\u00a0\u00a0\u00a0\u00a0\u00a0\u00a0\u00a0\u00a0 <\/span><\/span><!--[endif]--><span style=\"font-size: 12.0pt; line-height: 107%; font-family: 'Times New Roman',serif;\">ki\u015fisel verilerin i\u015flenme amac\u0131n\u0131 ve bunlar\u0131n amac\u0131na uygun kullan\u0131l\u0131p kullan\u0131lmad\u0131\u011f\u0131n\u0131 \u00f6\u011frenme, <\/span><\/p><p class=\"MsoListParagraphCxSpMiddle\" style=\"mso-add-space: auto; text-align: justify; text-indent: -36.0pt; mso-list: l0 level1 lfo1; margin: 12.0pt 0cm 8.0pt 54.0pt;\"><!-- [if !supportLists]--><span style=\"font-size: 12.0pt; line-height: 107%; font-family: 'Times New Roman',serif; mso-fareast-font-family: 'Times New Roman';\">(iv)<span style=\"font-variant-numeric: normal; font-variant-east-asian: normal; font-stretch: normal; font-size: 7pt; line-height: normal; font-family: 'Times New Roman';\">\u00a0\u00a0\u00a0\u00a0\u00a0\u00a0\u00a0\u00a0\u00a0 <\/span><\/span><!--[endif]--><span style=\"font-size: 12.0pt; line-height: 107%; font-family: 'Times New Roman',serif;\">yurt i\u00e7inde veya yurt d\u0131\u015f\u0131nda ki\u015fisel verilerin aktar\u0131ld\u0131\u011f\u0131 \u00fc\u00e7\u00fcnc\u00fc ki\u015fileri bilme, <\/span><\/p><p class=\"MsoListParagraphCxSpMiddle\" style=\"mso-add-space: auto; text-align: justify; text-indent: -36.0pt; mso-list: l0 level1 lfo1; margin: 12.0pt 0cm 8.0pt 54.0pt;\"><!-- [if !supportLists]--><span style=\"font-size: 12.0pt; line-height: 107%; font-family: 'Times New Roman',serif; mso-fareast-font-family: 'Times New Roman';\">(v)<span style=\"font-variant-numeric: normal; font-variant-east-asian: normal; font-stretch: normal; font-size: 7pt; line-height: normal; font-family: 'Times New Roman';\">\u00a0\u00a0\u00a0\u00a0\u00a0\u00a0\u00a0\u00a0\u00a0\u00a0 <\/span><\/span><!--[endif]--><span style=\"font-size: 12.0pt; line-height: 107%; font-family: 'Times New Roman',serif;\">ki\u015fisel verilerin eksik veya yanl\u0131\u015f i\u015flenmi\u015f olmas\u0131 h\u00e2linde bunlar\u0131n d\u00fczeltilmesini isteme ve bu kapsamda yap\u0131lan i\u015flemin ki\u015fisel verilerin aktar\u0131ld\u0131\u011f\u0131 \u00fc\u00e7\u00fcnc\u00fc ki\u015filere bildirilmesini isteme, <\/span><\/p><p class=\"MsoListParagraphCxSpMiddle\" style=\"mso-add-space: auto; text-align: justify; text-indent: -36.0pt; mso-list: l0 level1 lfo1; margin: 12.0pt 0cm 8.0pt 54.0pt;\"><!-- [if !supportLists]--><span style=\"font-size: 12.0pt; line-height: 107%; font-family: 'Times New Roman',serif; mso-fareast-font-family: 'Times New Roman';\">(vi)<span style=\"font-variant-numeric: normal; font-variant-east-asian: normal; font-stretch: normal; font-size: 7pt; line-height: normal; font-family: 'Times New Roman';\">\u00a0\u00a0\u00a0\u00a0\u00a0\u00a0\u00a0\u00a0\u00a0 <\/span><\/span><!--[endif]--><span style=\"font-size: 12.0pt; line-height: 107%; font-family: 'Times New Roman',serif;\">Kanun ve ilgili di\u011fer kanun h\u00fck\u00fcmlerine uygun olarak i\u015flenmi\u015f olmas\u0131na ra\u011fmen, i\u015flenmesini gerektiren sebeplerin ortadan kalkmas\u0131 h\u00e2linde ki\u015fisel verilerin silinmesini veya yok edilmesini isteme ve bu kapsamda yap\u0131lan i\u015flemin ki\u015fisel verilerin aktar\u0131ld\u0131\u011f\u0131 \u00fc\u00e7\u00fcnc\u00fc ki\u015filere bildirilmesini isteme, <\/span><\/p><p class=\"MsoListParagraphCxSpMiddle\" style=\"mso-add-space: auto; text-align: justify; text-indent: -36.0pt; mso-list: l0 level1 lfo1; margin: 12.0pt 0cm 8.0pt 54.0pt;\"><!-- [if !supportLists]--><span style=\"font-size: 12.0pt; line-height: 107%; font-family: 'Times New Roman',serif; mso-fareast-font-family: 'Times New Roman';\">(vii)<span style=\"font-variant-numeric: normal; font-variant-east-asian: normal; font-stretch: normal; font-size: 7pt; line-height: normal; font-family: 'Times New Roman';\">\u00a0\u00a0\u00a0\u00a0\u00a0\u00a0\u00a0 <\/span><\/span><!--[endif]--><span style=\"font-size: 12.0pt; line-height: 107%; font-family: 'Times New Roman',serif;\">i\u015flenen verilerin m\u00fcnhas\u0131ran otomatik sistemler vas\u0131tas\u0131yla analiz edilmesi suretiyle ki\u015finin kendisi aleyhine bir sonucun ortaya \u00e7\u0131kmas\u0131na itiraz etme <\/span><\/p><p class=\"MsoListParagraphCxSpLast\" style=\"mso-add-space: auto; text-align: justify; text-indent: -36.0pt; mso-list: l0 level1 lfo1; margin: 12.0pt 0cm 8.0pt 54.0pt;\"><!-- [if !supportLists]--><span style=\"font-size: 12.0pt; line-height: 107%; font-family: 'Times New Roman',serif; mso-fareast-font-family: 'Times New Roman';\">(viii)<span style=\"font-variant-numeric: normal; font-variant-east-asian: normal; font-stretch: normal; font-size: 7pt; line-height: normal; font-family: 'Times New Roman';\">\u00a0\u00a0\u00a0\u00a0\u00a0 <\/span><\/span><!--[endif]--><span style=\"font-size: 12.0pt; line-height: 107%; font-family: 'Times New Roman',serif;\">ki\u015fisel verilerin kanuna ayk\u0131r\u0131 olarak i\u015flenmesi sebebiyle zarara u\u011framas\u0131 h\u00e2linde zarar\u0131n giderilmesini talep etme haklar\u0131na sahiptir.<\/span><\/p><p class=\"MsoNormal\" style=\"margin-top: 12.0pt; text-align: justify;\"><span style=\"font-size: 12.0pt; line-height: 107%; font-family: 'Times New Roman',serif;\">Veri sahibi, s\u00f6z konusu haklar\u0131n kullan\u0131m\u0131na ili\u015fkin taleplerini<\/span> <span style=\"font-size: 12.0pt; line-height: 107%; font-family: 'Times New Roman',serif;\">STAFIMY\/EXECUTURK taraf\u0131ndan haz\u0131rlanan Gizlilik \u0130lkesi Politikas\u0131\u2018n\u0131n G maddesi alt\u0131nda belirtilen y\u00f6ntemlerle Site y\u00f6netimine iletme imkan\u0131na sahiptir.<\/span> <span style=\"font-size: 12.0pt; line-height: 107%; font-family: 'Times New Roman',serif;\">STAFIMY\/EXECUTURK, s\u00f6z konusu talepleri de\u011ferlendirerek 30 g\u00fcn i\u00e7erisinde Kanun h\u00fck\u00fcmlerine ayk\u0131r\u0131 olmamak kayd\u0131 ile de\u011ferlendirme sonucunu veri sahibine elektronik ortamda iletecektir.<\/span> <span style=\"font-size: 12.0pt; line-height: 107%; font-family: 'Times New Roman',serif;\">STAFIMY\/EXECUTURK \u2019un taleplere ili\u015fkin ortaya \u00e7\u0131kabilecek masraflar ad\u0131na Ki\u015fisel Verileri Koruma Kurulu taraf\u0131ndan belirlenen (varsa) \u00fccret tarifesi \u00fczerinden \u00fccret talep etme hakk\u0131 sakl\u0131d\u0131r.<\/span><\/p>\t\t\t\t\t\t\t\t<\/div>\n\t\t\t\t<\/div>\n\t\t\t\t\t<\/div>\n\t\t<\/div>\n\t\t\t\t\t<\/div>\n\t\t<\/section>\n\t\t\t\t<\/div>\n\t\t","protected":false},"excerpt":{"rendered":"<p>STAFIMY\/EXECUTURK K\u0130\u015e\u0130SEL VER\u0130LER\u0130N \u0130\u015eLENMES\u0130NE Y\u00d6NEL\u0130K AYDINLATMA METN\u0130 1. Ayd\u0131nlatma Metni\u2019nin Amac\u0131 ve Veri Sorumlusu S\u0131fat\u0131m\u0131za Y\u00f6nelik A\u00e7\u0131klama \u015eirketimiz SADIK S\u00d6ZER \u00c7\u0130ZMEC\u0130 DANI\u015eMANLIK \u0130NSAN KAYNAKLARI \u0130\u015e G\u00dcC\u00dc TEM\u0130N\u0130 L\u0130M\u0130TED \u015e\u0130RKET\u0130 (\u201cSTAFIMY\/EXECUTURK\u201d), taraf\u0131nca y\u00f6netilen www.staf\u0131my.com , www.executurk.com (\u2018STAFIMY\/EXECUTURK\u2019) ve mobil uygulamas\u0131 \u00fczerinden i\u015flem ger\u00e7ekle\u015ftiren m\u00fc\u015fterilere ili\u015fkin ki\u015fisel veriler bak\u0131m\u0131ndan 6698 say\u0131l\u0131 Ki\u015fisel Verilerin Korunmas\u0131 Kanunu (\u201cKanun\u201d) kapsam\u0131nda [&hellip;]<\/p>\n","protected":false},"author":1,"featured_media":0,"parent":0,"menu_order":0,"comment_status":"closed","ping_status":"closed","template":"","meta":{"_monsterinsights_skip_tracking":false,"_monsterinsights_sitenote_active":false,"_monsterinsights_sitenote_note":"","_monsterinsights_sitenote_category":0,"footnotes":""},"class_list":["post-6090","page","type-page","status-publish","hentry"],"translation":{"provider":"WPGlobus","version":"3.0.0","language":"ar","enabled_languages":["en","tr","ar","ru"],"languages":{"en":{"title":true,"content":true,"excerpt":false},"tr":{"title":false,"content":false,"excerpt":false},"ar":{"title":false,"content":false,"excerpt":false},"ru":{"title":false,"content":false,"excerpt":false}}},"yoast_head":"<!-- This site is optimized with the Yoast SEO plugin v25.1 - https:\/\/yoast.com\/wordpress\/plugins\/seo\/ -->\n<title>KVKK Ayd\u0131nlatma Metni - Stafimy<\/title>\n<meta name=\"robots\" content=\"index, follow, max-snippet:-1, max-image-preview:large, max-video-preview:-1\" \/>\n<link rel=\"canonical\" href=\"https:\/\/stafimy.com\/kvkk-aydinlatma-metni\/\" \/>\n<meta property=\"og:locale\" content=\"ar_AR\" \/>\n<meta property=\"og:type\" content=\"article\" \/>\n<meta property=\"og:title\" content=\"KVKK Ayd\u0131nlatma Metni - Stafimy\" \/>\n<meta property=\"og:url\" content=\"https:\/\/stafimy.com\/kvkk-aydinlatma-metni\/\" \/>\n<meta property=\"og:site_name\" content=\"Stafimy\" \/>\n<meta property=\"article:modified_time\" content=\"2021-12-05T13:55:43+00:00\" \/>\n<meta name=\"twitter:card\" content=\"summary_large_image\" \/>\n<meta name=\"twitter:label1\" content=\"Est. reading time\" \/>\n\t<meta name=\"twitter:data1\" content=\"5 minutes\" \/>\n<script type=\"application\/ld+json\" class=\"yoast-schema-graph\">{\"@context\":\"https:\/\/schema.org\",\"@graph\":[{\"@type\":\"WebPage\",\"@id\":\"https:\/\/stafimy.com\/kvkk-aydinlatma-metni\/\",\"url\":\"https:\/\/stafimy.com\/kvkk-aydinlatma-metni\/\",\"name\":\"KVKK Ayd\u0131nlatma Metni - Stafimy\",\"isPartOf\":{\"@id\":\"https:\/\/stafimy.com\/#website\"},\"datePublished\":\"2021-11-22T20:46:20+00:00\",\"dateModified\":\"2021-12-05T13:55:43+00:00\",\"breadcrumb\":{\"@id\":\"https:\/\/stafimy.com\/kvkk-aydinlatma-metni\/#breadcrumb\"},\"inLanguage\":\"ar\",\"potentialAction\":[{\"@type\":\"ReadAction\",\"target\":[\"https:\/\/stafimy.com\/kvkk-aydinlatma-metni\/\"]}]},{\"@type\":\"BreadcrumbList\",\"@id\":\"https:\/\/stafimy.com\/kvkk-aydinlatma-metni\/#breadcrumb\",\"itemListElement\":[{\"@type\":\"ListItem\",\"position\":1,\"name\":\"Home\",\"item\":\"https:\/\/stafimy.com\/\"},{\"@type\":\"ListItem\",\"position\":2,\"name\":\"KVKK Ayd\u0131nlatma Metni\"}]},{\"@type\":\"WebSite\",\"@id\":\"https:\/\/stafimy.com\/#website\",\"url\":\"https:\/\/stafimy.com\/\",\"name\":\"Stafimy\",\"description\":\"\u0628\u062d\u062b  \u0645\u0648\u0627\u0631\u062f  \u062f\u0639\u0645\",\"publisher\":{\"@id\":\"https:\/\/stafimy.com\/#organization\"},\"potentialAction\":[{\"@type\":\"SearchAction\",\"target\":{\"@type\":\"EntryPoint\",\"urlTemplate\":\"https:\/\/stafimy.com\/?s={search_term_string}\"},\"query-input\":{\"@type\":\"PropertyValueSpecification\",\"valueRequired\":true,\"valueName\":\"search_term_string\"}}],\"inLanguage\":\"ar\"},{\"@type\":\"Organization\",\"@id\":\"https:\/\/stafimy.com\/#organization\",\"name\":\"Stafimy\",\"url\":\"https:\/\/stafimy.com\/\",\"logo\":{\"@type\":\"ImageObject\",\"inLanguage\":\"ar\",\"@id\":\"https:\/\/stafimy.com\/#\/schema\/logo\/image\/\",\"url\":\"https:\/\/stafimy.com\/wp-content\/uploads\/2021\/09\/stafimy-8.png\",\"contentUrl\":\"https:\/\/stafimy.com\/wp-content\/uploads\/2021\/09\/stafimy-8.png\",\"width\":500,\"height\":500,\"caption\":\"Stafimy\"},\"image\":{\"@id\":\"https:\/\/stafimy.com\/#\/schema\/logo\/image\/\"}}]}<\/script>\n<!-- \/ Yoast SEO plugin. -->","yoast_head_json":{"title":"KVKK Ayd\u0131nlatma Metni - Stafimy","robots":{"index":"index","follow":"follow","max-snippet":"max-snippet:-1","max-image-preview":"max-image-preview:large","max-video-preview":"max-video-preview:-1"},"canonical":"https:\/\/stafimy.com\/kvkk-aydinlatma-metni\/","og_locale":"ar_AR","og_type":"article","og_title":"KVKK Ayd\u0131nlatma Metni - Stafimy","og_url":"https:\/\/stafimy.com\/kvkk-aydinlatma-metni\/","og_site_name":"Stafimy","article_modified_time":"2021-12-05T13:55:43+00:00","twitter_card":"summary_large_image","twitter_misc":{"Est. reading time":"5 minutes"},"schema":{"@context":"https:\/\/schema.org","@graph":[{"@type":"WebPage","@id":"https:\/\/stafimy.com\/kvkk-aydinlatma-metni\/","url":"https:\/\/stafimy.com\/kvkk-aydinlatma-metni\/","name":"KVKK Ayd\u0131nlatma Metni - Stafimy","isPartOf":{"@id":"https:\/\/stafimy.com\/#website"},"datePublished":"2021-11-22T20:46:20+00:00","dateModified":"2021-12-05T13:55:43+00:00","breadcrumb":{"@id":"https:\/\/stafimy.com\/kvkk-aydinlatma-metni\/#breadcrumb"},"inLanguage":"ar","potentialAction":[{"@type":"ReadAction","target":["https:\/\/stafimy.com\/kvkk-aydinlatma-metni\/"]}]},{"@type":"BreadcrumbList","@id":"https:\/\/stafimy.com\/kvkk-aydinlatma-metni\/#breadcrumb","itemListElement":[{"@type":"ListItem","position":1,"name":"Home","item":"https:\/\/stafimy.com\/"},{"@type":"ListItem","position":2,"name":"KVKK Ayd\u0131nlatma Metni"}]},{"@type":"WebSite","@id":"https:\/\/stafimy.com\/#website","url":"https:\/\/stafimy.com\/","name":"Stafimy","description":"\u0628\u062d\u062b  \u0645\u0648\u0627\u0631\u062f  \u062f\u0639\u0645","publisher":{"@id":"https:\/\/stafimy.com\/#organization"},"potentialAction":[{"@type":"SearchAction","target":{"@type":"EntryPoint","urlTemplate":"https:\/\/stafimy.com\/?s={search_term_string}"},"query-input":{"@type":"PropertyValueSpecification","valueRequired":true,"valueName":"search_term_string"}}],"inLanguage":"ar"},{"@type":"Organization","@id":"https:\/\/stafimy.com\/#organization","name":"Stafimy","url":"https:\/\/stafimy.com\/","logo":{"@type":"ImageObject","inLanguage":"ar","@id":"https:\/\/stafimy.com\/#\/schema\/logo\/image\/","url":"https:\/\/stafimy.com\/wp-content\/uploads\/2021\/09\/stafimy-8.png","contentUrl":"https:\/\/stafimy.com\/wp-content\/uploads\/2021\/09\/stafimy-8.png","width":500,"height":500,"caption":"Stafimy"},"image":{"@id":"https:\/\/stafimy.com\/#\/schema\/logo\/image\/"}}]}},"_links":{"self":[{"href":"https:\/\/stafimy.com\/ar\/wp-json\/wp\/v2\/pages\/6090","targetHints":{"allow":["GET"]}}],"collection":[{"href":"https:\/\/stafimy.com\/ar\/wp-json\/wp\/v2\/pages"}],"about":[{"href":"https:\/\/stafimy.com\/ar\/wp-json\/wp\/v2\/types\/page"}],"author":[{"embeddable":true,"href":"https:\/\/stafimy.com\/ar\/wp-json\/wp\/v2\/users\/1"}],"replies":[{"embeddable":true,"href":"https:\/\/stafimy.com\/ar\/wp-json\/wp\/v2\/comments?post=6090"}],"version-history":[{"count":0,"href":"https:\/\/stafimy.com\/ar\/wp-json\/wp\/v2\/pages\/6090\/revisions"}],"wp:attachment":[{"href":"https:\/\/stafimy.com\/ar\/wp-json\/wp\/v2\/media?parent=6090"}],"curies":[{"name":"wp","href":"https:\/\/api.w.org\/{rel}","templated":true}]}}