{"id":3155,"date":"2020-05-11T15:51:22","date_gmt":"2020-05-11T12:51:22","guid":{"rendered":"https:\/\/cariera.co\/new\/?page_id=3155"},"modified":"2025-05-15T23:26:37","modified_gmt":"2025-05-15T20:26:37","slug":"about-us","status":"publish","type":"page","link":"https:\/\/stafimy.com\/ar\/pages\/about-us\/","title":{"rendered":"About Us"},"content":{"rendered":"<h1>About Stafimy<\/h1>\n<h3>Efficient HR Solutions for Seamless Operations in T\u00fcrkiye<\/h3>\n<h2>We Are Stafimy<\/h2>\n<p style=\"text-align: justify;\" data-start=\"93\" data-end=\"507\">Established in 2012, Stafimy (previously <em data-start=\"138\" data-end=\"148\">Expatuci<\/em>), a part of Sad\u0131k S\u00f6zer \u00c7izmeci Consultancy, has emerged as a leading provider of strategic recruitment, HR consultancy, and professional employer organization services in T\u00fcrkiye. Our comprehensive suite of solutions is tailored for both for-profit and non-profit organizations looking to establish or expand their operations in this dynamic market.<\/p>\n<p style=\"text-align: justify;\" data-start=\"509\" data-end=\"844\">As a registered Private Employment Office, certified under <em data-start=\"568\" data-end=\"643\">Sad\u0131k S\u00f6zer \u00c7izmeci Dan\u0131\u015fmanl\u0131k \u0130nsan Kaynaklar\u0131 \u0130\u015f G\u00fcc\u00fc Temini Ltd. \u015eti.<\/em>, with certification number 1310, valid from November 29, 2024, through November 28, 2027, we operate in full compliance with the regulations and standards set by the Turkish Employment Agency.<\/p>\n<p style=\"text-align: justify;\" data-start=\"846\" data-end=\"1428\">With a profound understanding of the Turkish business landscape and specialized expertise in HR consultancy, Stafimy offers a wide range of services to cater to your employment and human resources needs. In addition to our core offerings \u2014 strategic recruitment, HR advisory, and PEO services \u2014 we bring strong expertise in immigration and relocation consultancy. We support international organizations and expatriate professionals with tailored solutions for work permits, residence applications, and seamless integration into T\u00fcrkiye\u2019s regulatory and cultural environment.<\/p>\n<p style=\"text-align: justify;\" data-start=\"1430\" data-end=\"1682\" data-is-last-node=\"\" data-is-only-node=\"\">Whether you require end-to-end workforce management, compliant onboarding of foreign talent, or relocation support for executives and teams, Stafimy delivers customized, compliant, and scalable solutions aligned with your organizational objectives.<\/p>\n<p>\t\t\t\t\t\t\t\t\t\t\t\t\t\t\t<img fetchpriority=\"high\" decoding=\"async\" width=\"2560\" height=\"1707\" src=\"https:\/\/stafimy.com\/wp-content\/uploads\/2023\/07\/two-adults-team-work-2022-12-15-06-50-57-utc-scaled.jpg\" alt=\"\" srcset=\"https:\/\/stafimy.com\/wp-content\/uploads\/2023\/07\/two-adults-team-work-2022-12-15-06-50-57-utc-scaled.jpg 2560w, https:\/\/stafimy.com\/wp-content\/uploads\/2023\/07\/two-adults-team-work-2022-12-15-06-50-57-utc-300x200.jpg 300w, https:\/\/stafimy.com\/wp-content\/uploads\/2023\/07\/two-adults-team-work-2022-12-15-06-50-57-utc-1024x683.jpg 1024w, https:\/\/stafimy.com\/wp-content\/uploads\/2023\/07\/two-adults-team-work-2022-12-15-06-50-57-utc-768x512.jpg 768w, https:\/\/stafimy.com\/wp-content\/uploads\/2023\/07\/two-adults-team-work-2022-12-15-06-50-57-utc-1536x1024.jpg 1536w, https:\/\/stafimy.com\/wp-content\/uploads\/2023\/07\/two-adults-team-work-2022-12-15-06-50-57-utc-2048x1365.jpg 2048w, https:\/\/stafimy.com\/wp-content\/uploads\/2023\/07\/two-adults-team-work-2022-12-15-06-50-57-utc-50x33.jpg 50w, https:\/\/stafimy.com\/wp-content\/uploads\/2023\/07\/two-adults-team-work-2022-12-15-06-50-57-utc-100x67.jpg 100w\" sizes=\"(max-width: 2560px) 100vw, 2560px\" \/><br \/>\n\t\t\t<svg xmlns=\"http:\/\/www.w3.org\/2000\/svg\" id=\"bee40f27-5902-4395-a8a1-92c126eb9e09\" data-name=\"Layer 1\" width=\"56\" height=\"26\" viewBox=\"0 0 56 26\"><title>icon About<\/title><path d=\"M43,0a13,13,0,0,0,0,26H56V13A13,13,0,0,0,43,0Z\" style=\"fill-rule:evenodd\"><\/path><path d=\"M13,0H0V13A13,13,0,1,0,13,0Z\" style=\"fill-rule:evenodd\"><\/path><\/svg>\t\t\t<\/p>\n<h2>Our mission is to be the trusted partner for businesses in T\u00fcrkiye, empowering their growth and success through <b>  Innovative and Comprehensive HR Solutions.<\/b><\/h2>\n<h2>Why Choose Stafimy<\/h2>\n<h4>Personalized and Client-Centric Approach<\/h4>\n<p>\u00a0At Stafimy, we believe in building strong relationships with our clients. We take the time to understand your specific requirements, challenges, and goals, and tailor our HR solutions accordingly. Our client-centric approach means that you receive personalized attention and support throughout our partnership, ensuring your satisfaction and success.<\/p>\n<h4>Expertise in the Turkish Business Landscape<\/h4>\n<p>With our profound understanding of the Turkish business environment, we provide valuable insights and guidance that help you navigate the unique challenges and cultural nuances of the Turkish market. Our expertise ensures that your HR strategies and practices are aligned with local customs and regulations.<\/p>\n<h4>Compliance and Risk Mitigation<\/h4>\n<p>Staying compliant with local labor laws, regulations, and employment practices is crucial to the success of your business in T\u00fcrkiye. By partnering with Stafimy, you can rely on our deep knowledge of local employment laws and our commitment to compliance, minimizing legal risks and ensuring a smooth and compliant HR operation.<\/p>\n<h4>Comprehensive Suite of HR Solutions<\/h4>\n<p>Stafimy offers a wide range of HR solutions, including strategic recruitment, HR consultancy, and professional employer organization (PEO) services. Whether you need assistance with finding top talent, optimizing your HR processes, or managing employment compliance, we have the expertise and experience to deliver customized solutions tailored to your organizational needs.<\/p>\n<p>https:\/\/youtu.be\/EflQnf00qLU\t\t<\/p>\n<h3>Stafimy Recruitment Services<\/h3>\n<h2>Connecting Talent with Opportunity in T\u00fcrkiye<\/h2>\n<h2>#JustaCVaway<\/h2>\n<p>Our Recruitment Services team takes a personalized approach to understand your unique requirements, ensuring that we present you with a highly qualified pool of candidates. With a focus on innovation, industry insights, and a rigorous selection process, we identify individuals who possess the right skills, experience, and potential to excel in your organization.<\/p>\n<p>Harnessing the power of social media, we maximize our reach and tap into an extensive network of talented professionals. By leveraging social media platforms strategically, we connect with candidates who may not be actively seeking opportunities but are a perfect match for your organization.<\/p>\n<figure><img decoding=\"async\" data-src=\"https:\/\/stafimy.com\/wp-content\/uploads\/2023\/06\/1.png\" alt=\"1\" src=\"data:image\/gif;base64,R0lGODlhAQABAAAAACH5BAEKAAEALAAAAAABAAEAAAICTAEAOw==\" class=\"lazyload\" style=\"--smush-placeholder-width: 1080px; --smush-placeholder-aspect-ratio: 1080\/1080;\" \/><\/figure>\n<figure><img decoding=\"async\" data-src=\"https:\/\/stafimy.com\/wp-content\/uploads\/2023\/06\/2.png\" alt=\"2\" src=\"data:image\/gif;base64,R0lGODlhAQABAAAAACH5BAEKAAEALAAAAAABAAEAAAICTAEAOw==\" class=\"lazyload\" style=\"--smush-placeholder-width: 1080px; --smush-placeholder-aspect-ratio: 1080\/1080;\" \/><\/figure>\n<figure><img decoding=\"async\" data-src=\"https:\/\/stafimy.com\/wp-content\/uploads\/2023\/06\/3-1.png\" alt=\"3\" src=\"data:image\/gif;base64,R0lGODlhAQABAAAAACH5BAEKAAEALAAAAAABAAEAAAICTAEAOw==\" class=\"lazyload\" style=\"--smush-placeholder-width: 1080px; --smush-placeholder-aspect-ratio: 1080\/1080;\" \/><\/figure>\n<figure><img decoding=\"async\" data-src=\"https:\/\/stafimy.com\/wp-content\/uploads\/2023\/06\/6-1.png\" alt=\"6\" src=\"data:image\/gif;base64,R0lGODlhAQABAAAAACH5BAEKAAEALAAAAAABAAEAAAICTAEAOw==\" class=\"lazyload\" style=\"--smush-placeholder-width: 1080px; --smush-placeholder-aspect-ratio: 1080\/1080;\" \/><\/figure>\n<figure><img decoding=\"async\" data-src=\"https:\/\/stafimy.com\/wp-content\/uploads\/2023\/06\/5-1.png\" alt=\"5\" src=\"data:image\/gif;base64,R0lGODlhAQABAAAAACH5BAEKAAEALAAAAAABAAEAAAICTAEAOw==\" class=\"lazyload\" style=\"--smush-placeholder-width: 1080px; --smush-placeholder-aspect-ratio: 1080\/1080;\" \/><\/figure>\n<figure><img decoding=\"async\" data-src=\"https:\/\/stafimy.com\/wp-content\/uploads\/2023\/06\/4-1.png\" alt=\"4\" src=\"data:image\/gif;base64,R0lGODlhAQABAAAAACH5BAEKAAEALAAAAAABAAEAAAICTAEAOw==\" class=\"lazyload\" style=\"--smush-placeholder-width: 1080px; --smush-placeholder-aspect-ratio: 1080\/1080;\" \/><\/figure>\n<h4>For any inquiries please email<\/h4>\n<h4>office@stafimy.com<\/h4>\n<p>\t\t\t\t\t<a href=\"https:\/\/www.linkedin.com\/company\/stafimy\" target=\"_blank\"><br \/>\n\t\t\t\t\t\tLinkedin<br \/>\n\t\t\t\t\t\t\t\t\t\t\t<\/a><br \/>\n\t\t\t\t\t<a href=\"https:\/\/www.instagram.com\/stafimyturkey\/\" target=\"_blank\"><br \/>\n\t\t\t\t\t\tInstagram<br \/>\n\t\t\t\t\t\t\t\t\t\t\t<\/a><br \/>\n\t\t\t\t\t<a href=\"https:\/\/twitter.com\/stafimyturkey\" target=\"_blank\"><br \/>\n\t\t\t\t\t\tX-twitter<br \/>\n\t\t\t\t\t\t\t\t\t\t\t<\/a><\/p>\n<h4>Smoothly Scale Your Business in Turkey!<\/h4>\n<p>\t\t\t\t\t<a href=\"#about\"><br \/>\n\t\t\t\t\t\t\t\t\tContact Us<br \/>\n\t\t\t\t\t<\/a><br \/>\n\t\t\t\t\t\t\t\t\t\t\t\t\t\t\t<img decoding=\"async\" width=\"2560\" height=\"1707\" data-src=\"https:\/\/stafimy.com\/wp-content\/uploads\/2023\/06\/two-happy-friendly-diverse-professionals-giving-hi-2021-09-02-14-46-49-utc-scaled.jpg\" alt=\"\" data-srcset=\"https:\/\/stafimy.com\/wp-content\/uploads\/2023\/06\/two-happy-friendly-diverse-professionals-giving-hi-2021-09-02-14-46-49-utc-scaled.jpg 2560w, https:\/\/stafimy.com\/wp-content\/uploads\/2023\/06\/two-happy-friendly-diverse-professionals-giving-hi-2021-09-02-14-46-49-utc-300x200.jpg 300w, https:\/\/stafimy.com\/wp-content\/uploads\/2023\/06\/two-happy-friendly-diverse-professionals-giving-hi-2021-09-02-14-46-49-utc-1024x683.jpg 1024w, https:\/\/stafimy.com\/wp-content\/uploads\/2023\/06\/two-happy-friendly-diverse-professionals-giving-hi-2021-09-02-14-46-49-utc-768x512.jpg 768w, https:\/\/stafimy.com\/wp-content\/uploads\/2023\/06\/two-happy-friendly-diverse-professionals-giving-hi-2021-09-02-14-46-49-utc-1536x1024.jpg 1536w, https:\/\/stafimy.com\/wp-content\/uploads\/2023\/06\/two-happy-friendly-diverse-professionals-giving-hi-2021-09-02-14-46-49-utc-2048x1365.jpg 2048w\" data-sizes=\"(max-width: 2560px) 100vw, 2560px\" src=\"data:image\/gif;base64,R0lGODlhAQABAAAAACH5BAEKAAEALAAAAAABAAEAAAICTAEAOw==\" class=\"lazyload\" style=\"--smush-placeholder-width: 2560px; --smush-placeholder-aspect-ratio: 2560\/1707;\" \/><\/p>\n","protected":false},"excerpt":{"rendered":"<p>About Stafimy Efficient HR Solutions for Seamless Operations in T\u00fcrkiye We Are Stafimy Established in 2012, Stafimy (previously Expatuci), a part of Sad\u0131k S\u00f6zer \u00c7izmeci Consultancy, has emerged as a leading provider of strategic recruitment, HR consultancy, and professional employer organization services in T\u00fcrkiye. Our comprehensive suite of solutions is tailored for both for-profit and [&hellip;]<\/p>\n","protected":false},"author":1,"featured_media":0,"parent":185,"menu_order":0,"comment_status":"closed","ping_status":"closed","template":"elementor_header_footer","meta":{"_monsterinsights_skip_tracking":false,"_monsterinsights_sitenote_active":false,"_monsterinsights_sitenote_note":"","_monsterinsights_sitenote_category":0,"footnotes":""},"class_list":["post-3155","page","type-page","status-publish","hentry"],"translation":{"provider":"WPGlobus","version":"3.0.0","language":"ar","enabled_languages":["en","tr","ar","ru"],"languages":{"en":{"title":true,"content":true,"excerpt":false},"tr":{"title":true,"content":true,"excerpt":false},"ar":{"title":false,"content":false,"excerpt":false},"ru":{"title":false,"content":false,"excerpt":false}}},"yoast_head":"<!-- This site is optimized with the Yoast SEO plugin v25.1 - https:\/\/yoast.com\/wordpress\/plugins\/seo\/ -->\n<title>- Stafimy<\/title>\n<meta name=\"robots\" content=\"index, follow, max-snippet:-1, max-image-preview:large, max-video-preview:-1\" \/>\n<link rel=\"canonical\" href=\"https:\/\/stafimy.com\/pages\/about-us\/\" \/>\n<meta property=\"og:locale\" content=\"ar_AR\" \/>\n<meta property=\"og:type\" content=\"article\" \/>\n<meta property=\"og:title\" content=\"- Stafimy\" \/>\n<meta property=\"og:url\" content=\"https:\/\/stafimy.com\/pages\/about-us\/\" \/>\n<meta property=\"og:site_name\" content=\"Stafimy\" \/>\n<meta property=\"article:modified_time\" content=\"2025-05-15T20:26:37+00:00\" \/>\n<meta property=\"og:image\" content=\"https:\/\/stafimy.com\/wp-content\/uploads\/2023\/07\/two-adults-team-work-2022-12-15-06-50-57-utc-scaled.jpg\" \/>\n\t<meta property=\"og:image:width\" content=\"2560\" \/>\n\t<meta property=\"og:image:height\" content=\"1707\" \/>\n\t<meta property=\"og:image:type\" content=\"image\/jpeg\" \/>\n<meta name=\"twitter:card\" content=\"summary_large_image\" \/>\n<meta name=\"twitter:label1\" content=\"Est. reading time\" \/>\n\t<meta name=\"twitter:data1\" content=\"6 minutes\" \/>\n<script type=\"application\/ld+json\" class=\"yoast-schema-graph\">{\"@context\":\"https:\/\/schema.org\",\"@graph\":[{\"@type\":\"WebPage\",\"@id\":\"https:\/\/stafimy.com\/pages\/about-us\/\",\"url\":\"https:\/\/stafimy.com\/pages\/about-us\/\",\"name\":\"- Stafimy\",\"isPartOf\":{\"@id\":\"https:\/\/stafimy.com\/#website\"},\"primaryImageOfPage\":{\"@id\":\"https:\/\/stafimy.com\/pages\/about-us\/#primaryimage\"},\"image\":{\"@id\":\"https:\/\/stafimy.com\/pages\/about-us\/#primaryimage\"},\"thumbnailUrl\":\"https:\/\/stafimy.com\/wp-content\/uploads\/2023\/07\/two-adults-team-work-2022-12-15-06-50-57-utc-scaled.jpg\",\"datePublished\":\"2020-05-11T12:51:22+00:00\",\"dateModified\":\"2025-05-15T20:26:37+00:00\",\"breadcrumb\":{\"@id\":\"https:\/\/stafimy.com\/pages\/about-us\/#breadcrumb\"},\"inLanguage\":\"ar\",\"potentialAction\":[{\"@type\":\"ReadAction\",\"target\":[\"https:\/\/stafimy.com\/pages\/about-us\/\"]}]},{\"@type\":\"ImageObject\",\"inLanguage\":\"ar\",\"@id\":\"https:\/\/stafimy.com\/pages\/about-us\/#primaryimage\",\"url\":\"https:\/\/stafimy.com\/wp-content\/uploads\/2023\/07\/two-adults-team-work-2022-12-15-06-50-57-utc-scaled.jpg\",\"contentUrl\":\"https:\/\/stafimy.com\/wp-content\/uploads\/2023\/07\/two-adults-team-work-2022-12-15-06-50-57-utc-scaled.jpg\"},{\"@type\":\"BreadcrumbList\",\"@id\":\"https:\/\/stafimy.com\/pages\/about-us\/#breadcrumb\",\"itemListElement\":[{\"@type\":\"ListItem\",\"position\":1,\"name\":\"Home\",\"item\":\"https:\/\/stafimy.com\/\"},{\"@type\":\"ListItem\",\"position\":2,\"name\":\"Pages\",\"item\":\"https:\/\/stafimy.com\/pages\/\"},{\"@type\":\"ListItem\",\"position\":3,\"name\":\"About Us\"}]},{\"@type\":\"WebSite\",\"@id\":\"https:\/\/stafimy.com\/#website\",\"url\":\"https:\/\/stafimy.com\/\",\"name\":\"Stafimy\",\"description\":\"\u0628\u062d\u062b  \u0645\u0648\u0627\u0631\u062f  \u062f\u0639\u0645\",\"publisher\":{\"@id\":\"https:\/\/stafimy.com\/#organization\"},\"potentialAction\":[{\"@type\":\"SearchAction\",\"target\":{\"@type\":\"EntryPoint\",\"urlTemplate\":\"https:\/\/stafimy.com\/?s={search_term_string}\"},\"query-input\":{\"@type\":\"PropertyValueSpecification\",\"valueRequired\":true,\"valueName\":\"search_term_string\"}}],\"inLanguage\":\"ar\"},{\"@type\":\"Organization\",\"@id\":\"https:\/\/stafimy.com\/#organization\",\"name\":\"Stafimy\",\"url\":\"https:\/\/stafimy.com\/\",\"logo\":{\"@type\":\"ImageObject\",\"inLanguage\":\"ar\",\"@id\":\"https:\/\/stafimy.com\/#\/schema\/logo\/image\/\",\"url\":\"https:\/\/stafimy.com\/wp-content\/uploads\/2021\/09\/stafimy-8.png\",\"contentUrl\":\"https:\/\/stafimy.com\/wp-content\/uploads\/2021\/09\/stafimy-8.png\",\"width\":500,\"height\":500,\"caption\":\"Stafimy\"},\"image\":{\"@id\":\"https:\/\/stafimy.com\/#\/schema\/logo\/image\/\"}}]}<\/script>\n<!-- \/ Yoast SEO plugin. -->","yoast_head_json":{"title":"- Stafimy","robots":{"index":"index","follow":"follow","max-snippet":"max-snippet:-1","max-image-preview":"max-image-preview:large","max-video-preview":"max-video-preview:-1"},"canonical":"https:\/\/stafimy.com\/pages\/about-us\/","og_locale":"ar_AR","og_type":"article","og_title":"- Stafimy","og_url":"https:\/\/stafimy.com\/pages\/about-us\/","og_site_name":"Stafimy","article_modified_time":"2025-05-15T20:26:37+00:00","og_image":[{"width":2560,"height":1707,"url":"https:\/\/stafimy.com\/wp-content\/uploads\/2023\/07\/two-adults-team-work-2022-12-15-06-50-57-utc-scaled.jpg","type":"image\/jpeg"}],"twitter_card":"summary_large_image","twitter_misc":{"Est. reading time":"6 minutes"},"schema":{"@context":"https:\/\/schema.org","@graph":[{"@type":"WebPage","@id":"https:\/\/stafimy.com\/pages\/about-us\/","url":"https:\/\/stafimy.com\/pages\/about-us\/","name":"- Stafimy","isPartOf":{"@id":"https:\/\/stafimy.com\/#website"},"primaryImageOfPage":{"@id":"https:\/\/stafimy.com\/pages\/about-us\/#primaryimage"},"image":{"@id":"https:\/\/stafimy.com\/pages\/about-us\/#primaryimage"},"thumbnailUrl":"https:\/\/stafimy.com\/wp-content\/uploads\/2023\/07\/two-adults-team-work-2022-12-15-06-50-57-utc-scaled.jpg","datePublished":"2020-05-11T12:51:22+00:00","dateModified":"2025-05-15T20:26:37+00:00","breadcrumb":{"@id":"https:\/\/stafimy.com\/pages\/about-us\/#breadcrumb"},"inLanguage":"ar","potentialAction":[{"@type":"ReadAction","target":["https:\/\/stafimy.com\/pages\/about-us\/"]}]},{"@type":"ImageObject","inLanguage":"ar","@id":"https:\/\/stafimy.com\/pages\/about-us\/#primaryimage","url":"https:\/\/stafimy.com\/wp-content\/uploads\/2023\/07\/two-adults-team-work-2022-12-15-06-50-57-utc-scaled.jpg","contentUrl":"https:\/\/stafimy.com\/wp-content\/uploads\/2023\/07\/two-adults-team-work-2022-12-15-06-50-57-utc-scaled.jpg"},{"@type":"BreadcrumbList","@id":"https:\/\/stafimy.com\/pages\/about-us\/#breadcrumb","itemListElement":[{"@type":"ListItem","position":1,"name":"Home","item":"https:\/\/stafimy.com\/"},{"@type":"ListItem","position":2,"name":"Pages","item":"https:\/\/stafimy.com\/pages\/"},{"@type":"ListItem","position":3,"name":"About Us"}]},{"@type":"WebSite","@id":"https:\/\/stafimy.com\/#website","url":"https:\/\/stafimy.com\/","name":"Stafimy","description":"\u0628\u062d\u062b  \u0645\u0648\u0627\u0631\u062f  \u062f\u0639\u0645","publisher":{"@id":"https:\/\/stafimy.com\/#organization"},"potentialAction":[{"@type":"SearchAction","target":{"@type":"EntryPoint","urlTemplate":"https:\/\/stafimy.com\/?s={search_term_string}"},"query-input":{"@type":"PropertyValueSpecification","valueRequired":true,"valueName":"search_term_string"}}],"inLanguage":"ar"},{"@type":"Organization","@id":"https:\/\/stafimy.com\/#organization","name":"Stafimy","url":"https:\/\/stafimy.com\/","logo":{"@type":"ImageObject","inLanguage":"ar","@id":"https:\/\/stafimy.com\/#\/schema\/logo\/image\/","url":"https:\/\/stafimy.com\/wp-content\/uploads\/2021\/09\/stafimy-8.png","contentUrl":"https:\/\/stafimy.com\/wp-content\/uploads\/2021\/09\/stafimy-8.png","width":500,"height":500,"caption":"Stafimy"},"image":{"@id":"https:\/\/stafimy.com\/#\/schema\/logo\/image\/"}}]}},"_links":{"self":[{"href":"https:\/\/stafimy.com\/ar\/wp-json\/wp\/v2\/pages\/3155","targetHints":{"allow":["GET"]}}],"collection":[{"href":"https:\/\/stafimy.com\/ar\/wp-json\/wp\/v2\/pages"}],"about":[{"href":"https:\/\/stafimy.com\/ar\/wp-json\/wp\/v2\/types\/page"}],"author":[{"embeddable":true,"href":"https:\/\/stafimy.com\/ar\/wp-json\/wp\/v2\/users\/1"}],"replies":[{"embeddable":true,"href":"https:\/\/stafimy.com\/ar\/wp-json\/wp\/v2\/comments?post=3155"}],"version-history":[{"count":39,"href":"https:\/\/stafimy.com\/ar\/wp-json\/wp\/v2\/pages\/3155\/revisions"}],"predecessor-version":[{"id":16948,"href":"https:\/\/stafimy.com\/ar\/wp-json\/wp\/v2\/pages\/3155\/revisions\/16948"}],"up":[{"embeddable":true,"href":"https:\/\/stafimy.com\/ar\/wp-json\/wp\/v2\/pages\/185"}],"wp:attachment":[{"href":"https:\/\/stafimy.com\/ar\/wp-json\/wp\/v2\/media?parent=3155"}],"curies":[{"name":"wp","href":"https:\/\/api.w.org\/{rel}","templated":true}]}}